{"id":1643,"date":"2024-07-10T18:36:59","date_gmt":"2024-07-10T18:36:59","guid":{"rendered":"https:\/\/jackpotgenius.ai\/lotteries-winning-probabilities\/"},"modified":"2025-09-07T14:43:41","modified_gmt":"2025-09-07T14:43:41","slug":"sannolikheter-for-lotterivinster","status":"publish","type":"page","link":"https:\/\/jackpotgenius.ai\/sv\/sannolikheter-for-lotterivinster\/","title":{"rendered":"Sannolikheter f\u00f6r lotterivinster"},"content":{"rendered":"\n\n<h1 class=\"wp-block-heading\">Lotterier vinnande sannolikheter<\/h1>\n\n\n\n\n\n<h2 class=\"wp-block-heading\">Lotteri odds och resultat sida<\/h2>\n\n\n\n\n\n<p>V\u00e4lkommen till din ultimata destination f\u00f6r omfattande lotteriinsikt! H\u00e4r tillhandah\u00e5ller vi uppdaterade lotteriresultat, detaljerade prisuppdelningar och dragningsresultat f\u00f6r att h\u00e5lla dig informerad om de senaste h\u00e4ndelserna i lotteriv\u00e4rlden. Oavsett om du \u00e4r en erfaren spelare eller en nykomling \u00e4r v\u00e5ra resurser utformade f\u00f6r att f\u00f6rb\u00e4ttra din lotteriupplevelse.<\/p>\n\n\n\n\n\n<h3 class=\"wp-block-heading\">Lotterieresultat och dragningsresultat<\/h3>\n\n\n\n\n\n<p>H\u00e5ll dig uppdaterad med de senaste lotteriresultaten och dragningsresultaten. Vi erbjuder uppdateringar i realtid p\u00e5 alla st\u00f6rre lotterier f\u00f6r att s\u00e4kerst\u00e4lla att du aldrig missar ett vinnande nummer. V\u00e5r plattform g\u00f6r att du snabbt kan komma \u00e5t dragningsresultat och se om du \u00e4r en lycklig vinnare.<\/p>\n\n\n\n\n\n<h3 class=\"wp-block-heading\">F\u00f6rdelning av priser<\/h3>\n\n\n\n\n\n<p>Nyfiken p\u00e5 vad du kan vinna? Kolla in v\u00e5ra detaljerade prisuppdelningar f\u00f6r varje lotteridragning. F\u00f6rst\u00e5 de olika prisniv\u00e5erna och vad du kan vinna med varje vinnande kombination. V\u00e5ra omfattande uppdelningar hj\u00e4lper dig att f\u00f6rst\u00e5 hela utbudet av potentiella vinster.<\/p>\n\n\n\n\n\n<h3 class=\"wp-block-heading\">Lottostatistik och frekventa nummer<\/h3>\n\n\n\n\n\n<p>\u00d6ka dina chanser att vinna med v\u00e5r omfattande lotteristatistik och analys av popul\u00e4ra nummer. Utforska historiska data, uppt\u00e4ck m\u00f6nster och identifiera de mest frekvent dragna numren. Anv\u00e4nd dessa insikter f\u00f6r att fatta v\u00e4lgrundade beslut och planera ditt nummerval f\u00f6r framtida dragningar.<\/p>\n\n\n\n\n\n<h3 class=\"wp-block-heading\">Online Lotto och Online Lotto Resultat<\/h3>\n\n\n\n\n\n<p>Spela och kontrollera dina lotter online med l\u00e4tthet. V\u00e5r plattform st\u00f6der deltagande i lotterier online s\u00e5 att du kan spela dina favoritlotterier bekv\u00e4mt fr\u00e5n ditt eget hem. H\u00e5ll dig informerad med omedelbar tillg\u00e5ng till lotteriresultat online s\u00e5 att du alltid vet vad som g\u00e4ller.<\/p>\n\n\n\n\n\n<p>G\u00e5 med i v\u00e5r gemenskap av lotterientusiaster och dra nytta av v\u00e5ra omfattande resurser. Oavsett om du kontrollerar resultat, analyserar statistik eller utforskar lotterialternativ online, har vi allt du beh\u00f6ver f\u00f6r att f\u00f6rb\u00e4ttra din lotteriupplevelse. Lycka till och m\u00e5 din n\u00e4sta lott vara en vinnare!<\/p>\n\n\n\n\n\n<h2 class=\"wp-block-heading\">Sannolikheter f\u00f6r att vinna EuroJackpot<\/h2>\n\n\n\n\n\n<figure class=\"wp-block-table\"><table><thead><tr><th>Kategorier av priser<\/th><th>Antal korrekta<\/th><th>chans<\/th><\/tr><\/thead><tbody><tr><td>1<\/td><td>5 r\u00e4tt 2 Euro-nummer<\/td><td>1:139,838,160<\/td><\/tr><tr><td>2<\/td><td>5 korrekta 1 Euro-nummer<\/td><td>1:6,991,908<\/td><\/tr><tr><td>3<\/td><td>5 korrekt<\/td><td>1:3,107,515<\/td><\/tr><tr><td>4<\/td><td>4 korrekt 2 Euro-nummer<\/td><td>1:621.503<\/td><\/tr><tr><td>5<\/td><td>4 korrekt 1 Euro-nummer<\/td><td>1:31.075<\/td><\/tr><tr><td>6<\/td><td>3 korrekta 2 Euro-nummer<\/td><td>1:14.125<\/td><\/tr><tr><td>7<\/td><td>4 korrekt<\/td><td>1:13.811<\/td><\/tr><tr><td>8:e<\/td><td>2 korrekta 2 Euro-nummer<\/td><td>1:985<\/td><\/tr><tr><td>9<\/td><td>3 korrekta 1 Euro-nummer<\/td><td>1:706<\/td><\/tr><tr><td>10<\/td><td>3 korrekta<\/td><td>1:314<\/td><\/tr><tr><td>11<\/td><td>1 korrekt 2 Euro-nummer<\/td><td>1:188<\/td><\/tr><tr><td>12<\/td><td>2 korrekta 1 Euro-nummer<\/td><td>1:49<\/td><\/tr><\/tbody><\/table><\/figure>\n\n\n\n\n\n\n\n\n\n<p><\/p>\n\n\n\n\n\n<h2 class=\"wp-block-heading\">Oddsen f\u00f6r att vinna EuroMillions<\/h2>\n\n\n\n\n\n<figure class=\"wp-block-table\"><table><thead><tr><th>Kategorier av priser<\/th><th>Antal korrekta<\/th><th>chans<\/th><\/tr><\/thead><tbody><tr><td>1<\/td><td>5 korrekta 2-stj\u00e4rniga nummer<\/td><td>1:139,838,160<\/td><\/tr><tr><td>2<\/td><td>5 r\u00e4tt 1 stj\u00e4rnnummer<\/td><td>1:6,991,908<\/td><\/tr><tr><td>3<\/td><td>5 r\u00e4tt<\/td><td>1:3,107,515<\/td><\/tr><tr><td>4<\/td><td>4 korrekta 2 stj\u00e4rnnummer<\/td><td>1:621.503<\/td><\/tr><tr><td>5<\/td><td>4 korrekta 1 stj\u00e4rnnummer<\/td><td>1:31.075<\/td><\/tr><tr><td>6<\/td><td>3 korrekta 2 stj\u00e4rnnummer<\/td><td>1:14.125<\/td><\/tr><tr><td>7<\/td><td>4 korrekta<\/td><td>1:13.811<\/td><\/tr><tr><td>8:e<\/td><td>2 korrekta 2 stj\u00e4rnnummer<\/td><td>1:985<\/td><\/tr><tr><td>9<\/td><td>3 korrekta 1 stj\u00e4rnnummer<\/td><td>1:706<\/td><\/tr><tr><td>10<\/td><td>3 korrekta<\/td><td>1:314<\/td><\/tr><tr><td>11<\/td><td>1 korrekt 2 stj\u00e4rnnummer<\/td><td>1:188<\/td><\/tr><tr><td>12<\/td><td>2 korrekta 1 stj\u00e4rnnummer<\/td><td>1:49<\/td><\/tr><tr><td>13<\/td><td>2 korrekta<\/td><td>1:22<\/td><\/tr><\/tbody><\/table><\/figure>\n\n\n\n\n\n\n\n\n\n<h2 class=\"wp-block-heading\">Sannolikheter f\u00f6r att vinna SuperLotto<\/h2>\n\n\n\n\n\n<figure class=\"wp-block-table\"><table><thead><tr><th>Kategorier av priser<\/th><th>Antal r\u00e4tt<\/th><th>chans<\/th><\/tr><\/thead><tbody><tr><td>1<\/td><td>6 korrekta<\/td><td>1:622,614,630<\/td><\/tr><tr><td>2<\/td><td>5 r\u00e4tt ytterligare antal<\/td><td>1:103,779,105<\/td><\/tr><tr><td>3<\/td><td>5 korrekta<\/td><td>1:1,250,230<\/td><\/tr><tr><td>4<\/td><td>4 korrekt<\/td><td>1:11.907<\/td><\/tr><tr><td>5<\/td><td>3 korrekt<\/td><td>1:327<\/td><\/tr><tr><td>6<\/td><td>2 korrekta<\/td><td>1:22<\/td><\/tr><tr><td>7<\/td><td>1 korrekt<\/td><td>1:3<\/td><\/tr><\/tbody><\/table><\/figure>\n\n\n\n\n\n\n\n\n\n<h2 class=\"wp-block-heading\">Chanser att vinna MegaMillions<\/h2>\n\n\n\n\n\n<figure class=\"wp-block-table\"><table><thead><tr><th>Kategorier av priser<\/th><th>Antal korrekta<\/th><th>chans<\/th><\/tr><\/thead><tbody><tr><td>1<\/td><td>5 korrekt MegaBall<\/td><td>1:302,575,350<\/td><\/tr><tr><td>2<\/td><td>5 korrekta<\/td><td>1:12,607,306<\/td><\/tr><tr><td>3<\/td><td>4 r\u00e4tt MegaBall<\/td><td>1:913.001<\/td><\/tr><tr><td>4<\/td><td>4 korrekt<\/td><td>1:38.792<\/td><\/tr><tr><td>5<\/td><td>3 korrekt MegaBall<\/td><td>1:14.547<\/td><\/tr><tr><td>6<\/td><td>3 korrekta<\/td><td>1:606<\/td><\/tr><tr><td>7<\/td><td>2 korrekta MegaBall<\/td><td>1:693<\/td><\/tr><tr><td>\u00e5ttonde<\/td><td>1 r\u00e4tt MegaBall<\/td><td>1:89<\/td><\/tr><tr><td>9<\/td><td>0 r\u00e4tt MegaBall<\/td><td>1:37<\/td><\/tr><\/tbody><\/table><\/figure>\n\n\n\n\n\n\n\n\n\n<h2 class=\"wp-block-heading\">Sannolikheter f\u00f6r att vinna WorldMillions<\/h2>\n\n\n\n\n\n<figure class=\"wp-block-table\"><table><thead><tr><th>Kategorier av priser<\/th><th>Antal korrekta<\/th><th>chans<\/th><\/tr><\/thead><tbody><tr><td>1<\/td><td>8 sista siffrorna<\/td><td>1:100,000,000<\/td><\/tr><tr><td>2<\/td><td>7 sista siffrorna<\/td><td>1:11.111.111<\/td><\/tr><tr><td>3<\/td><td>6 sista siffrorna<\/td><td>1:1.111.111<\/td><\/tr><tr><td>4<\/td><td>5 sista siffrorna<\/td><td>1:111.111<\/td><\/tr><tr><td>5<\/td><td>4 sista siffrorna<\/td><td>1:11.111<\/td><\/tr><tr><td>6<\/td><td>3 sista siffrorna<\/td><td>1:1.111<\/td><\/tr><tr><td>7<\/td><td>2 sista siffrorna<\/td><td>1:111<\/td><\/tr><tr><td>8:e<\/td><td>1 sista siffra<\/td><td>1:11<\/td><\/tr><tr><td>9<\/td><td>1 inledande siffra<\/td><td>1:11<\/td><\/tr><tr><td>10<\/td><td>Slutlig siffra 1<\/td><td>1:11<\/td><\/tr><tr><td>11<\/td><td>Slutlig siffra -1<\/td><td>1:11<\/td><\/tr><\/tbody><\/table><\/figure>\n\n\n\n\n\n<h2 class=\"wp-block-heading\">Chanser att vinna Gl\u00fccksSpirale<\/h2>\n\n\n\n\n\n<figure class=\"wp-block-table\"><table><thead><tr><th>Kategorier av priser<\/th><th>Antal r\u00e4tt<\/th><th>chans<\/th><\/tr><\/thead><tbody><tr><td>7<\/td><td>7 sista siffrorna<\/td><td>1:10,000,000<\/td><\/tr><tr><td>6<\/td><td>6 sista siffrorna<\/td><td>1:500,000<\/td><\/tr><tr><td>5<\/td><td>5 sista siffrorna<\/td><td>1:100,000<\/td><\/tr><tr><td>4<\/td><td>4 sista siffrorna<\/td><td>1:10,000<\/td><\/tr><tr><td>3<\/td><td>3 sista siffrorna<\/td><td>1:1,000<\/td><\/tr><tr><td>2<\/td><td>2 sista siffrorna<\/td><td>1:100<\/td><\/tr><tr><td>1<\/td><td>1 sista siffra<\/td><td>1:10<\/td><\/tr><\/tbody><\/table><\/figure>\n\n\n\n\n\n<h2 class=\"wp-block-heading\">Chanser att vinna El Gordo<\/h2>\n\n\n\n\n\n<figure class=\"wp-block-table\"><table><thead><tr><th>Kategorier av priser<\/th><th>Antal korrekta<\/th><th>chans<\/th><\/tr><\/thead><tbody><tr><td>1<\/td><td>Lotterinummer f\u00f6r El Gordo<\/td><td>1:100,000<\/td><\/tr><tr><td>2<\/td><td>Lottnummer f\u00f6r Segundo<\/td><td>1:100,000<\/td><\/tr><tr><td>3<\/td><td>Lottnummer f\u00f6r Tercero<\/td><td>1:100,000<\/td><\/tr><tr><td>4<\/td><td>Lottnummer f\u00f6r Cuarto<\/td><td>1:50,000<\/td><\/tr><tr><td>5<\/td><td>Lottnummer f\u00f6r Quinto<\/td><td>1:12,500<\/td><\/tr><tr><td>6<\/td><td>La Pedrea lotteri nummer<\/td><td>1:56<\/td><\/tr><tr><td>7<\/td><td>Angr\u00e4nsande nummer fr\u00e5n GK 1<\/td><td>1:50,000<\/td><\/tr><tr><td>\u00e5ttonde<\/td><td>Angr\u00e4nsande nummer fr\u00e5n GK 2<\/td><td>1:50,000<\/td><\/tr><tr><td>9<\/td><td>Angr\u00e4nsande siffror fr\u00e5n GK 3<\/td><td>1:50,000<\/td><\/tr><tr><td>10<\/td><td>3 inledande siffror fr\u00e5n GK 1<\/td><td>1:1.010<\/td><\/tr><tr><td>11<\/td><td>3 initiala siffror fr\u00e5n GK 2<\/td><td>1:1.010<\/td><\/tr><tr><td>12<\/td><td>3 initiala siffror fr\u00e5n GK 3<\/td><td>1:1.010<\/td><\/tr><tr><td>13<\/td><td>3 initiala siffror fr\u00e5n GK 4<\/td><td>1:505<\/td><\/tr><tr><td>14<\/td><td>2 slutsiffror fr\u00e5n GK 1<\/td><td>1:100<\/td><\/tr><tr><td>15<\/td><td>2 sista siffrorna fr\u00e5n GK 2<\/td><td>1:100<\/td><\/tr><tr><td>16<\/td><td>2 sista siffrorna fr\u00e5n GK 3<\/td><td>1:100<\/td><\/tr><tr><td>17<\/td><td>1 sista siffra fr\u00e5n GK 1<\/td><td>1:10<\/td><\/tr><\/tbody><\/table><\/figure>\n\n\n\n\n\n<h2 class=\"wp-block-heading\">Sannolikheter f\u00f6r att vinna El Ni\u00f1o<\/h2>\n\n\n\n\n\n<figure class=\"wp-block-table\"><table><thead><tr><th>Kategorier av priser<\/th><th>Antal korrekta<\/th><th>chans<\/th><\/tr><\/thead><tbody><tr><td>1<\/td><td>Lotterinummer f\u00f6r El Gordo<\/td><td>1:100,000<\/td><\/tr><tr><td>2<\/td><td>Lottnummer f\u00f6r Segundo<\/td><td>1:100,000<\/td><\/tr><tr><td>3<\/td><td>Lottnummer f\u00f6r Tercero<\/td><td>1:100,000<\/td><\/tr><tr><td>4<\/td><td>Angr\u00e4nsande nummer fr\u00e5n GK 1<\/td><td>1:50,000<\/td><\/tr><tr><td>5<\/td><td>Angr\u00e4nsande nummer fr\u00e5n GK 2<\/td><td>1:50,000<\/td><\/tr><tr><td>6<\/td><td>4 korrekta slutsiffror<\/td><td>1:5,000<\/td><\/tr><tr><td>7<\/td><td>3 korrekta slutsiffror<\/td><td>1:71<\/td><\/tr><tr><td>\u00e5ttonde<\/td><td>3 inledande siffror fr\u00e5n GK 1<\/td><td>1:1.010<\/td><\/tr><tr><td>9<\/td><td>3 initiala siffror fr\u00e5n GK 2<\/td><td>1:1.010<\/td><\/tr><tr><td>10<\/td><td>3 initiala siffror fr\u00e5n GK 3<\/td><td>1:1.010<\/td><\/tr><tr><td>11<\/td><td>3 sista siffrorna fr\u00e5n GK 1<\/td><td>1:1.010<\/td><\/tr><tr><td>12<\/td><td>3 sista siffrorna fr\u00e5n GK 2<\/td><td>1:1.010<\/td><\/tr><tr><td>13<\/td><td>2 korrekta slutsiffror<\/td><td>1:20<\/td><\/tr><tr><td>14<\/td><td>2 slutsiffror fr\u00e5n GK 1<\/td><td>1:100<\/td><\/tr><tr><td>15<\/td><td>1 sista siffra fr\u00e5n GK 1<\/td><td>1:10<\/td><\/tr><tr><td>16<\/td><td>1 korrekt slutsiffra<\/td><td>1:5<\/td><\/tr><\/tbody><\/table><\/figure>\n\n\n\n\n\n<h2 class=\"wp-block-heading\">Chanser att vinna Vive la France<\/h2>\n\n\n\n\n\n<figure class=\"wp-block-table\"><table><thead><tr><th>Kategorier av priser<\/th><th>Antal r\u00e4tt<\/th><th>chans<\/th><\/tr><\/thead><tbody><tr><td>1<\/td><td>5 r\u00e4tt ytterligare nummer<\/td><td>1:19,068,840<\/td><\/tr><tr><td>2<\/td><td>5 korrekta<\/td><td>1:2,118,760<\/td><\/tr><tr><td>3<\/td><td>4 korrekt ytterligare nummer<\/td><td>1:93.610<\/td><\/tr><tr><td>4<\/td><td>4 korrekt<\/td><td>1:9.361<\/td><\/tr><tr><td>5<\/td><td>3 korrekt till\u00e4ggsnummer<\/td><td>1:2.240<\/td><\/tr><tr><td>6<\/td><td>3 korrekta<\/td><td>1:224<\/td><\/tr><tr><td>7<\/td><td>2 korrekta ytterligare nummer<\/td><td>1:160<\/td><\/tr><tr><td>8<\/td><td>2 korrekta<\/td><td>1:16<\/td><\/tr><tr><td>9<\/td><td>0 korrekt ytterligare nummer<\/td><td>1:18<\/td><\/tr><\/tbody><\/table><\/figure>\n\n\n\n\n\n<h2 class=\"wp-block-heading\">Chanser att vinna EuroDreams<\/h2>\n\n\n\n\n\n<figure class=\"wp-block-table\"><table><thead><tr><th>Kategorier av priser<\/th><th>Antal r\u00e4tt<\/th><th>chans<\/th><\/tr><\/thead><tbody><tr><td>1<\/td><td>6 r\u00e4tt dr\u00f6mnummer<\/td><td>1:19,191,900<\/td><\/tr><tr><td>2<\/td><td>6 r\u00e4tt<\/td><td>1:4,797,975<\/td><\/tr><tr><td>3<\/td><td>5 korrekt<\/td><td>1:18.816<\/td><\/tr><tr><td>4<\/td><td>4 korrekt<\/td><td>1:456<\/td><\/tr><tr><td>5<\/td><td>3 r\u00e4tt<\/td><td>1:32<\/td><\/tr><tr><td>6<\/td><td>2 korrekt<\/td><td>1:6<\/td><\/tr><\/tbody><\/table><\/figure>\n\n\n\n\n\n<h2 class=\"wp-block-heading\">Chanser att vinna El Gordo Spring Lottery<\/h2>\n\n\n\n\n\n<figure class=\"wp-block-table\"><table><thead><tr><th>Kategorier av priser<\/th><th>Antal korrekta<\/th><th>chans<\/th><\/tr><\/thead><tbody><tr><td>1<\/td><td>Det st\u00f6rsta fansen<\/td><td>1:100,000<\/td><\/tr><tr><td>2<\/td><td>Andra<\/td><td>1:100,000<\/td><\/tr><tr><td>3<\/td><td>Angr\u00e4nsande nummer fr\u00e5n El Gordo<\/td><td>1:50,000<\/td><\/tr><tr><td>4<\/td><td>Angr\u00e4nsande nummer fr\u00e5n Segundo<\/td><td>1:50,000<\/td><\/tr><tr><td>5<\/td><td>Tredje<\/td><td>1:2,000<\/td><\/tr><tr><td>6<\/td><td>Kvartaler<\/td><td>1:67<\/td><\/tr><tr><td>7<\/td><td>Kvintetter<\/td><td>1:50<\/td><\/tr><tr><td>8:e<\/td><td>\u00c5terintegrerad<\/td><td>1:5<\/td><\/tr><tr><td>9<\/td><td>3 initiala siffror fr\u00e5n El Gordo<\/td><td>1:1.010<\/td><\/tr><tr><td>10<\/td><td>3 inledande siffror fr\u00e5n Segundo<\/td><td>1:1.010<\/td><\/tr><tr><td>11<\/td><td>3 sista siffrorna fr\u00e5n El Gordo<\/td><td>1:1.010<\/td><\/tr><tr><td>12<\/td><td>2 sista siffrorna fr\u00e5n El Gordo<\/td><td>1:100<\/td><\/tr><tr><td>13<\/td><td>1 sista siffra fr\u00e5n El Gordo<\/td><td>1:10<\/td><\/tr><\/tbody><\/table><\/figure>\n\n\n\n\n\n<h2 class=\"wp-block-heading\">Chanser att vinna PowerBall<\/h2>\n\n\n\n\n\n<figure class=\"wp-block-table\"><table><thead><tr><th>Kategorier f\u00f6r pris<\/th><th>R\u00e4tt antal<\/th><th>chans<\/th><\/tr><\/thead><tbody><tr><td>1<\/td><td>5 r\u00e4tt PowerBall<\/td><td>1:292.201.338<\/td><\/tr><tr><td>2<\/td><td>5 r\u00e4tt<\/td><td>1:11,688,054<\/td><\/tr><tr><td>3<\/td><td>4 korrekt PowerBall<\/td><td>1:913.129<\/td><\/tr><tr><td>4<\/td><td>4 korrekt<\/td><td>1:36.525<\/td><\/tr><tr><td>5<\/td><td>3 korrekt PowerBall<\/td><td>1:14.494<\/td><\/tr><tr><td>6<\/td><td>3 korrekta<\/td><td>1:580<\/td><\/tr><tr><td>7<\/td><td>2 korrekt PowerBall<\/td><td>1:701<\/td><\/tr><tr><td>\u00e5ttonde<\/td><td>1 korrekt PowerBall<\/td><td>1:92<\/td><\/tr><tr><td>9<\/td><td>0 r\u00e4tt PowerBall<\/td><td>1:38<\/td><\/tr><\/tbody><\/table><\/figure>\n\n\n\n\n\n<h2 class=\"wp-block-heading\">Chanser att vinna BlitzCash<\/h2>\n\n\n\n\n\n<figure class=\"wp-block-table\"><table><thead><tr><th>Kategorier av priser<\/th><th>Antal korrekta<\/th><th>chans<\/th><\/tr><\/thead><tbody><tr><td>1<\/td><td>5 korrekta<\/td><td>1:850.668<\/td><\/tr><tr><td>2<\/td><td>4 korrekt<\/td><td>1:4.598<\/td><\/tr><tr><td>3<\/td><td>3 korrekt<\/td><td>1:128<\/td><\/tr><\/tbody><\/table><\/figure>\n\n\n\n\n\n<h2 class=\"wp-block-heading\">Chans att vinna ExtraCash<\/h2>\n\n\n\n\n\n<figure class=\"wp-block-table\"><table><thead><tr><th>Kategorier av priser<\/th><th>Antal r\u00e4tt<\/th><th>chans<\/th><\/tr><\/thead><tbody><tr><td>1<\/td><td>5 korrekta<\/td><td>1:850.668<\/td><\/tr><tr><td>2<\/td><td>4 korrekt<\/td><td>1:4.598<\/td><\/tr><tr><td>3<\/td><td>3 korrekt<\/td><td>1:128<\/td><\/tr><\/tbody><\/table><\/figure>\n\n\n\n\n\n<h2 class=\"wp-block-heading\">Vinstsannolikheter LOTTO 6aus49<\/h2>\n\n\n\n\n\n<figure class=\"wp-block-table\"><table><thead><tr><th>Kategorier av priser<\/th><th>Antal r\u00e4tt<\/th><th>chans<\/th><\/tr><\/thead><tbody><tr><td>1<\/td><td>6 r\u00e4tt supernummer<\/td><td>1:139,838,160<\/td><\/tr><tr><td>2<\/td><td>6 korrekta<\/td><td>1:15,537,573<\/td><\/tr><tr><td>3<\/td><td>5 r\u00e4tt supernummer<\/td><td>1:542.008<\/td><\/tr><tr><td>4<\/td><td>5 korrekt<\/td><td>1:60.223<\/td><\/tr><tr><td>5<\/td><td>4 korrekt supernummer<\/td><td>1:10.324<\/td><\/tr><tr><td>6<\/td><td>4 korrekt<\/td><td>1:1.147<\/td><\/tr><tr><td>7<\/td><td>3 korrekta supernummer<\/td><td>1:567<\/td><\/tr><tr><td>8<\/td><td>3 korrekta<\/td><td>1:63<\/td><\/tr><tr><td>9<\/td><td>2 korrekta supernummer<\/td><td>1:76<\/td><\/tr><\/tbody><\/table><\/figure>\n\n\n\n\n\n<h2 class=\"wp-block-heading\">Sannolikheter f\u00f6r att vinna Spiel77<\/h2>\n\n\n\n\n\n<figure class=\"wp-block-table\"><table><thead><tr><th>Kategorier av priser<\/th><th>Antal korrekta<\/th><th>chans<\/th><\/tr><\/thead><tbody><tr><td>1<\/td><td>7 sista siffrorna<\/td><td>1:10,000,000<\/td><\/tr><tr><td>2<\/td><td>6 sista siffrorna<\/td><td>1:1.111.111<\/td><\/tr><tr><td>3<\/td><td>5 sista siffrorna<\/td><td>1:111.111<\/td><\/tr><tr><td>4<\/td><td>4 sista siffrorna<\/td><td>1:11.111<\/td><\/tr><tr><td>5<\/td><td>3 sista siffrorna<\/td><td>1:1.111<\/td><\/tr><tr><td>6<\/td><td>2 sista siffrorna<\/td><td>1:111<\/td><\/tr><tr><td>7<\/td><td>1 sista siffra<\/td><td>1:11<\/td><\/tr><\/tbody><\/table><\/figure>\n\n\n\n\n\n<h2 class=\"wp-block-heading\">Sannolikheter f\u00f6r att vinna Super6<\/h2>\n\n\n\n\n\n<figure class=\"wp-block-table\"><table><thead><tr><th>Kategorier av priser<\/th><th>R\u00e4tt antal<\/th><th>chans<\/th><\/tr><\/thead><tbody><tr><td>1<\/td><td>6 sista siffrorna<\/td><td>1:1,000,000<\/td><\/tr><tr><td>2<\/td><td>5 sista siffrorna<\/td><td>1:111.111<\/td><\/tr><tr><td>3<\/td><td>4 sista siffrorna<\/td><td>1:11.111<\/td><\/tr><tr><td>4<\/td><td>3 sista siffrorna<\/td><td>1:1.111<\/td><\/tr><tr><td>5<\/td><td>2 sista siffrorna<\/td><td>1:111<\/td><\/tr><tr><td>6<\/td><td>1 sista siffra<\/td><td>1:11<\/td><\/tr><\/tbody><\/table><\/figure>\n\n\n\n\n\n<h2 class=\"wp-block-heading\">Vinnande sannolikheter LOTTO 6aus45<\/h2>\n\n\n\n\n\n<figure class=\"wp-block-table\"><table><thead><tr><th>Kategorier av priser<\/th><th>Antal r\u00e4tt<\/th><th>chans<\/th><\/tr><\/thead><tbody><tr><td>1<\/td><td>6 r\u00e4tt<\/td><td>1:8,145,060<\/td><\/tr><tr><td>2<\/td><td>5 r\u00e4tt ytterligare antal<\/td><td>1:1,357,510<\/td><\/tr><tr><td>3<\/td><td>5 korrekta<\/td><td>1:35.724<\/td><\/tr><tr><td>4<\/td><td>4 korrekt till\u00e4ggsnummer<\/td><td>1:14.290<\/td><\/tr><tr><td>5<\/td><td>4 korrekt<\/td><td>1:772<\/td><\/tr><tr><td>6<\/td><td>3 korrekt till\u00e4ggsnummer<\/td><td>1:579<\/td><\/tr><tr><td>7<\/td><td>3 korrekta<\/td><td>1:48<\/td><\/tr><tr><td>\u00e5ttonde<\/td><td>0 korrekt ytterligare nummer<\/td><td>1:16<\/td><\/tr><\/tbody><\/table><\/figure>\n\n\n\n\n\n<h2 class=\"wp-block-heading\">Vinnande sannolikheter LOTTO 6aus45 JOKER<\/h2>\n\n\n\n\n\n<figure class=\"wp-block-table\"><table><thead><tr><th>Kategorier av priser<\/th><th>Antal r\u00e4tt<\/th><th>chans<\/th><\/tr><\/thead><tbody><tr><td>1<\/td><td>6 sista siffrorna<\/td><td>1:1,000,000<\/td><\/tr><tr><td>2<\/td><td>5 sista siffrorna<\/td><td>1:111.111<\/td><\/tr><tr><td>3<\/td><td>4 sista siffrorna<\/td><td>1:11.111<\/td><\/tr><tr><td>4<\/td><td>3 sista siffrorna<\/td><td>1:1.111<\/td><\/tr><tr><td>5<\/td><td>2 sista siffrorna<\/td><td>1:111<\/td><\/tr><tr><td>6<\/td><td>1 sista siffra<\/td><td>1:11<\/td><\/tr><\/tbody><\/table><\/figure>\n\n\n\n\n\n<h2 class=\"wp-block-heading\">Chanser att vinna LOTTO Plus<\/h2>\n\n\n\n\n\n<figure class=\"wp-block-table\"><table><thead><tr><th>Kategorier av priser<\/th><th>R\u00e4tt antal<\/th><th>chans<\/th><\/tr><\/thead><tbody><tr><td>1<\/td><td>6 r\u00e4tt<\/td><td>1:8,145,060<\/td><\/tr><tr><td>2<\/td><td>5 r\u00e4tt<\/td><td>1:34.808<\/td><\/tr><tr><td>3<\/td><td>4 korrekt<\/td><td>1:733<\/td><\/tr><tr><td>4<\/td><td>3 korrekt<\/td><td>1:45<\/td><\/tr><\/tbody><\/table><\/figure>\n\n\n\n\n\n<h2 class=\"wp-block-heading\">Chanser att vinna SwissLotto<\/h2>\n\n\n\n\n\n<figure class=\"wp-block-table\"><table><thead><tr><th>Kategorier av priser<\/th><th>Antal korrekta<\/th><th>chans<\/th><\/tr><\/thead><tbody><tr><td>1<\/td><td>6 r\u00e4tt lyckonummer<\/td><td>1:31,474,716<\/td><\/tr><tr><td>2<\/td><td>6 r\u00e4tt<\/td><td>1:6,294,943<\/td><\/tr><tr><td>3<\/td><td>5 r\u00e4tt lyckonummer<\/td><td>1:145.716<\/td><\/tr><tr><td>4<\/td><td>5 r\u00e4tt<\/td><td>1:29.143<\/td><\/tr><tr><td>5<\/td><td>4 r\u00e4tt lyckonummer<\/td><td>1:3.331<\/td><\/tr><tr><td>6<\/td><td>4 r\u00e4tt<\/td><td>1:666<\/td><\/tr><tr><td>7<\/td><td>3 r\u00e4tt lyckonummer<\/td><td>1:220<\/td><\/tr><tr><td>8<\/td><td>3 korrekta<\/td><td>1:44<\/td><\/tr><\/tbody><\/table><\/figure>\n\n\n\n\n\n<h2 class=\"wp-block-heading\">Sannolikheter f\u00f6r att vinna SwissLotto JOKER<\/h2>\n\n\n\n\n\n<figure class=\"wp-block-table\"><table><thead><tr><th>Kategorier av priser<\/th><th>Antal korrekta<\/th><th>chans<\/th><\/tr><\/thead><tbody><tr><td>1<\/td><td>6 sista siffrorna<\/td><td>1:1,000,000<\/td><\/tr><tr><td>2<\/td><td>5 sista siffrorna<\/td><td>1:111.111<\/td><\/tr><tr><td>3<\/td><td>4 sista siffrorna<\/td><td>1:11.111<\/td><\/tr><tr><td>4<\/td><td>3 sista siffrorna<\/td><td>1:1.111<\/td><\/tr><tr><td>5<\/td><td>2 sista siffrorna<\/td><td>1:111<\/td><\/tr><tr><td>6<\/td><td>1 sista siffra<\/td><td>1:11<\/td><\/tr><\/tbody><\/table><\/figure>\n\n\n\n\n\n<h2 class=\"wp-block-heading\">Oddsen f\u00f6r att vinna Daily Million<\/h2>\n\n\n\n\n\n<figure class=\"wp-block-table\"><table><thead><tr><th>Kategorier av priser<\/th><th>R\u00e4tt antal<\/th><th>chans<\/th><\/tr><\/thead><tbody><tr><td>1<\/td><td>6 korrekta<\/td><td>1:3,262,623<\/td><\/tr><tr><td>2<\/td><td>5 korrekta bonusnummer<\/td><td>1:543.771<\/td><\/tr><tr><td>3<\/td><td>5 korrekta<\/td><td>1:16.993<\/td><\/tr><tr><td>4<\/td><td>4 r\u00e4tt bonusnummer<\/td><td>1:6.797<\/td><\/tr><tr><td>5<\/td><td>4 korrekt<\/td><td>1:439<\/td><\/tr><tr><td>6<\/td><td>3 korrekta bonusnummer<\/td><td>1:329<\/td><\/tr><tr><td>7<\/td><td>3 korrekta<\/td><td>1:33<\/td><\/tr><\/tbody><\/table><\/figure>\n\n","protected":false},"excerpt":{"rendered":"<p>Lotterier vinnande sannolikheter Lotteri odds och resultat sida V\u00e4lkommen till din ultimata destination f\u00f6r omfattande lotteriinsikt! H\u00e4r tillhandah\u00e5ller vi uppdaterade lotteriresultat, detaljerade prisuppdelningar och dragningsresultat f\u00f6r att h\u00e5lla dig informerad om de senaste h\u00e4ndelserna i lotteriv\u00e4rlden. Oavsett om du \u00e4r en erfaren spelare eller en nykomling \u00e4r v\u00e5ra resurser utformade f\u00f6r att f\u00f6rb\u00e4ttra din lotteriupplevelse. [&hellip;]<\/p>\n","protected":false},"author":1,"featured_media":0,"parent":0,"menu_order":0,"comment_status":"closed","ping_status":"closed","template":"","meta":{"footnotes":""},"class_list":["post-1643","page","type-page","status-publish","hentry"],"blocksy_meta":{"has_hero_section":"disabled","styles_descriptor":{"styles":{"desktop":"","tablet":"","mobile":""},"google_fonts":[],"version":6}},"_links":{"self":[{"href":"https:\/\/jackpotgenius.ai\/sv\/wp-json\/wp\/v2\/pages\/1643","targetHints":{"allow":["GET"]}}],"collection":[{"href":"https:\/\/jackpotgenius.ai\/sv\/wp-json\/wp\/v2\/pages"}],"about":[{"href":"https:\/\/jackpotgenius.ai\/sv\/wp-json\/wp\/v2\/types\/page"}],"author":[{"embeddable":true,"href":"https:\/\/jackpotgenius.ai\/sv\/wp-json\/wp\/v2\/users\/1"}],"replies":[{"embeddable":true,"href":"https:\/\/jackpotgenius.ai\/sv\/wp-json\/wp\/v2\/comments?post=1643"}],"version-history":[{"count":1,"href":"https:\/\/jackpotgenius.ai\/sv\/wp-json\/wp\/v2\/pages\/1643\/revisions"}],"predecessor-version":[{"id":12186,"href":"https:\/\/jackpotgenius.ai\/sv\/wp-json\/wp\/v2\/pages\/1643\/revisions\/12186"}],"wp:attachment":[{"href":"https:\/\/jackpotgenius.ai\/sv\/wp-json\/wp\/v2\/media?parent=1643"}],"curies":[{"name":"wp","href":"https:\/\/api.w.org\/{rel}","templated":true}]}}