{"id":1438,"date":"2024-06-28T21:19:47","date_gmt":"2024-06-28T21:19:47","guid":{"rendered":"https:\/\/jackpotgenius.ai\/jackpotgenius-io-best-online-casino-bonuses\/"},"modified":"2024-06-28T21:35:04","modified_gmt":"2024-06-28T21:35:04","slug":"jackpotgenius-io-basta-online-casino-bonusar","status":"publish","type":"page","link":"https:\/\/jackpotgenius.ai\/sv\/jackpotgenius-io-basta-online-casino-bonusar\/","title":{"rendered":"JackpotGenius.io b\u00e4sta online casino bonusar"},"content":{"rendered":"\n<p>H\u00e4r \u00e4r ett avsnitt om <strong>online casino bonusar<\/strong> handplockade med hj\u00e4lp av AI. Denna lista inneh\u00e5ller en m\u00e4ngd olika erbjudanden, inklusive bonusar utan ins\u00e4ttning, v\u00e4lkomstbonusar (\u00e4ven k\u00e4nda som registreringsbonusar eller SUB), exklusiva bonusar, omlastningsbonusar, gratissnurrbonusar och lojalitetsprogram. Det \u00e4r viktigt att l\u00e4sa och fullt ut f\u00f6rst\u00e5 villkoren f\u00f6r varje bonus innan du accepterar den.<\/p>\n\n\n\n<h2 class=\"wp-block-heading\">Bonusar p\u00e5 n\u00e4tcasinon: En omfattande guide<\/h2>\n\n\n\n<p>Online casino bonusar \u00e4r utformade f\u00f6r att locka nya spelare och l\u00e5ta dem prova spelen med minimal risk. I b\u00f6rjan av onlinekasinobranschen var bonusarna mer gener\u00f6sa \u00e4n de \u00e4r idag.<\/p>\n\n\n\n<p>Inledningsvis kunde spelare s\u00e4tta in pengar och f\u00e5 ett lika stort eller st\u00f6rre bonusbelopp. Men i takt med att branschen v\u00e4xte, \u00f6kade ocks\u00e5 antalet spelare och kasinon. Detta ledde till att spelare ofta hoppade fr\u00e5n kasino till kasino, utnyttjade bonusar och gick iv\u00e4g med vinster. Som ett resultat av detta sk\u00e4rptes reglerna kring bonusar.<\/p>\n\n\n\n<p>Idag m\u00e5ste spelarna uppfylla vissa oms\u00e4ttningskrav innan de kan ta ut sina bonusvinster. Till exempel m\u00e5ste en spelare som s\u00e4tter in 100 euro och f\u00e5r en bonus p\u00e5 100 euro med ett oms\u00e4ttningskrav p\u00e5 5 g\u00e5nger oms\u00e4tta totalt 1 000 euro innan han eller hon kan ta ut pengarna.<\/p>\n\n\n\n<h2 class=\"wp-block-heading\">Olika typer av bonusar<\/h2>\n\n\n\n<h3 class=\"wp-block-heading\">Bonus med gratissnurr<\/h3>\n\n\n\n<p>Free spins \u00e4r popul\u00e4ra p\u00e5 videoslots och ger spelarna m\u00f6jlighet att snurra ett visst antal g\u00e5nger gratis. De \u00e4r ofta en del av en f\u00f6rsta ins\u00e4ttningsbonus eller specialkampanjer. Till exempel, 10 gratissnurr v\u00e4rda \u20ac 1 vardera ger en spelare \u20ac 10 i snurr, med vinster som l\u00e4ggs till p\u00e5 sitt kasinokonto. Kontrollera alltid villkoren f\u00f6r oms\u00e4ttningskrav och maximala vinster.<\/p>\n\n\n\n<h3 class=\"wp-block-heading\">Bonus utan ins\u00e4ttning<\/h3>\n\n\n\n<p>Bonusar utan ins\u00e4ttning g\u00f6r det m\u00f6jligt f\u00f6r spelare att b\u00f6rja spela utan att riskera n\u00e5gra av sina egna pengar. \u00c4ven om de \u00e4r mindre vanliga \u00e4n tidigare, \u00e4r de fortfarande tillg\u00e4ngliga. Dessa bonusar kommer ofta med ett tak p\u00e5 vinsterna. Till exempel kan en bonus p\u00e5 \u20ac10 utan ins\u00e4ttning ha en maximal prisgr\u00e4ns p\u00e5 \u20ac100. Andra regler och villkor kan ocks\u00e5 g\u00e4lla.<\/p>\n\n\n\n<h3 class=\"wp-block-heading\">Ins\u00e4ttningsbonus<\/h3>\n\n\n\n<p>Den vanligaste typen av bonus, ins\u00e4ttningsbonusen, matchar en procentandel av en spelares f\u00f6rsta ins\u00e4ttning. Den kan variera fr\u00e5n 50 % till 300 %. Till exempel ger en matchningsbonus p\u00e5 100 % p\u00e5 en ins\u00e4ttning p\u00e5 100 \u20ac spelaren 100 \u20ac extra.<\/p>\n\n\n\n<h3 class=\"wp-block-heading\">V\u00e4lkomstbonus<\/h3>\n\n\n\n<p>V\u00e4lkomstbonusar, \u00e4ven k\u00e4nda som registreringsbonusar eller bonusar f\u00f6r nya spelare, \u00e4r vanligtvis procentuella matchningsbonusar. De kan variera fr\u00e5n 10% till 500%. Till exempel ger en v\u00e4lkomstbonus p\u00e5 50 % p\u00e5 en ins\u00e4ttning p\u00e5 20 \u20ac dig 10 \u20ac extra, medan en bonus p\u00e5 300 % p\u00e5 samma ins\u00e4ttning ger dig 60 \u20ac.<\/p>\n\n\n\n<h3 class=\"wp-block-heading\">Matchningsbonus<\/h3>\n\n\n\n<p>Matchningsbonusar \u00e4r en procentandel av det insatta beloppet. Till exempel inneb\u00e4r en matchningsbonus p\u00e5 100% upp till \u20ac200 att en ins\u00e4ttning p\u00e5 \u20ac200 ger dig \u20ac200 extra. Dessa bonusar \u00e4r ofta f\u00f6r nya spelare, men kan ocks\u00e5 vara tillg\u00e4ngliga f\u00f6r \u00e5terkommande spelare.<\/p>\n\n\n\n<h3 class=\"wp-block-heading\">Pengar tillbaka<\/h3>\n\n\n\n<p>Cashback-bonusar \u00e4r vanligtvis en del av ett lojalitets- eller VIP-program och erbjuder en procentandel av f\u00f6rlusterna tillbaka till spelaren. Ett casino kan till exempel erbjuda 10% cashback p\u00e5 f\u00f6rluster i slutet av m\u00e5naden.<\/p>\n\n\n\n<h3 class=\"wp-block-heading\">Reload-bonus<\/h3>\n\n\n\n<p>Reload-bonusar \u00e4r f\u00f6r befintliga spelare och erbjuder en procentuell matchning p\u00e5 efterf\u00f6ljande ins\u00e4ttningar. De \u00e4r vanligtvis l\u00e4gre \u00e4n f\u00f6rsta ins\u00e4ttningsbonusar och har ofta l\u00e4gre oms\u00e4ttningskrav. Till exempel ger en reload-bonus p\u00e5 50% p\u00e5 en ins\u00e4ttning p\u00e5 \u20ac50 dig \u20ac25 extra.<\/p>\n\n\n\n<h3 class=\"wp-block-heading\">High Roller-bonus<\/h3>\n\n\n\n<p>High roller-bonusar \u00e4r utformade f\u00f6r spelare som g\u00f6r stora ins\u00e4ttningar. Dessa bonusar \u00e4r mer gener\u00f6sa och har ofta l\u00e4gre oms\u00e4ttningskrav. Till exempel kan en High Roller-bonus p\u00e5 100 % upp till 2 000 euro kr\u00e4va en minsta ins\u00e4ttning p\u00e5 500 euro.<\/p>\n\n\n\n<h3 class=\"wp-block-heading\">Dagliga bonusar<\/h3>\n\n\n\n<p>Dagliga bonusar \u00e4r sm\u00e5 kampanjer f\u00f6r vanliga spelare, ofta med ett ins\u00e4ttnings- eller oms\u00e4ttningskrav. Till exempel kan en ins\u00e4ttning p\u00e5 \u20ac10 resultera i 20 free spins v\u00e4rda 10p vardera.<\/p>\n\n\n\n<h3 class=\"wp-block-heading\">Bonusar f\u00f6r h\u00e4nvisningar<\/h3>\n\n\n\n<p>V\u00e4rvningsbonusar bel\u00f6nar spelare som v\u00e4rvar nya medlemmar till casinot. Bel\u00f6ningen kan vara ett fast belopp eller en procentandel av den v\u00e4rvade spelarens f\u00f6rsta ins\u00e4ttning. Om du till exempel v\u00e4rvar en v\u00e4n som s\u00e4tter in \u20ac 100 kan v\u00e4rvaren tj\u00e4na \u20ac 25.<\/p>\n\n\n\n<h3 class=\"wp-block-heading\">VIP-bonusar<\/h3>\n\n\n\n<p>VIP-spelare kan ta del av exklusiva bonusar som free spins och matchade ins\u00e4ttningsbonusar med l\u00e4gre oms\u00e4ttningskrav. VIP-f\u00f6rm\u00e5ner kan inkludera dedikerade kontohanterare, snabbare uttag, h\u00f6gre gr\u00e4nser och till och med fysiska bel\u00f6ningar som lyxklockor eller semesterresor.<\/p>\n\n\n\n<h3 class=\"wp-block-heading\">Mobila bonusar<\/h3>\n\n\n\n<p>Mobilbonusar \u00e4r tillg\u00e4ngliga f\u00f6r spelare som registrerar sig via mobila enheter. Dessa bonusar liknar vanliga bonusar, men kr\u00e4ver att spelaren laddar ner kasinots mobilapp. Till exempel kan en spelare f\u00e5 en bonus f\u00f6r att registrera sig via skrivbordet och en extra bonus f\u00f6r att ladda ner mobilappen.<\/p>\n\n\n\n<p>Att f\u00f6rst\u00e5 dessa bonusar och deras villkor \u00e4r avg\u00f6rande f\u00f6r att maximera f\u00f6rdelarna och hantera riskerna med onlinekasinospel.<\/p>\n","protected":false},"excerpt":{"rendered":"<p>H\u00e4r \u00e4r ett avsnitt om online casino bonusar handplockade med hj\u00e4lp av AI. Denna lista inneh\u00e5ller en m\u00e4ngd olika erbjudanden, inklusive bonusar utan ins\u00e4ttning, v\u00e4lkomstbonusar (\u00e4ven k\u00e4nda som registreringsbonusar eller SUB), exklusiva bonusar, omlastningsbonusar, gratissnurrbonusar och lojalitetsprogram. Det \u00e4r viktigt att l\u00e4sa och fullt ut f\u00f6rst\u00e5 villkoren f\u00f6r varje bonus innan du accepterar den. Bonusar [&hellip;]<\/p>\n","protected":false},"author":1,"featured_media":0,"parent":0,"menu_order":0,"comment_status":"closed","ping_status":"closed","template":"","meta":{"footnotes":""},"class_list":["post-1438","page","type-page","status-publish","hentry"],"blocksy_meta":[],"_links":{"self":[{"href":"https:\/\/jackpotgenius.ai\/sv\/wp-json\/wp\/v2\/pages\/1438","targetHints":{"allow":["GET"]}}],"collection":[{"href":"https:\/\/jackpotgenius.ai\/sv\/wp-json\/wp\/v2\/pages"}],"about":[{"href":"https:\/\/jackpotgenius.ai\/sv\/wp-json\/wp\/v2\/types\/page"}],"author":[{"embeddable":true,"href":"https:\/\/jackpotgenius.ai\/sv\/wp-json\/wp\/v2\/users\/1"}],"replies":[{"embeddable":true,"href":"https:\/\/jackpotgenius.ai\/sv\/wp-json\/wp\/v2\/comments?post=1438"}],"version-history":[{"count":0,"href":"https:\/\/jackpotgenius.ai\/sv\/wp-json\/wp\/v2\/pages\/1438\/revisions"}],"wp:attachment":[{"href":"https:\/\/jackpotgenius.ai\/sv\/wp-json\/wp\/v2\/media?parent=1438"}],"curies":[{"name":"wp","href":"https:\/\/api.w.org\/{rel}","templated":true}]}}