{"id":12065,"date":"2025-06-23T10:03:27","date_gmt":"2025-06-23T10:03:27","guid":{"rendered":"https:\/\/jackpotgenius.ai\/ai-lottery-random-number-generator-custom-range-step-no-duplicates\/"},"modified":"2025-09-07T14:30:15","modified_gmt":"2025-09-07T14:30:15","slug":"ai-lotteri-och-slumptalsgenerator","status":"publish","type":"page","link":"https:\/\/jackpotgenius.ai\/sv\/ai-lotteri-och-slumptalsgenerator\/","title":{"rendered":"AI-lotteri och slumptalsgenerator"},"content":{"rendered":"\n<p>V\u00e4lkommen till JackpotGenius <strong>AI Lottery &amp; Random Number Generator<\/strong>, ditt ultimata verktyg f\u00f6r att generera verkligt slumpm\u00e4ssiga eller AI-analyserade nummer f\u00f6r lotteri, spel och mer! Oavsett om du letar efter en snabb lotterinummerv\u00e4ljare, en slumptalsgenerator med anpassat intervall och steg, eller vill analysera heta och kalla lotterinummer med artificiell intelligens, \u00e4r du p\u00e5 r\u00e4tt plats.<\/p>\n\n\n\n<h2 class=\"wp-block-heading\">Varf\u00f6r anv\u00e4nda v\u00e5r slumptalsgenerator?<\/h2>\n\n\n\n<p>V\u00e5r avancerade slumptalsgenerator \u00e4r utformad f\u00f6r maximal flexibilitet och noggrannhet. Till skillnad fr\u00e5n grundl\u00e4ggande generatorer l\u00e5ter JackpotGenius dig:<\/p>\n\n\n\n<ul class=\"wp-block-list\">\n<li><strong>St\u00e4lla in valfritt talintervall<\/strong> (t.ex. 1-49, 100-1000 eller till och med decimaler som 0,1-5,0)<\/li>\n\n\n\n<li><strong>V\u00e4lja ditt stegv\u00e4rde<\/strong> (t.ex. 1, 5, 10, 0,1 etc.)<\/li>\n\n\n\n<li><strong>Generera valfritt antal nummer p\u00e5 en g\u00e5ng<\/strong><\/li>\n\n\n\n<li><strong>Till\u00e5t eller neka duplicerade nummer<\/strong><\/li>\n\n\n\n<li><strong>V\u00e4lj nummer f\u00f6r alla lotterispel<\/strong> (Powerball, Mega Millions, EuroMillions, och mer)<\/li>\n\n\n\n<li><strong>Kombinera AI-analys f\u00f6r heta, kalla och f\u00f6rutsp\u00e5dda nummer<\/strong><\/li>\n<\/ul>\n\n\n\n<p>Oavsett om du vill ha ren slumpm\u00e4ssighet eller AI-drivna f\u00f6ruts\u00e4gelser \u00e4r v\u00e5rt verktyg perfekt f\u00f6r lotterispelare, spelare och alla som beh\u00f6ver anpassade slumpm\u00e4ssiga nummer.<\/p>\n\n\n\n<div class=\"wp-block-columns is-layout-flex wp-container-core-columns-is-layout-28f84493 wp-block-columns-is-layout-flex\">\n<div class=\"wp-block-column is-layout-flow wp-block-column-is-layout-flow\"><div class=\"message-box outline\">\n    <label for=\"min_number\">\n        Minsta nummer    <\/label>\n        <input type=\"number\" step=\"0.1\" class=\"input-text\" name=\"min_number\" id=\"min_number\" value=\"0\" \/>\n\n    <label for=\"max_number\" class=\"pt-1\">\n        St\u00f6rsta nummer    <\/label>\n        <input type=\"number\" step=\"0.1\" class=\"input-text\" name=\"max_number\" id=\"max_number\" value=\"100\" \/>\n\n    <label for=\"step_value\" class=\"pt-1\">\n        Steg        <a href=\"#\" id=\"set-step-05\" class=\"badge\">0.5<\/a>\n        <a href=\"#\" id=\"set-step-1\" class=\"badge\">1<\/a>\n        <a href=\"#\" id=\"set-step-5\" class=\"badge\">5<\/a>\n    <\/label>\n        <input type=\"number\" step=\"0.1\" class=\"input-text\" name=\"step_value\" id=\"step_value\" value=\"1\" \/>\n\n    <label for=\"numbers_to_generate\" class=\"pt-1\">\n        Antal nummer att generera    <\/label>\n        <input type=\"number\" step=\"1\" class=\"input-text\" name=\"numbers_to_generate\" id=\"numbers_to_generate\" value=\"1\" \/>\n\n    <label for=\"allow_duplicates\" class=\"pt-1\">\n        <input type=\"checkbox\" name=\"allow_duplicates\" id=\"allow_duplicates\" value=\"1\" \/>\n        Till\u00e5t duplicerade nummer    <\/label>\n    <button id=\"generate-random-numbers\" class=\"woocommerce-button button-gradient-orange button wp-block-column\">Generera nummer<\/button>\n    <div id=\"random-numbers-error\" class=\"d-none message-box error mt-1\"><\/div>\n    <div id=\"random-numbers-container\" class=\"random-numbers-container container mt-1 d-none\">\n        <span>Genererade nummer:<\/span>\n        <h4 id=\"generated-numbers\" class=\"text-bold\">5<\/h4>\n    <\/div>\n<\/div>\n<\/div>\n\n\n\n<div class=\"wp-block-column is-layout-flow wp-block-column-is-layout-flow\">\n<h2 class=\"wp-block-heading\">S\u00e5 h\u00e4r anv\u00e4nder du slumptalsgeneratorn<\/h2>\n\n\n\n<ol class=\"wp-block-list\">\n<li><strong>St\u00e4ll in ditt intervall:<\/strong><br>Ange \u00f6nskade minimi- och maximiv\u00e4rden. Du kan anv\u00e4nda hela tal eller decimaler f\u00f6r fullst\u00e4ndig flexibilitet.<\/li>\n\n\n\n<li><strong>V\u00e4lj stegv\u00e4rde:<\/strong><br>V\u00e4lj intervallet mellan de genererade siffrorna (t.ex. 1, 5, 0,5, 10).<\/li>\n\n\n\n<li><strong>V\u00e4lj Number Count (antal):<\/strong><br>Best\u00e4m hur m\u00e5nga nummer du vill generera p\u00e5 en g\u00e5ng.<\/li>\n\n\n\n<li><strong>Till\u00e5t eller neka duplikat:<\/strong><br>V\u00e4lj om du vill ha unika nummer eller om dubbletter ska till\u00e5tas.<\/li>\n\n\n\n<li><strong>Generera nummer:<\/strong><br>Klicka p\u00e5 &#8221;Generera&#8221; -knappen och se omedelbart dina slumpm\u00e4ssiga nummer &#8211; perfekt f\u00f6r lotterival, lotterier, spel eller n\u00e5got scenario som beh\u00f6ver randomisering.<\/li>\n\n\n\n<li><strong>Valfritt &#8211; AI-analys:<\/strong><br>F\u00f6r lotterientusiaster, prova v\u00e5ra <a href=\"https:\/\/jackpotgenius.ai\/sv\/lottery\/\">AI-drivna alternativ f\u00f6r att generera heta, kall, eller helt AI-analyserade nummer f\u00f6r dina favoritlotterispel!<\/a><\/li>\n<\/ol>\n<\/div>\n<\/div>\n\n\n\n<h2 class=\"wp-block-heading\" id=\"why-jackpotgenius-is-the-best-choice\">Varf\u00f6r JackpotGenius \u00e4r det b\u00e4sta valet<\/h2>\n\n\n\n<ul class=\"wp-block-list\">\n<li><strong>AI-lotterinummergenerator:<\/strong> Utnyttja kraften i artificiell intelligens f\u00f6r att analysera tidigare dragningar och generera smarta lotterival.<\/li>\n\n\n\n<li><strong>Generator f\u00f6r slumpm\u00e4ssiga lotterinummer:<\/strong> F\u00e5 verkligt slumpm\u00e4ssiga nummer f\u00f6r alla lotterier, spel eller applikationer.<\/li>\n\n\n\n<li><strong>Anpassat intervall och steg:<\/strong> Inga gr\u00e4nser &#8211; generera nummer f\u00f6r alla scenarier, fr\u00e5n enkla dragningar till komplexa spel.<\/li>\n\n\n\n<li><strong>Alternativ f\u00f6r inga duplikat:<\/strong> Se till att dina nummer alltid \u00e4r unika om du beh\u00f6ver det.<\/li>\n\n\n\n<li><strong>Gratis och l\u00e4tt att anv\u00e4nda:<\/strong> Ingen registrering kr\u00e4vs &#8211; st\u00e4ll bara in dina preferenser och generera!<\/li>\n<\/ul>\n\n\n\n<h2 class=\"wp-block-heading\">Ofta st\u00e4llda fr\u00e5gor<\/h2>\n\n\n<div id=\"rank-math-faq\" class=\"rank-math-block\">\n<div class=\"rank-math-list \">\n<div id=\"faq-question-68ac3b02bb3c2\" class=\"rank-math-list-item\">\n<h3 class=\"rank-math-question \"><strong>Kan jag anv\u00e4nda detta f\u00f6r vilket lotteri som helst?<\/strong><\/h3>\n<div class=\"rank-math-answer \">\n\n<p>Absolut! V\u00e5r generator fungerar f\u00f6r <a href=\"https:\/\/jackpotgenius.ai\/sv\/lottery\/generera-eurojackpot-lotterinummer\/\">EuroJackpot<\/a>, <a href=\"https:\/\/jackpotgenius.ai\/sv\/lottery\/generera-euromillions-lotterinummer\/\">EuroMillions<\/a>, <a href=\"https:\/\/jackpotgenius.ai\/sv\/lottery\/generera-vikinglotto-lotterinummer\/\">VikingLotto<\/a> och alla andra lotterier eller spel.<\/p>\n\n<\/div>\n<\/div>\n<div id=\"faq-question-68ac3b02bb3c6\" class=\"rank-math-list-item\">\n<h3 class=\"rank-math-question \"><strong>\u00c4r detta en \u00e4kta slumptalsgenerator?<\/strong><\/h3>\n<div class=\"rank-math-answer \">\n\n<p>Ja, v\u00e5rt verktyg anv\u00e4nder avancerade algoritmer f\u00f6r att s\u00e4kerst\u00e4lla slumpm\u00e4ssighet. F\u00f6r lotteri kan du ocks\u00e5 anv\u00e4nda v\u00e5r AI-lotteriprognos f\u00f6r smartare val.<\/p>\n\n<\/div>\n<\/div>\n<div id=\"faq-question-68ac3b02bb3c7\" class=\"rank-math-list-item\">\n<h3 class=\"rank-math-question \"><strong>Kan jag generera tal med decimaler?<\/strong><\/h3>\n<div class=\"rank-math-answer \">\n\n<p>Ja, st\u00e4ll bara in stegv\u00e4rdet p\u00e5 ett decimaltal (t.ex. 0,1) och njut av flexibel talgenerering.<\/p>\n\n<\/div>\n<\/div>\n<\/div>\n<\/div>\n\n\n<h2 class=\"wp-block-heading\">Prova JackpotGenius AI-lotteri och slumpm\u00e4ssiga nummergenerator nu!<\/h2>\n\n\n\n<p>Oavsett om du beh\u00f6ver en snabb lotterinummerv\u00e4ljare, en slumptalsgenerator med anpassat intervall och steg, eller vill utnyttja AI f\u00f6r lotterif\u00f6ruts\u00e4gelser, JackpotGenius har du t\u00e4ckt. Generera dina lyckonummer idag och \u00f6ka dina chanser med det smartaste, mest flexibla verktyget online!<br><\/p>\n","protected":false},"excerpt":{"rendered":"<p>V\u00e4lkommen till JackpotGenius AI Lottery &amp; Random Number Generator, ditt ultimata verktyg f\u00f6r att generera verkligt slumpm\u00e4ssiga eller AI-analyserade nummer f\u00f6r lotteri, spel och mer! Oavsett om du letar efter en snabb lotterinummerv\u00e4ljare, en slumptalsgenerator med anpassat intervall och steg, eller vill analysera heta och kalla lotterinummer med artificiell intelligens, \u00e4r du p\u00e5 r\u00e4tt plats. [&hellip;]<\/p>\n","protected":false},"author":1,"featured_media":0,"parent":0,"menu_order":0,"comment_status":"closed","ping_status":"closed","template":"","meta":{"footnotes":""},"class_list":["post-12065","page","type-page","status-publish","hentry"],"blocksy_meta":[],"_links":{"self":[{"href":"https:\/\/jackpotgenius.ai\/sv\/wp-json\/wp\/v2\/pages\/12065","targetHints":{"allow":["GET"]}}],"collection":[{"href":"https:\/\/jackpotgenius.ai\/sv\/wp-json\/wp\/v2\/pages"}],"about":[{"href":"https:\/\/jackpotgenius.ai\/sv\/wp-json\/wp\/v2\/types\/page"}],"author":[{"embeddable":true,"href":"https:\/\/jackpotgenius.ai\/sv\/wp-json\/wp\/v2\/users\/1"}],"replies":[{"embeddable":true,"href":"https:\/\/jackpotgenius.ai\/sv\/wp-json\/wp\/v2\/comments?post=12065"}],"version-history":[{"count":3,"href":"https:\/\/jackpotgenius.ai\/sv\/wp-json\/wp\/v2\/pages\/12065\/revisions"}],"predecessor-version":[{"id":12112,"href":"https:\/\/jackpotgenius.ai\/sv\/wp-json\/wp\/v2\/pages\/12065\/revisions\/12112"}],"wp:attachment":[{"href":"https:\/\/jackpotgenius.ai\/sv\/wp-json\/wp\/v2\/media?parent=12065"}],"curies":[{"name":"wp","href":"https:\/\/api.w.org\/{rel}","templated":true}]}}