{"id":1641,"date":"2024-07-10T18:36:59","date_gmt":"2024-07-10T18:36:59","guid":{"rendered":"https:\/\/jackpotgenius.ai\/lotteries-winning-probabilities\/"},"modified":"2025-09-07T16:31:13","modified_gmt":"2025-09-07T16:31:13","slug":"sannsynligheten-for-a-vinne-i-lotto","status":"publish","type":"page","link":"https:\/\/jackpotgenius.ai\/no\/sannsynligheten-for-a-vinne-i-lotto\/","title":{"rendered":"Sannsynligheten for \u00e5 vinne i lotto"},"content":{"rendered":"\n\n<h1 class=\"wp-block-heading\">Vinnersannsynligheter i lotterier<\/h1>\n\n\n\n\n\n<h2 class=\"wp-block-heading\">Lotteri odds og resultatside<\/h2>\n\n\n\n\n\n<p>Velkommen til din ultimate destinasjon for omfattende innsikt i lotterier! Her tilbyr vi oppdaterte lotteriresultater, detaljerte premieoversikter og trekningsresultater for \u00e5 holde deg informert om det siste som skjer i lotteriverdenen. Enten du er en erfaren spiller eller en nykommer, er ressursene v\u00e5re designet for \u00e5 forbedre lottoopplevelsen din.<\/p>\n\n\n\n\n\n<h3 class=\"wp-block-heading\">Lotteriresultater og trekningsresultater<\/h3>\n\n\n\n\n\n<p>Hold deg oppdatert med de siste lotteriresultatene og trekningsresultatene. Vi tilbyr sanntidsoppdateringer p\u00e5 alle st\u00f8rre lotterier for \u00e5 sikre at du aldri g\u00e5r glipp av et vinnertall. Plattformen v\u00e5r gir deg rask tilgang til trekningsresultatene og ser om du er en heldig vinner.<\/p>\n\n\n\n\n\n<h3 class=\"wp-block-heading\">Premiefordeling<\/h3>\n\n\n\n\n\n<p>Er du nysgjerrig p\u00e5 hva du kan vinne? Ta en titt p\u00e5 v\u00e5re detaljerte premieoversikter for hver loddtrekning. Forst\u00e5 de ulike premieniv\u00e5ene og hva du kan vinne med hver vinnerkombinasjon. V\u00e5re omfattende oversikter vil hjelpe deg \u00e5 forst\u00e5 hele spekteret av potensielle gevinster.<\/p>\n\n\n\n\n\n<h3 class=\"wp-block-heading\">Lottostatistikk og hyppige tall<\/h3>\n\n\n\n\n\n<p>\u00d8k vinnersjansene dine med v\u00e5r omfattende lotteristatistikk og analyse av popul\u00e6re tall. Utforsk historiske data, oppdag m\u00f8nstre og identifiser de hyppigst trukkede tallene. Bruk denne innsikten til \u00e5 ta informerte avgj\u00f8relser og legge en strategi for tallvalget ditt for fremtidige trekninger.<\/p>\n\n\n\n\n\n<h3 class=\"wp-block-heading\">Lotto p\u00e5 nett og Lotto-resultater p\u00e5 nett<\/h3>\n\n\n\n\n\n<p>Spill og sjekk lottokupongene dine p\u00e5 nettet p\u00e5 en enkel m\u00e5te. Plattformen v\u00e5r st\u00f8tter deltakelse i lotterier p\u00e5 nett, slik at du kan spille favorittlotteriene dine hjemmefra. Hold deg informert med umiddelbar tilgang til lotteriresultater p\u00e5 nett, slik at du alltid er oppdatert.<\/p>\n\n\n\n\n\n<p>Bli med i v\u00e5rt fellesskap av lotterientusiaster og dra nytte av v\u00e5re omfattende ressurser. Enten du sjekker resultater, analyserer statistikk eller utforsker lotterialternativer p\u00e5 nett, har vi alt du trenger for \u00e5 forbedre lottoopplevelsen din. Lykke til, og m\u00e5tte din neste kupong v\u00e6re en vinner!<\/p>\n\n\n\n\n\n<h2 class=\"wp-block-heading\">Sannsynligheten for \u00e5 vinne i EuroJackpot<\/h2>\n\n\n\n\n\n<figure class=\"wp-block-table\"><table><thead><tr><th>Premiekategorier<\/th><th>Riktig antall<\/th><th>sjanse<\/th><\/tr><\/thead><tbody><tr><td>1<\/td><td>5 riktige 2 Euro-tall<\/td><td>1:139,838,160<\/td><\/tr><tr><td>2<\/td><td>5 riktige 1 euronummer<\/td><td>1:6,991,908<\/td><\/tr><tr><td>3<\/td><td>5 riktig<\/td><td>1:3,107,515<\/td><\/tr><tr><td>4<\/td><td>4 riktige 2 euronumre<\/td><td>1:621.503<\/td><\/tr><tr><td>5<\/td><td>4 riktige 1 euronummer<\/td><td>1:31.075<\/td><\/tr><tr><td>6<\/td><td>3 riktige 2 euronumre<\/td><td>1:14.125<\/td><\/tr><tr><td>7<\/td><td>4 riktig<\/td><td>1:13.811<\/td><\/tr><tr><td>8. plass<\/td><td>2 riktige 2 euronumre<\/td><td>1:985<\/td><\/tr><tr><td>9<\/td><td>3 riktige 1 euronummer<\/td><td>1:706<\/td><\/tr><tr><td>10<\/td><td>3 riktige<\/td><td>1:314<\/td><\/tr><tr><td>11<\/td><td>1 riktig 2 euronumre<\/td><td>1:188<\/td><\/tr><tr><td>12<\/td><td>2 riktige 1 euronummer<\/td><td>1:49<\/td><\/tr><\/tbody><\/table><\/figure>\n\n\n\n\n\n\n\n\n\n<p><\/p>\n\n\n\n\n\n<h2 class=\"wp-block-heading\">Oddsen for \u00e5 vinne EuroMillions<\/h2>\n\n\n\n\n\n<figure class=\"wp-block-table\"><table><thead><tr><th>Premiekategorier<\/th><th>Antall riktige<\/th><th>sjanse<\/th><\/tr><\/thead><tbody><tr><td>1<\/td><td>5 riktige 2-stjerners tall<\/td><td>1:139,838,160<\/td><\/tr><tr><td>2<\/td><td>5 riktige tall med 1 stjerne<\/td><td>1:6,991,908<\/td><\/tr><tr><td>3<\/td><td>5 riktige<\/td><td>1:3,107,515<\/td><\/tr><tr><td>4<\/td><td>4 riktige 2 stjernetall<\/td><td>1:621.503<\/td><\/tr><tr><td>5<\/td><td>4 riktige 1 stjernetall<\/td><td>1:31.075<\/td><\/tr><tr><td>6<\/td><td>3 riktige 2 stjernetall<\/td><td>1:14.125<\/td><\/tr><tr><td>7<\/td><td>4 riktige<\/td><td>1:13.811<\/td><\/tr><tr><td>8. plass<\/td><td>2 riktige 2 stjernetall<\/td><td>1:985<\/td><\/tr><tr><td>9<\/td><td>3 riktige 1 stjernetall<\/td><td>1:706<\/td><\/tr><tr><td>10<\/td><td>3 riktige<\/td><td>1:314<\/td><\/tr><tr><td>11<\/td><td>1 riktig 2 stjernetall<\/td><td>1:188<\/td><\/tr><tr><td>12<\/td><td>2 riktige 1 stjernetall<\/td><td>1:49<\/td><\/tr><tr><td>13<\/td><td>2 riktige<\/td><td>1:22<\/td><\/tr><\/tbody><\/table><\/figure>\n\n\n\n\n\n\n\n\n\n<h2 class=\"wp-block-heading\">Sannsynligheter for \u00e5 vinne SuperLotto<\/h2>\n\n\n\n\n\n<figure class=\"wp-block-table\"><table><thead><tr><th>Premiekategorier<\/th><th>Antall riktige<\/th><th>sjanse<\/th><\/tr><\/thead><tbody><tr><td>1<\/td><td>6 riktige<\/td><td>1:622,614,630<\/td><\/tr><tr><td>2<\/td><td>5 riktige tilleggstall<\/td><td>1:103,779,105<\/td><\/tr><tr><td>3<\/td><td>5 riktig<\/td><td>1:1,250,230<\/td><\/tr><tr><td>4<\/td><td>4 riktig<\/td><td>1:11.907<\/td><\/tr><tr><td>5<\/td><td>3 riktig<\/td><td>1:327<\/td><\/tr><tr><td>6<\/td><td>2 riktig<\/td><td>1:22<\/td><\/tr><tr><td>7<\/td><td>1 riktig<\/td><td>1:3<\/td><\/tr><\/tbody><\/table><\/figure>\n\n\n\n\n\n\n\n\n\n<h2 class=\"wp-block-heading\">Sjansene for \u00e5 vinne MegaMillions<\/h2>\n\n\n\n\n\n<figure class=\"wp-block-table\"><table><thead><tr><th>Premiekategorier<\/th><th>Riktig antall<\/th><th>sjanse<\/th><\/tr><\/thead><tbody><tr><td>1<\/td><td>5 riktige MegaBall<\/td><td>1:302,575,350<\/td><\/tr><tr><td>2<\/td><td>5 riktige<\/td><td>1:12,607,306<\/td><\/tr><tr><td>3<\/td><td>4 riktig MegaBall<\/td><td>1:913.001<\/td><\/tr><tr><td>4<\/td><td>4 riktig<\/td><td>1:38.792<\/td><\/tr><tr><td>5<\/td><td>3 riktig MegaBall<\/td><td>1:14.547<\/td><\/tr><tr><td>6<\/td><td>3 riktige<\/td><td>1:606<\/td><\/tr><tr><td>7<\/td><td>2 riktige MegaBall<\/td><td>1:693<\/td><\/tr><tr><td>8<\/td><td>1 riktig MegaBall<\/td><td>1:89<\/td><\/tr><tr><td>9<\/td><td>0 riktig MegaBall<\/td><td>1:37<\/td><\/tr><\/tbody><\/table><\/figure>\n\n\n\n\n\n\n\n\n\n<h2 class=\"wp-block-heading\">Sannsynligheten for \u00e5 vinne WorldMillions<\/h2>\n\n\n\n\n\n<figure class=\"wp-block-table\"><table><thead><tr><th>Premiekategorier<\/th><th>Antall riktige<\/th><th>sjanse<\/th><\/tr><\/thead><tbody><tr><td>1<\/td><td>8 siste sifre<\/td><td>1:100,000,000<\/td><\/tr><tr><td>2<\/td><td>7 siste sifre<\/td><td>1:11.111.111<\/td><\/tr><tr><td>3<\/td><td>6 siste sifre<\/td><td>1:1.111.111<\/td><\/tr><tr><td>4<\/td><td>5 siste sifre<\/td><td>1:111.111<\/td><\/tr><tr><td>5<\/td><td>4 siste sifre<\/td><td>1:11.111<\/td><\/tr><tr><td>6<\/td><td>3 siste sifre<\/td><td>1:1.111<\/td><\/tr><tr><td>7<\/td><td>2 siste sifre<\/td><td>1:111<\/td><\/tr><tr><td>8<\/td><td>1 siste siffer<\/td><td>1:11<\/td><\/tr><tr><td>9<\/td><td>1 innledende siffer<\/td><td>1:11<\/td><\/tr><tr><td>10<\/td><td>Siste siffer 1<\/td><td>1:11<\/td><\/tr><tr><td>11<\/td><td>Siste siffer -1<\/td><td>1:11<\/td><\/tr><\/tbody><\/table><\/figure>\n\n\n\n\n\n<h2 class=\"wp-block-heading\">Sjansene for \u00e5 vinne Gl\u00fccksSpirale<\/h2>\n\n\n\n\n\n<figure class=\"wp-block-table\"><table><thead><tr><th>Premiekategorier<\/th><th>Antall riktige<\/th><th>sjanse<\/th><\/tr><\/thead><tbody><tr><td>7<\/td><td>7 siste sifre<\/td><td>1:10,000,000<\/td><\/tr><tr><td>6<\/td><td>6 siste sifre<\/td><td>1:500,000<\/td><\/tr><tr><td>5<\/td><td>5 siste sifre<\/td><td>1:100,000<\/td><\/tr><tr><td>4<\/td><td>4 siste sifre<\/td><td>1:10,000<\/td><\/tr><tr><td>3<\/td><td>3 siste sifre<\/td><td>1:1,000<\/td><\/tr><tr><td>2<\/td><td>2 siste sifre<\/td><td>1:100<\/td><\/tr><tr><td>1<\/td><td>1 siste siffer<\/td><td>1:10<\/td><\/tr><\/tbody><\/table><\/figure>\n\n\n\n\n\n<h2 class=\"wp-block-heading\">Sjansene for \u00e5 vinne El Gordo<\/h2>\n\n\n\n\n\n<figure class=\"wp-block-table\"><table><thead><tr><th>Premiekategorier<\/th><th>Riktig antall<\/th><th>sjanse<\/th><\/tr><\/thead><tbody><tr><td>1<\/td><td>Lotterinummer for El Gordo<\/td><td>1:100,000<\/td><\/tr><tr><td>2<\/td><td>Loddnummer for Segundo<\/td><td>1:100,000<\/td><\/tr><tr><td>3<\/td><td>Lotnummer for Tercero<\/td><td>1:100,000<\/td><\/tr><tr><td>4<\/td><td>Lotnummer for Cuarto<\/td><td>1:50,000<\/td><\/tr><tr><td>5<\/td><td>Partiets nummer for Quinto<\/td><td>1:12,500<\/td><\/tr><tr><td>6<\/td><td>La Pedrea lotterinummer<\/td><td>1:56<\/td><\/tr><tr><td>7<\/td><td>N\u00e6rliggende tall fra GK 1<\/td><td>1:50,000<\/td><\/tr><tr><td>8<\/td><td>Nabotall fra GK 2<\/td><td>1:50,000<\/td><\/tr><tr><td>9<\/td><td>N\u00e6rliggende tall fra GK 3<\/td><td>1:50,000<\/td><\/tr><tr><td>10<\/td><td>3 innledende sifre fra GK 1<\/td><td>1:1.010<\/td><\/tr><tr><td>11<\/td><td>3 innledende sifre fra GK 2<\/td><td>1:1.010<\/td><\/tr><tr><td>12<\/td><td>3 innledende sifre fra GK 3<\/td><td>1:1.010<\/td><\/tr><tr><td>13<\/td><td>3 innledende sifre fra GK 4<\/td><td>1:505<\/td><\/tr><tr><td>14<\/td><td>2 siste sifre fra GK 1<\/td><td>1:100<\/td><\/tr><tr><td>15<\/td><td>2 siste sifre fra GK 2<\/td><td>1:100<\/td><\/tr><tr><td>16<\/td><td>2 siste sifre fra GK 3<\/td><td>1:100<\/td><\/tr><tr><td>17<\/td><td>1 siste siffer fra GK 1<\/td><td>1:10<\/td><\/tr><\/tbody><\/table><\/figure>\n\n\n\n\n\n<h2 class=\"wp-block-heading\">Sannsynligheten for \u00e5 vinne El Ni\u00f1o<\/h2>\n\n\n\n\n\n<figure class=\"wp-block-table\"><table><thead><tr><th>Premiekategorier<\/th><th>Antall riktige<\/th><th>sjanse<\/th><\/tr><\/thead><tbody><tr><td>1<\/td><td>Lotterinummer for El Gordo<\/td><td>1:100,000<\/td><\/tr><tr><td>2<\/td><td>Loddnummer for Segundo<\/td><td>1:100,000<\/td><\/tr><tr><td>3<\/td><td>Lotnummer for Tercero<\/td><td>1:100,000<\/td><\/tr><tr><td>4<\/td><td>N\u00e6rliggende nummer fra GK 1<\/td><td>1:50,000<\/td><\/tr><tr><td>5<\/td><td>N\u00e6rliggende tall fra GK 2<\/td><td>1:50,000<\/td><\/tr><tr><td>6<\/td><td>4 riktige sluttsiffer<\/td><td>1:5,000<\/td><\/tr><tr><td>7<\/td><td>3 riktige sluttsifre<\/td><td>1:71<\/td><\/tr><tr><td>8<\/td><td>3 opprinnelige sifre fra GK 1<\/td><td>1:1.010<\/td><\/tr><tr><td>9<\/td><td>3 innledende sifre fra GK 2<\/td><td>1:1.010<\/td><\/tr><tr><td>10<\/td><td>3 innledende sifre fra GK 3<\/td><td>1:1.010<\/td><\/tr><tr><td>11<\/td><td>3 siste sifre fra GK 1<\/td><td>1:1.010<\/td><\/tr><tr><td>12<\/td><td>3 siste sifre fra GK 2<\/td><td>1:1.010<\/td><\/tr><tr><td>13<\/td><td>2 korrekte sluttsiffer<\/td><td>1:20<\/td><\/tr><tr><td>14<\/td><td>2 endelige sifre fra GK 1<\/td><td>1:100<\/td><\/tr><tr><td>15<\/td><td>1 siste siffer fra GK 1<\/td><td>1:10<\/td><\/tr><tr><td>16<\/td><td>1 riktig sluttsiffer<\/td><td>1:5<\/td><\/tr><\/tbody><\/table><\/figure>\n\n\n\n\n\n<h2 class=\"wp-block-heading\">Sjansene for \u00e5 vinne Vive la France<\/h2>\n\n\n\n\n\n<figure class=\"wp-block-table\"><table><thead><tr><th>Premiekategorier<\/th><th>Antall riktige<\/th><th>sjanse<\/th><\/tr><\/thead><tbody><tr><td>1<\/td><td>5 riktige tilleggstall<\/td><td>1:19,068,840<\/td><\/tr><tr><td>2<\/td><td>5 riktige<\/td><td>1:2,118,760<\/td><\/tr><tr><td>3<\/td><td>4 riktig tilleggstall<\/td><td>1:93.610<\/td><\/tr><tr><td>4<\/td><td>4 riktig<\/td><td>1:9.361<\/td><\/tr><tr><td>5<\/td><td>3 riktig tilleggsnummer<\/td><td>1:2.240<\/td><\/tr><tr><td>6<\/td><td>3 riktig<\/td><td>1:224<\/td><\/tr><tr><td>7<\/td><td>2 riktig tilleggstall<\/td><td>1:160<\/td><\/tr><tr><td>8<\/td><td>2 riktige<\/td><td>1:16<\/td><\/tr><tr><td>9<\/td><td>0 riktig tilleggstall<\/td><td>1:18<\/td><\/tr><\/tbody><\/table><\/figure>\n\n\n\n\n\n<h2 class=\"wp-block-heading\">Sjansene for \u00e5 vinne EuroDreams<\/h2>\n\n\n\n\n\n<figure class=\"wp-block-table\"><table><thead><tr><th>Premiekategorier<\/th><th>Antall riktige<\/th><th>sjanse<\/th><\/tr><\/thead><tbody><tr><td>1<\/td><td>6 riktig dr\u00f8mmetall<\/td><td>1:19,191,900<\/td><\/tr><tr><td>2<\/td><td>6 riktige<\/td><td>1:4,797,975<\/td><\/tr><tr><td>3<\/td><td>5 riktig<\/td><td>1:18.816<\/td><\/tr><tr><td>4<\/td><td>4 riktig<\/td><td>1:456<\/td><\/tr><tr><td>5<\/td><td>3 riktig<\/td><td>1:32<\/td><\/tr><tr><td>6<\/td><td>2 riktig<\/td><td>1:6<\/td><\/tr><\/tbody><\/table><\/figure>\n\n\n\n\n\n<h2 class=\"wp-block-heading\">Sjansene for \u00e5 vinne El Gordo Spring Lottery<\/h2>\n\n\n\n\n\n<figure class=\"wp-block-table\"><table><thead><tr><th>Premiekategorier<\/th><th>Riktig antall<\/th><th>sjanse<\/th><\/tr><\/thead><tbody><tr><td>1<\/td><td>Den st\u00f8rste fanen<\/td><td>1:100,000<\/td><\/tr><tr><td>2<\/td><td>Andre<\/td><td>1:100,000<\/td><\/tr><tr><td>3<\/td><td>N\u00e6rliggende tall fra El Gordo<\/td><td>1:50,000<\/td><\/tr><tr><td>4<\/td><td>N\u00e6rliggende tall fra Segundo<\/td><td>1:50,000<\/td><\/tr><tr><td>5<\/td><td>Tredje<\/td><td>1:2,000<\/td><\/tr><tr><td>6<\/td><td>Kvartaler<\/td><td>1:67<\/td><\/tr><tr><td>7<\/td><td>Quintos<\/td><td>1:50<\/td><\/tr><tr><td>8<\/td><td>Reintegrert<\/td><td>1:5<\/td><\/tr><tr><td>9<\/td><td>3 opprinnelige sifre fra El Gordo<\/td><td>1:1.010<\/td><\/tr><tr><td>10<\/td><td>3 innledende sifre fra Segundo<\/td><td>1:1.010<\/td><\/tr><tr><td>11<\/td><td>3 siste sifre fra El Gordo<\/td><td>1:1.010<\/td><\/tr><tr><td>12<\/td><td>2 siste sifre fra El Gordo<\/td><td>1:100<\/td><\/tr><tr><td>13<\/td><td>1 siste siffer fra El Gordo<\/td><td>1:10<\/td><\/tr><\/tbody><\/table><\/figure>\n\n\n\n\n\n<h2 class=\"wp-block-heading\">Sjansene for \u00e5 vinne PowerBall<\/h2>\n\n\n\n\n\n<figure class=\"wp-block-table\"><table><thead><tr><th>Premiekategorier<\/th><th>Riktig antall<\/th><th>sjanse<\/th><\/tr><\/thead><tbody><tr><td>1<\/td><td>5 riktige PowerBall<\/td><td>1:292.201.338<\/td><\/tr><tr><td>2<\/td><td>5 riktige<\/td><td>1:11,688,054<\/td><\/tr><tr><td>3<\/td><td>4 riktig PowerBall<\/td><td>1:913.129<\/td><\/tr><tr><td>4<\/td><td>4 riktig<\/td><td>1:36.525<\/td><\/tr><tr><td>5<\/td><td>3 riktig PowerBall<\/td><td>1:14.494<\/td><\/tr><tr><td>6<\/td><td>3 riktige<\/td><td>1:580<\/td><\/tr><tr><td>7<\/td><td>2 riktige PowerBall<\/td><td>1:701<\/td><\/tr><tr><td>8<\/td><td>1 riktig PowerBall<\/td><td>1:92<\/td><\/tr><tr><td>9<\/td><td>0 riktig PowerBall<\/td><td>1:38<\/td><\/tr><\/tbody><\/table><\/figure>\n\n\n\n\n\n<h2 class=\"wp-block-heading\">Sjansene for \u00e5 vinne BlitzCash<\/h2>\n\n\n\n\n\n<figure class=\"wp-block-table\"><table><thead><tr><th>Premiekategorier<\/th><th>Riktig antall<\/th><th>sjanse<\/th><\/tr><\/thead><tbody><tr><td>1<\/td><td>5 riktige<\/td><td>1:850.668<\/td><\/tr><tr><td>2<\/td><td>4 riktige<\/td><td>1:4.598<\/td><\/tr><tr><td>3<\/td><td>3 riktig<\/td><td>1:128<\/td><\/tr><\/tbody><\/table><\/figure>\n\n\n\n\n\n<h2 class=\"wp-block-heading\">Sjansene for \u00e5 vinne ExtraCash<\/h2>\n\n\n\n\n\n<figure class=\"wp-block-table\"><table><thead><tr><th>Premiekategorier<\/th><th>Riktig antall<\/th><th>sjanse<\/th><\/tr><\/thead><tbody><tr><td>1<\/td><td>5 riktige<\/td><td>1:850.668<\/td><\/tr><tr><td>2<\/td><td>4 riktige<\/td><td>1:4.598<\/td><\/tr><tr><td>3<\/td><td>3 riktig<\/td><td>1:128<\/td><\/tr><\/tbody><\/table><\/figure>\n\n\n\n\n\n<h2 class=\"wp-block-heading\">Vinnende sannsynligheter LOTTO 6aus49<\/h2>\n\n\n\n\n\n<figure class=\"wp-block-table\"><table><thead><tr><th>Premiekategorier<\/th><th>Antall riktige<\/th><th>sjanse<\/th><\/tr><\/thead><tbody><tr><td>1<\/td><td>6 riktig supertall<\/td><td>1:139,838,160<\/td><\/tr><tr><td>2<\/td><td>6 riktige<\/td><td>1:15,537,573<\/td><\/tr><tr><td>3<\/td><td>5 riktig supertall<\/td><td>1:542.008<\/td><\/tr><tr><td>4<\/td><td>5 riktig<\/td><td>1:60.223<\/td><\/tr><tr><td>5<\/td><td>4 riktig supernummer<\/td><td>1:10.324<\/td><\/tr><tr><td>6<\/td><td>4 riktig<\/td><td>1:1.147<\/td><\/tr><tr><td>7<\/td><td>3 riktig supernummer<\/td><td>1:567<\/td><\/tr><tr><td>8<\/td><td>3 riktige<\/td><td>1:63<\/td><\/tr><tr><td>9<\/td><td>2 riktige supertall<\/td><td>1:76<\/td><\/tr><\/tbody><\/table><\/figure>\n\n\n\n\n\n<h2 class=\"wp-block-heading\">Sannsynligheter for \u00e5 vinne Spiel77<\/h2>\n\n\n\n\n\n<figure class=\"wp-block-table\"><table><thead><tr><th>Premiekategorier<\/th><th>Antall riktige<\/th><th>sjanse<\/th><\/tr><\/thead><tbody><tr><td>1<\/td><td>7 siste sifre<\/td><td>1:10,000,000<\/td><\/tr><tr><td>2<\/td><td>6 siste sifre<\/td><td>1:1.111.111<\/td><\/tr><tr><td>3<\/td><td>5 siste sifre<\/td><td>1:111.111<\/td><\/tr><tr><td>4<\/td><td>4 siste sifre<\/td><td>1:11.111<\/td><\/tr><tr><td>5<\/td><td>3 siste sifre<\/td><td>1:1.111<\/td><\/tr><tr><td>6<\/td><td>2 siste sifre<\/td><td>1:111<\/td><\/tr><tr><td>7<\/td><td>1 siste siffer<\/td><td>1:11<\/td><\/tr><\/tbody><\/table><\/figure>\n\n\n\n\n\n<h2 class=\"wp-block-heading\">Sannsynligheten for \u00e5 vinne Super6<\/h2>\n\n\n\n\n\n<figure class=\"wp-block-table\"><table><thead><tr><th>Premiekategorier<\/th><th>Riktig antall<\/th><th>sjanse<\/th><\/tr><\/thead><tbody><tr><td>1<\/td><td>6 siste sifre<\/td><td>1:1,000,000<\/td><\/tr><tr><td>2<\/td><td>5 siste sifre<\/td><td>1:111.111<\/td><\/tr><tr><td>3<\/td><td>4 siste sifre<\/td><td>1:11.111<\/td><\/tr><tr><td>4<\/td><td>3 siste sifre<\/td><td>1:1.111<\/td><\/tr><tr><td>5<\/td><td>2 siste sifre<\/td><td>1:111<\/td><\/tr><tr><td>6<\/td><td>1 siste siffer<\/td><td>1:11<\/td><\/tr><\/tbody><\/table><\/figure>\n\n\n\n\n\n<h2 class=\"wp-block-heading\">Vinnende sannsynligheter LOTTO 6aus45<\/h2>\n\n\n\n\n\n<figure class=\"wp-block-table\"><table><thead><tr><th>Premiekategorier<\/th><th>Antall riktige<\/th><th>sjanse<\/th><\/tr><\/thead><tbody><tr><td>1<\/td><td>6 riktige<\/td><td>1:8,145,060<\/td><\/tr><tr><td>2<\/td><td>5 riktige tilleggstall<\/td><td>1:1,357,510<\/td><\/tr><tr><td>3<\/td><td>5 riktig<\/td><td>1:35.724<\/td><\/tr><tr><td>4<\/td><td>4 riktig tilleggsnummer<\/td><td>1:14.290<\/td><\/tr><tr><td>5<\/td><td>4 riktig<\/td><td>1:772<\/td><\/tr><tr><td>6<\/td><td>3 riktig tilleggsnummer<\/td><td>1:579<\/td><\/tr><tr><td>7<\/td><td>3 riktige<\/td><td>1:48<\/td><\/tr><tr><td>8<\/td><td>0 riktig tilleggstall<\/td><td>1:16<\/td><\/tr><\/tbody><\/table><\/figure>\n\n\n\n\n\n<h2 class=\"wp-block-heading\">Vinnende sannsynligheter LOTTO 6aus45 JOKER<\/h2>\n\n\n\n\n\n<figure class=\"wp-block-table\"><table><thead><tr><th>Premiekategorier<\/th><th>Antall riktige<\/th><th>sjanse<\/th><\/tr><\/thead><tbody><tr><td>1<\/td><td>6 siste sifre<\/td><td>1:1,000,000<\/td><\/tr><tr><td>2<\/td><td>5 siste sifre<\/td><td>1:111.111<\/td><\/tr><tr><td>3<\/td><td>4 siste sifre<\/td><td>1:11.111<\/td><\/tr><tr><td>4<\/td><td>3 siste sifre<\/td><td>1:1.111<\/td><\/tr><tr><td>5<\/td><td>2 siste sifre<\/td><td>1:111<\/td><\/tr><tr><td>6<\/td><td>1 siste siffer<\/td><td>1:11<\/td><\/tr><\/tbody><\/table><\/figure>\n\n\n\n\n\n<h2 class=\"wp-block-heading\">Sjansene for \u00e5 vinne LOTTO Plus<\/h2>\n\n\n\n\n\n<figure class=\"wp-block-table\"><table><thead><tr><th>Premiekategorier<\/th><th>Riktig antall<\/th><th>sjanse<\/th><\/tr><\/thead><tbody><tr><td>1<\/td><td>6 riktige<\/td><td>1:8,145,060<\/td><\/tr><tr><td>2<\/td><td>5 riktige<\/td><td>1:34.808<\/td><\/tr><tr><td>3<\/td><td>4 riktig<\/td><td>1:733<\/td><\/tr><tr><td>4<\/td><td>3 riktig<\/td><td>1:45<\/td><\/tr><\/tbody><\/table><\/figure>\n\n\n\n\n\n<h2 class=\"wp-block-heading\">Sjansene for \u00e5 vinne SwissLotto<\/h2>\n\n\n\n\n\n<figure class=\"wp-block-table\"><table><thead><tr><th>Premiekategorier<\/th><th>Antall riktige<\/th><th>sjanse<\/th><\/tr><\/thead><tbody><tr><td>1<\/td><td>6 riktig lykketall<\/td><td>1:31,474,716<\/td><\/tr><tr><td>2<\/td><td>6 riktige<\/td><td>1:6,294,943<\/td><\/tr><tr><td>3<\/td><td>5 riktig lykketall<\/td><td>1:145.716<\/td><\/tr><tr><td>4<\/td><td>5 riktig<\/td><td>1:29.143<\/td><\/tr><tr><td>5<\/td><td>4 riktig lykketall<\/td><td>1:3.331<\/td><\/tr><tr><td>6<\/td><td>4 riktig<\/td><td>1:666<\/td><\/tr><tr><td>7<\/td><td>3 riktig lykketall<\/td><td>1:220<\/td><\/tr><tr><td>8<\/td><td>3 riktige<\/td><td>1:44<\/td><\/tr><\/tbody><\/table><\/figure>\n\n\n\n\n\n<h2 class=\"wp-block-heading\">Sannsynligheter for \u00e5 vinne SwissLotto JOKER<\/h2>\n\n\n\n\n\n<figure class=\"wp-block-table\"><table><thead><tr><th>Premiekategorier<\/th><th>Antall riktige<\/th><th>sjanse<\/th><\/tr><\/thead><tbody><tr><td>1<\/td><td>6 siste sifre<\/td><td>1:1,000,000<\/td><\/tr><tr><td>2<\/td><td>5 siste sifre<\/td><td>1:111.111<\/td><\/tr><tr><td>3<\/td><td>4 siste sifre<\/td><td>1:11.111<\/td><\/tr><tr><td>4<\/td><td>3 siste sifre<\/td><td>1:1.111<\/td><\/tr><tr><td>5<\/td><td>2 siste sifre<\/td><td>1:111<\/td><\/tr><tr><td>6<\/td><td>1 siste siffer<\/td><td>1:11<\/td><\/tr><\/tbody><\/table><\/figure>\n\n\n\n\n\n<h2 class=\"wp-block-heading\">Odds for \u00e5 vinne Daily Million<\/h2>\n\n\n\n\n\n<figure class=\"wp-block-table\"><table><thead><tr><th>Premiekategorier<\/th><th>Riktig antall<\/th><th>sjanse<\/th><\/tr><\/thead><tbody><tr><td>1<\/td><td>6 riktige<\/td><td>1:3,262,623<\/td><\/tr><tr><td>2<\/td><td>5 riktige bonustall<\/td><td>1:543.771<\/td><\/tr><tr><td>3<\/td><td>5 riktige<\/td><td>1:16.993<\/td><\/tr><tr><td>4<\/td><td>4 riktig bonusnummer<\/td><td>1:6.797<\/td><\/tr><tr><td>5<\/td><td>4 riktige<\/td><td>1:439<\/td><\/tr><tr><td>6<\/td><td>3 riktige bonustall<\/td><td>1:329<\/td><\/tr><tr><td>7<\/td><td>3 riktige<\/td><td>1:33<\/td><\/tr><\/tbody><\/table><\/figure>\n\n","protected":false},"excerpt":{"rendered":"<p>Vinnersannsynligheter i lotterier Lotteri odds og resultatside Velkommen til din ultimate destinasjon for omfattende innsikt i lotterier! Her tilbyr vi oppdaterte lotteriresultater, detaljerte premieoversikter og trekningsresultater for \u00e5 holde deg informert om det siste som skjer i lotteriverdenen. Enten du er en erfaren spiller eller en nykommer, er ressursene v\u00e5re designet for \u00e5 forbedre lottoopplevelsen [&hellip;]<\/p>\n","protected":false},"author":1,"featured_media":0,"parent":0,"menu_order":0,"comment_status":"closed","ping_status":"closed","template":"","meta":{"footnotes":""},"class_list":["post-1641","page","type-page","status-publish","hentry"],"blocksy_meta":{"has_hero_section":"disabled","styles_descriptor":{"styles":{"desktop":"","tablet":"","mobile":""},"google_fonts":[],"version":6}},"_links":{"self":[{"href":"https:\/\/jackpotgenius.ai\/no\/wp-json\/wp\/v2\/pages\/1641","targetHints":{"allow":["GET"]}}],"collection":[{"href":"https:\/\/jackpotgenius.ai\/no\/wp-json\/wp\/v2\/pages"}],"about":[{"href":"https:\/\/jackpotgenius.ai\/no\/wp-json\/wp\/v2\/types\/page"}],"author":[{"embeddable":true,"href":"https:\/\/jackpotgenius.ai\/no\/wp-json\/wp\/v2\/users\/1"}],"replies":[{"embeddable":true,"href":"https:\/\/jackpotgenius.ai\/no\/wp-json\/wp\/v2\/comments?post=1641"}],"version-history":[{"count":1,"href":"https:\/\/jackpotgenius.ai\/no\/wp-json\/wp\/v2\/pages\/1641\/revisions"}],"predecessor-version":[{"id":12238,"href":"https:\/\/jackpotgenius.ai\/no\/wp-json\/wp\/v2\/pages\/1641\/revisions\/12238"}],"wp:attachment":[{"href":"https:\/\/jackpotgenius.ai\/no\/wp-json\/wp\/v2\/media?parent=1641"}],"curies":[{"name":"wp","href":"https:\/\/api.w.org\/{rel}","templated":true}]}}