{"id":12062,"date":"2025-06-23T10:03:27","date_gmt":"2025-06-23T10:03:27","guid":{"rendered":"https:\/\/jackpotgenius.ai\/ai-lottery-random-number-generator-custom-range-step-no-duplicates\/"},"modified":"2025-09-07T14:25:33","modified_gmt":"2025-09-07T14:25:33","slug":"ai-lotteri-og-tilfeldig-tallgenerator","status":"publish","type":"page","link":"https:\/\/jackpotgenius.ai\/no\/ai-lotteri-og-tilfeldig-tallgenerator\/","title":{"rendered":"AI-lotteri og tilfeldig tallgenerator"},"content":{"rendered":"\n<p>Velkommen til JackpotGenius&#8217; <strong>AI Lottery &amp; Random Number Generator<\/strong>, ditt ultimate verkt\u00f8y for \u00e5 generere virkelig tilfeldige eller AI-analyserte tall for lotteri, spill og mer! Enten du er ute etter en rask lottotallplukker, en tilfeldig tallgenerator med tilpasset rekkevidde og trinn, eller \u00f8nsker \u00e5 analysere varme og kalde lottotall med kunstig intelligens, er du p\u00e5 rett sted.<\/p>\n\n\n\n<h2 class=\"wp-block-heading\">Hvorfor bruke v\u00e5r generator for tilfeldige tall?<\/h2>\n\n\n\n<p>V\u00e5r avanserte generator for tilfeldige tall er utviklet for maksimal fleksibilitet og n\u00f8yaktighet. I motsetning til grunnleggende generatorer lar JackpotGenius deg<\/p>\n\n\n\n<ul class=\"wp-block-list\">\n<li><strong>Angi et hvilket som helst tallomr\u00e5de<\/strong> (f.eks. 1-49, 100-1000 eller til og med desimaltall som 0,1-5,0)<\/li>\n\n\n\n<li><strong>Velge trinnverdi<\/strong> (f.eks. 1, 5, 10, 0,1 osv.)<\/li>\n\n\n\n<li><strong>Generer et hvilket som helst antall tall samtidig<\/strong><\/li>\n\n\n\n<li><strong>Tillat eller avsl\u00e5 dupliserte tall<\/strong><\/li>\n\n\n\n<li><strong>Velg tall for alle lotterispill<\/strong> (Powerball, Mega Millions, EuroMillions, og mer)<\/li>\n\n\n\n<li><strong>Kombiner AI-analyse for varme, kalde og predikerte tall<\/strong><\/li>\n<\/ul>\n\n\n\n<p>Enten du vil ha rene tilfeldige tall eller AI-drevne sp\u00e5dommer, er verkt\u00f8yet v\u00e5rt perfekt for lotterispillere, gamere og alle som trenger tilpassede tilfeldige tall.<\/p>\n\n\n\n<div class=\"wp-block-columns is-layout-flex wp-container-core-columns-is-layout-28f84493 wp-block-columns-is-layout-flex\">\n<div class=\"wp-block-column is-layout-flow wp-block-column-is-layout-flow\"><div class=\"message-box outline\">\n    <label for=\"min_number\">\n        Minimumstall    <\/label>\n        <input type=\"number\" step=\"0.1\" class=\"input-text\" name=\"min_number\" id=\"min_number\" value=\"0\" \/>\n\n    <label for=\"max_number\" class=\"pt-1\">\n        Maksimumstall    <\/label>\n        <input type=\"number\" step=\"0.1\" class=\"input-text\" name=\"max_number\" id=\"max_number\" value=\"100\" \/>\n\n    <label for=\"step_value\" class=\"pt-1\">\n        Steg        <a href=\"#\" id=\"set-step-05\" class=\"badge\">0.5<\/a>\n        <a href=\"#\" id=\"set-step-1\" class=\"badge\">1<\/a>\n        <a href=\"#\" id=\"set-step-5\" class=\"badge\">5<\/a>\n    <\/label>\n        <input type=\"number\" step=\"0.1\" class=\"input-text\" name=\"step_value\" id=\"step_value\" value=\"1\" \/>\n\n    <label for=\"numbers_to_generate\" class=\"pt-1\">\n        Antall tall \u00e5 generere    <\/label>\n        <input type=\"number\" step=\"1\" class=\"input-text\" name=\"numbers_to_generate\" id=\"numbers_to_generate\" value=\"1\" \/>\n\n    <label for=\"allow_duplicates\" class=\"pt-1\">\n        <input type=\"checkbox\" name=\"allow_duplicates\" id=\"allow_duplicates\" value=\"1\" \/>\n        Tillat dupliserte tall    <\/label>\n    <button id=\"generate-random-numbers\" class=\"woocommerce-button button-gradient-orange button wp-block-column\">Generer tall<\/button>\n    <div id=\"random-numbers-error\" class=\"d-none message-box error mt-1\"><\/div>\n    <div id=\"random-numbers-container\" class=\"random-numbers-container container mt-1 d-none\">\n        <span>Genererte tall:<\/span>\n        <h4 id=\"generated-numbers\" class=\"text-bold\">5<\/h4>\n    <\/div>\n<\/div>\n<\/div>\n\n\n\n<div class=\"wp-block-column is-layout-flow wp-block-column-is-layout-flow\">\n<h2 class=\"wp-block-heading\">Slik bruker du generatoren for tilfeldige tall<\/h2>\n\n\n\n<ol class=\"wp-block-list\">\n<li><strong>Angi rekkevidden din:<\/strong><br>Angi \u00f8nskede minimums- og maksimumsverdier. Du kan bruke hele tall eller desimaltall for full fleksibilitet.<\/li>\n\n\n\n<li><strong>Velg trinnverdi:<\/strong><br>Velg intervallet mellom de genererte tallene (f.eks. 1, 5, 0,5, 10).<\/li>\n\n\n\n<li><strong>Velg Number Count:<\/strong><br>Bestem hvor mange tall du vil generere p\u00e5 \u00e9n gang.<\/li>\n\n\n\n<li><strong>Tillat eller avsl\u00e5 duplikater:<\/strong><br>Velg om du vil ha unike tall eller om duplikater er tillatt.<\/li>\n\n\n\n<li><strong>Generer tall:<\/strong><br>Klikk p\u00e5 &laquo;Generer&raquo;-knappen og se de tilfeldige tallene dine umiddelbart &#8211; perfekt for loddtrekninger, utlodninger, spill eller andre scenarioer som krever randomisering.<\/li>\n\n\n\n<li><strong>Valgfritt &#8211; AI-analyse:<\/strong><br>For lotterientusiaster kan du pr\u00f8ve v\u00e5re <a href=\"https:\/\/jackpotgenius.ai\/it\/lotteria\/\">AI-drevne alternativer for \u00e5 generere varme, kalde eller fullstendig AI-analyserte tall for favorittlotterispillene dine!<\/a><\/li>\n<\/ol>\n<\/div>\n<\/div>\n\n\n\n<h2 class=\"wp-block-heading\" id=\"why-jackpotgenius-is-the-best-choice\">Hvorfor JackpotGenius er det beste valget<\/h2>\n\n\n\n<ul class=\"wp-block-list\">\n<li><strong>AI-lotteritallgenerator:<\/strong> Utnytt kraften i kunstig intelligens til \u00e5 analysere tidligere trekninger og generere smarte lotterivalg.<\/li>\n\n\n\n<li><strong>Generator for tilfeldige lotteritall:<\/strong> F\u00e5 virkelig tilfeldige tall for ethvert lotteri, spill eller program.<\/li>\n\n\n\n<li><strong>Tilpasset rekkevidde og trinn:<\/strong> Ingen grenser &#8211; generer tall for ethvert scenario, fra enkle trekninger til komplekse spill.<\/li>\n\n\n\n<li><strong>Alternativ for ingen duplikater:<\/strong> S\u00f8rg for at tallene dine alltid er unike hvis du trenger det.<\/li>\n\n\n\n<li><strong>Gratis og enkel \u00e5 bruke:<\/strong> Ingen registrering kreves &#8211; bare angi preferansene dine og generer!<\/li>\n<\/ul>\n\n\n\n<h2 class=\"wp-block-heading\">Ofte stilte sp\u00f8rsm\u00e5l<\/h2>\n\n\n<div id=\"rank-math-faq\" class=\"rank-math-block\">\n<div class=\"rank-math-list \">\n<div id=\"faq-question-68ac3b02bb3c2\" class=\"rank-math-list-item\">\n<h3 class=\"rank-math-question \"><strong>Kan jeg bruke dette til alle lotterier?<\/strong><\/h3>\n<div class=\"rank-math-answer \">\n\n<p>Absolutt! Generatoren v\u00e5r fungerer for <a href=\"https:\/\/jackpotgenius.ai\/no\/lottery\/generer-eurojackpot-lotteritall\/\">EuroJackpot<\/a>, <a href=\"https:\/\/jackpotgenius.ai\/no\/lottery\/generer-vikinglotto-lottotall\/\">VikingLotto<\/a>, <a href=\"https:\/\/jackpotgenius.ai\/no\/lottery\/generer-euromillions-lotteritall\/\">EuroMillions<\/a> og alle andre lotterier eller spill.<\/p>\n\n<\/div>\n<\/div>\n<div id=\"faq-question-68ac3b02bb3c6\" class=\"rank-math-list-item\">\n<h3 class=\"rank-math-question \"><strong>Er dette en ekte tilfeldig tallgenerator?<\/strong><\/h3>\n<div class=\"rank-math-answer \">\n\n<p>Ja, verkt\u00f8yet v\u00e5rt bruker avanserte algoritmer for \u00e5 sikre tilfeldighet. For lotteri kan du ogs\u00e5 bruke v\u00e5r AI-lotteriprediktor for smartere valg.<\/p>\n\n<\/div>\n<\/div>\n<div id=\"faq-question-68ac3b02bb3c7\" class=\"rank-math-list-item\">\n<h3 class=\"rank-math-question \"><strong>Kan jeg generere tall med desimaler?<\/strong><\/h3>\n<div class=\"rank-math-answer \">\n\n<p>Ja, bare sett trinnverdien til en desimal (f.eks. 0,1) og nyt fleksibel tallgenerering.<\/p>\n\n<\/div>\n<\/div>\n<\/div>\n<\/div>\n\n\n<h2 class=\"wp-block-heading\">Pr\u00f8v JackpotGenius&#8217; AI-lotteri- og tilfeldige tallgenerator n\u00e5!<\/h2>\n\n\n\n<p>Enten du trenger en rask lottotallsgenerator, en tilfeldig tallgenerator med egendefinert rekkevidde og trinn, eller \u00f8nsker \u00e5 utnytte AI til \u00e5 forutsi lottosp\u00e5dommer, har JackpotGenius det du trenger. Generer lykketallene dine i dag og \u00f8k sjansene dine med det smarteste og mest fleksible verkt\u00f8yet p\u00e5 nettet!<br><\/p>\n","protected":false},"excerpt":{"rendered":"<p>Velkommen til JackpotGenius&#8217; AI Lottery &amp; Random Number Generator, ditt ultimate verkt\u00f8y for \u00e5 generere virkelig tilfeldige eller AI-analyserte tall for lotteri, spill og mer! Enten du er ute etter en rask lottotallplukker, en tilfeldig tallgenerator med tilpasset rekkevidde og trinn, eller \u00f8nsker \u00e5 analysere varme og kalde lottotall med kunstig intelligens, er du p\u00e5 [&hellip;]<\/p>\n","protected":false},"author":1,"featured_media":0,"parent":0,"menu_order":0,"comment_status":"closed","ping_status":"closed","template":"","meta":{"footnotes":""},"class_list":["post-12062","page","type-page","status-publish","hentry"],"blocksy_meta":[],"_links":{"self":[{"href":"https:\/\/jackpotgenius.ai\/no\/wp-json\/wp\/v2\/pages\/12062","targetHints":{"allow":["GET"]}}],"collection":[{"href":"https:\/\/jackpotgenius.ai\/no\/wp-json\/wp\/v2\/pages"}],"about":[{"href":"https:\/\/jackpotgenius.ai\/no\/wp-json\/wp\/v2\/types\/page"}],"author":[{"embeddable":true,"href":"https:\/\/jackpotgenius.ai\/no\/wp-json\/wp\/v2\/users\/1"}],"replies":[{"embeddable":true,"href":"https:\/\/jackpotgenius.ai\/no\/wp-json\/wp\/v2\/comments?post=12062"}],"version-history":[{"count":3,"href":"https:\/\/jackpotgenius.ai\/no\/wp-json\/wp\/v2\/pages\/12062\/revisions"}],"predecessor-version":[{"id":12103,"href":"https:\/\/jackpotgenius.ai\/no\/wp-json\/wp\/v2\/pages\/12062\/revisions\/12103"}],"wp:attachment":[{"href":"https:\/\/jackpotgenius.ai\/no\/wp-json\/wp\/v2\/media?parent=12062"}],"curies":[{"name":"wp","href":"https:\/\/api.w.org\/{rel}","templated":true}]}}