{"id":18683,"date":"2026-05-05T16:35:22","date_gmt":"2026-05-05T16:35:22","guid":{"rendered":"https:\/\/jackpotgenius.ai\/?page_id=18683"},"modified":"2026-05-05T17:02:41","modified_gmt":"2026-05-05T17:02:41","slug":"kotimaiset-lotot","status":"publish","type":"page","link":"https:\/\/jackpotgenius.ai\/fi\/kotimaiset-lotot\/","title":{"rendered":"Kotimaiset lotot"},"content":{"rendered":"\n<h2 class=\"wp-block-heading\">Lottokansan uusi aikakausi: Data, AI ja matemaattinen l\u00e4hestymistapa suomalaiseen lottoon<\/h2>\n\n\n\n<p>Suomi on lottokansaa. Meille lauantai-illan arvonta ei ole vain peli\u00e4, se on perinne. Mutta perinteiden rinnalla on syntynyt uusi pelaajasukupolvi: <strong>datalla pelaajat<\/strong>. N\u00e4m\u00e4 pelaajat eiv\u00e4t valitse numeroitaan lapsen syntym\u00e4p\u00e4iv\u00e4n tai onnenluvun perusteella. He haluavat ymm\u00e4rt\u00e4\u00e4 todenn\u00e4k\u00f6isyyksi\u00e4, seurata trendej\u00e4 ja hy\u00f6dynt\u00e4\u00e4 uusinta teknologiaa, kuten teko\u00e4ly\u00e4.<\/p>\n\n\n\n<p>T\u00e4ss\u00e4 oppaassa sukulaisimme syv\u00e4lle suomalaisen online-lotton maailmaan, analysoimme eroja kotimaisten ja ulkomaisten pelien v\u00e4lill\u00e4 ja paljastamme, miten <strong>JackpotGenius AI v2<\/strong> muuttaa tapasi katsoa arvontatuloksia.<\/p>\n\n\n\n<h2 class=\"wp-block-heading\">Suomalainen lotto vs. Kansainv\u00e4liset j\u00e4ttil\u00e4iset<\/h2>\n\n\n\n<p>Suomalainen pelaaja on nyky\u00e4\u00e4n valveutunut. Emme tyydy vain yhteen peliin, vaan vertailemme vaihtoehtoja. T\u00e4ss\u00e4 on analyysi siit\u00e4, mit\u00e4 ammattimaiset pelaajat hakevat eri kategorioista:<\/p>\n\n\n\n<h3 class=\"wp-block-heading\">Kotimainen Lotto (7\/40)<\/h3>\n\n\n\n<p>Kotimainen Lotto on klassikko, mutta sen matemaattinen luonne on muuttunut vuosikymmenten varrella.<\/p>\n\n\n\n<ul class=\"wp-block-list\">\n<li><strong>P\u00e4\u00e4voiton todenn\u00e4k\u00f6isyys:<\/strong> Noin 1:18,6 miljoonaan.<\/li>\n\n\n\n<li><strong>Analyytikon n\u00e4k\u00f6kulma:<\/strong> Pienempi pelaajapooli tarkoittaa pienempi\u00e4 potteja, mutta my\u00f6s v\u00e4hemm\u00e4n &#8221;jakajia&#8221; mahdollisessa t\u00e4ysosumassa.<\/li>\n\n\n\n<li><strong>Erikoisuus:<\/strong> Lauantai-illan perinne ja Plus-numero, joka tuo lis\u00e4maustetta analyysiin.<\/li>\n<\/ul>\n\n\n\n<div class=\"wp-block-columns is-layout-flex wp-container-core-columns-is-layout-28f84493 wp-block-columns-is-layout-flex\">\n<div class=\"wp-block-column is-layout-constrained wp-container-core-column-is-layout-d3c951e3 wp-block-column-is-layout-constrained\"><div class=\"wp-block-columns lottery-holder\">\n            <div class=\"wp-block-column lottery-item-wrapper\">\n        <div class=\"lottery-item  is-layout-flex items-justified-center wp-block-columns-is-layout-flex\">\n            <a href=\"https:\/\/jackpotgenius.ai\/fi\/lottery\/generoi-veikkaus-lottorivi\/\">\n                <img decoding=\"async\"\n                    src=\"https:\/\/jackpotgenius.ai\/wp-content\/themes\/jackpot-genius\/assets\/media\/lotto\/veikkaus.svg\"\n                    class=\"aligncenter lottery-logo matomoContentTarget\"\n                    alt=\"Generoi Veikkaus lottorivi logo\"\n                \/>\n            <\/a>\n            <div class=\"jackpot-holder\">\n                <small>Nykyinen j\u00e4ttipotti<\/small>\n                <a href=\"https:\/\/jackpotgenius.ai\/fi\/lottery\/generoi-veikkaus-lottorivi\/\">\n                    <h3 class=\"jackpot text-gradient\">\n                        6 000 000                        \u20ac                    <\/h3>\n                <\/a>\n            <\/div>\n            <div class=\"wp-block-columns lottery-highlights\">\n                <div class=\"wp-block-column\">\n                    <img decoding=\"async\" src=\"https:\/\/jackpotgenius.ai\/wp-content\/themes\/jackpot-genius\/assets\/media\/pulse-black.svg\" alt=\"Analysoidut\" title=\"\">\n                    <small>Analysoidut<\/small>\n                    <span>435<\/span>\n                <\/div>\n                <div class=\"wp-block-column\">\n                    <img decoding=\"async\" src=\"https:\/\/jackpotgenius.ai\/wp-content\/themes\/jackpot-genius\/assets\/media\/calendar-date-black.svg\" alt=\"Sinkronointip\u00e4iv\u00e4\" title=\"\">\n                    <small>Sinkronointip\u00e4iv\u00e4<\/small>\n                    <span>2026-05-05<\/span>\n                <\/div>\n                <div class=\"wp-block-column\">\n                    <img decoding=\"async\" src=\"https:\/\/jackpotgenius.ai\/wp-content\/themes\/jackpot-genius\/assets\/media\/calendar-event-black.svg\" alt=\"Historiatiedot\" title=\"\">\n                    <small>Historiatiedot<\/small>\n                    <span>9+ vuotta<\/span>\n                <\/div>\n            <\/div>\n            <div class=\"button-gradient-orange\">\n                <a href=\"https:\/\/jackpotgenius.ai\/fi\/lottery\/generoi-veikkaus-lottorivi\/\" class=\"button-gradient-orange button wp-block-column matomoContentTarget\">Luo numeroita<\/a>\n            <\/div>\n        <\/div>\n\n    <\/div>\n            <div class=\"wp-block-column lottery-item-wrapper\">\n        <div class=\"lottery-item  is-layout-flex items-justified-center wp-block-columns-is-layout-flex\">\n            <a href=\"https:\/\/jackpotgenius.ai\/fi\/lottery\/luo-vikinglotto-lottorivi\/\">\n                <img decoding=\"async\"\n                    src=\"https:\/\/jackpotgenius.ai\/wp-content\/themes\/jackpot-genius\/assets\/media\/lotto\/vikinglotto.svg\"\n                    class=\"aligncenter lottery-logo matomoContentTarget\"\n                    alt=\"Luo VikingLotto lottorivi logo\"\n                \/>\n            <\/a>\n            <div class=\"jackpot-holder\">\n                <small>Nykyinen j\u00e4ttipotti<\/small>\n                <a href=\"https:\/\/jackpotgenius.ai\/fi\/lottery\/luo-vikinglotto-lottorivi\/\">\n                    <h3 class=\"jackpot text-gradient\">\n                        12 600 000                        \u20ac                    <\/h3>\n                <\/a>\n            <\/div>\n            <div class=\"wp-block-columns lottery-highlights\">\n                <div class=\"wp-block-column\">\n                    <img decoding=\"async\" src=\"https:\/\/jackpotgenius.ai\/wp-content\/themes\/jackpot-genius\/assets\/media\/pulse-black.svg\" alt=\"Analysoidut\" title=\"\">\n                    <small>Analysoidut<\/small>\n                    <span>467<\/span>\n                <\/div>\n                <div class=\"wp-block-column\">\n                    <img decoding=\"async\" src=\"https:\/\/jackpotgenius.ai\/wp-content\/themes\/jackpot-genius\/assets\/media\/calendar-date-black.svg\" alt=\"Sinkronointip\u00e4iv\u00e4\" title=\"\">\n                    <small>Sinkronointip\u00e4iv\u00e4<\/small>\n                    <span>2026-05-05<\/span>\n                <\/div>\n                <div class=\"wp-block-column\">\n                    <img decoding=\"async\" src=\"https:\/\/jackpotgenius.ai\/wp-content\/themes\/jackpot-genius\/assets\/media\/calendar-event-black.svg\" alt=\"Historiatiedot\" title=\"\">\n                    <small>Historiatiedot<\/small>\n                    <span>8+ vuotta<\/span>\n                <\/div>\n            <\/div>\n            <div class=\"button-gradient-orange\">\n                <a href=\"https:\/\/jackpotgenius.ai\/fi\/lottery\/luo-vikinglotto-lottorivi\/\" class=\"button-gradient-orange button wp-block-column matomoContentTarget\">Luo numeroita<\/a>\n            <\/div>\n        <\/div>\n\n    <\/div>\n            <div class=\"wp-block-column lottery-item-wrapper\">\n        <div class=\"lottery-item  is-layout-flex items-justified-center wp-block-columns-is-layout-flex\">\n            <a href=\"https:\/\/jackpotgenius.ai\/fi\/lottery\/luo-eurojackpot-lottorivi\/\">\n                <img decoding=\"async\"\n                    src=\"https:\/\/jackpotgenius.ai\/wp-content\/themes\/jackpot-genius\/assets\/media\/lotto\/eurojackpot.svg\"\n                    class=\"aligncenter lottery-logo matomoContentTarget\"\n                    alt=\"Luo EuroJackpot lottorivi logo\"\n                \/>\n            <\/a>\n            <div class=\"jackpot-holder\">\n                <small>Nykyinen j\u00e4ttipotti<\/small>\n                <a href=\"https:\/\/jackpotgenius.ai\/fi\/lottery\/luo-eurojackpot-lottorivi\/\">\n                    <h3 class=\"jackpot text-gradient\">\n                        64 000 000                        \u20ac                    <\/h3>\n                <\/a>\n            <\/div>\n            <div class=\"wp-block-columns lottery-highlights\">\n                <div class=\"wp-block-column\">\n                    <img decoding=\"async\" src=\"https:\/\/jackpotgenius.ai\/wp-content\/themes\/jackpot-genius\/assets\/media\/pulse-black.svg\" alt=\"Analysoidut\" title=\"\">\n                    <small>Analysoidut<\/small>\n                    <span>948<\/span>\n                <\/div>\n                <div class=\"wp-block-column\">\n                    <img decoding=\"async\" src=\"https:\/\/jackpotgenius.ai\/wp-content\/themes\/jackpot-genius\/assets\/media\/calendar-date-black.svg\" alt=\"Sinkronointip\u00e4iv\u00e4\" title=\"\">\n                    <small>Sinkronointip\u00e4iv\u00e4<\/small>\n                    <span>2026-05-05<\/span>\n                <\/div>\n                <div class=\"wp-block-column\">\n                    <img decoding=\"async\" src=\"https:\/\/jackpotgenius.ai\/wp-content\/themes\/jackpot-genius\/assets\/media\/calendar-event-black.svg\" alt=\"Historiatiedot\" title=\"\">\n                    <small>Historiatiedot<\/small>\n                    <span>14+ vuotta<\/span>\n                <\/div>\n            <\/div>\n            <div class=\"button-gradient-orange\">\n                <a href=\"https:\/\/jackpotgenius.ai\/fi\/lottery\/luo-eurojackpot-lottorivi\/\" class=\"button-gradient-orange button wp-block-column matomoContentTarget\">Luo numeroita<\/a>\n            <\/div>\n        <\/div>\n\n    <\/div>\n    <\/div>\n<\/div>\n<\/div>\n\n\n\n<h3 class=\"wp-block-heading\">Eurojackpot ja ulkomaiset pelit (Powerball, Mega Millions)<\/h3>\n\n\n\n<p>Kun siirryt\u00e4\u00e4n online-lottoon kansainv\u00e4lisell\u00e4 tasolla, s\u00e4\u00e4nn\u00f6t muuttuvat.<\/p>\n\n\n\n<ul class=\"wp-block-list\">\n<li><strong>Volatiliteetti:<\/strong> Eurojackpotissa p\u00e4\u00e4voiton todenn\u00e4k\u00f6isyys (1:140 miljoonaan) on huomattavasti vaikeampi, mutta potit voivat nousta 120 miljoonaan euroon.<\/li>\n\n\n\n<li><strong>Kansainv\u00e4linen kilpailu:<\/strong> Online-alustat mahdollistavat osallistumisen my\u00f6s Yhdysvaltain j\u00e4ttiarvontoihin, joissa potit mitataan miljardeissa. T\u00e4\u00e4ll\u00e4 AI:n rooli korostuu, sill\u00e4 datam\u00e4\u00e4r\u00e4t ovat massiivisia.<\/li>\n<\/ul>\n\n\n\n<h2 class=\"wp-block-heading\">Teko\u00e4ly lottostrategian ytimess\u00e4: Miten se toimii?<\/h2>\n\n\n\n<p>Monet pelaajat kysyv\u00e4t: <em>&#8221;Voiko teko\u00e4ly todella ennustaa lottonumerot?&#8221;<\/em> Rehellinen vastaus on: mik\u00e4\u00e4n kone ei voi ennustaa t\u00e4ysin satunnaista fysikaalista tapahtumaa. Mutta AI voi tehd\u00e4 jotain, mihin ihmisaivot eiv\u00e4t pysty: <strong>se voi eliminoida kohinan ja optimoida rakenteen.<\/strong><\/p>\n\n\n\n<h3 class=\"wp-block-heading\">JackpotGenius v2: Enemm\u00e4n kuin satunnaisgeneraattori<\/h3>\n\n\n\n<p>Tavallinen online-loton &#8221;Pikavalinta&#8221; arpoo numerot t\u00e4ysin sokkona. Meid\u00e4n AI-generaattorimme toimii toisin:<\/p>\n\n\n\n<ol start=\"1\" class=\"wp-block-list\">\n<li><strong>Historiallinen regressio:<\/strong> AI analysoi yli 50 vuoden lottodataa. Se tunnistaa, mitk\u00e4 numeroyhdistelm\u00e4t (esim. per\u00e4kk\u00e4iset numerot tai tiettyyn kymmenykseen painottuvat rivit) toteutuvat useimmin.<\/li>\n\n\n\n<li><strong>Kuumien ja kylmien numeroiden tasapainotus:<\/strong> Pelkkien &#8221;kuumien&#8221; numeroiden pelaaminen on yleinen virhe. AI laskee optimaalisen suhteen (esim. 3 kuumaa, 2 kylm\u00e4\u00e4 ja 2 neutraalia numeroa), joka vastaa historiallisia voittorivej\u00e4.<\/li>\n\n\n\n<li><strong>Hajontaan perustuva optimointi:<\/strong> AI varmistaa, ettei rivi ole &#8221;liian ep\u00e4todenn\u00e4k\u00f6inen&#8221; (kuten 1, 2, 3, 4, 5, 6, 7), mutta ei my\u00f6sk\u00e4\u00e4n liian yleinen, jolloin mahdollinen voitto jouduttaisiin jakamaan tuhansien muiden kanssa.<\/li>\n<\/ol>\n\n\n\n<h2 class=\"wp-block-heading\">Mit\u00e4 kokeneet pelaajat tiet\u00e4v\u00e4t, mit\u00e4 muut eiv\u00e4t?<\/h2>\n\n\n\n<p>Online-lotossa on muutamia &#8221;salaisuuksia&#8221;, joita satunnaisvaikuttajat eiv\u00e4t tule ajatelleeksi:<\/p>\n\n\n\n<h3 class=\"wp-block-heading\">Numeroiden &#8221;odotusarvo&#8221; (Expectation Value)<\/h3>\n\n\n\n<p>Ammattilaiset pelaavat rivej\u00e4, joita muut eiv\u00e4t pelaa. Miksi? Koska jos voitat numeroyhdistelm\u00e4ll\u00e4 1, 2, 3, 4, 5, 6, 7, jaat potin satojen muiden kanssa. AI-generaattorimme auttaa luomaan &#8221;ep\u00e4suosittuja&#8221; mutta tilastollisesti mahdollisia rivej\u00e4, jolloin <strong>yksitt\u00e4isen rivin arvo nousee<\/strong>.<\/p>\n\n\n\n<h3 class=\"wp-block-heading\">Ryv\u00e4stymisilmi\u00f6 (Clustering)<\/h3>\n\n\n\n<p>Datan mukaan tietyt numerot &#8221;viihtyv\u00e4t&#8221; yhdess\u00e4. T\u00e4t\u00e4 kutsutaan lottopiireiss\u00e4 termill\u00e4 <em>Leading Triplets<\/em>. Jos numero 15 arvotaan, on historiallisesti huomattavan usein mukana my\u00f6s numero 28. AI tunnistaa n\u00e4m\u00e4 mikrotasolla n\u00e4kyv\u00e4t riippuvuudet.<\/p>\n\n\n\n<h2 class=\"wp-block-heading\">AI-generaattorin hy\u00f6dyt ja haasteet<\/h2>\n\n\n\n<p>Lottostrategian valinta on aina tasapainoilua. T\u00e4ss\u00e4 rehellinen arvio AI:n k\u00e4yt\u00f6st\u00e4:<\/p>\n\n\n\n<figure class=\"wp-block-table\"><table><thead><tr><th><strong>Plussat<\/strong><\/th><th><strong>Miinukset<\/strong><\/th><\/tr><\/thead><tbody><tr><td><strong><strong>Datal\u00e4ht\u00f6isyys:<\/strong> Ei en\u00e4\u00e4 mutu-tuntumaa tai samoja rivej\u00e4 vuodesta toiseen.<\/strong><\/td><td><strong><strong>Ei takuuta:<\/strong> Lotto on loppujen lopuksi onnenpeli, eik\u00e4 AI voi taata voittoa.<\/strong><\/td><\/tr><tr><td><strong>Ajan s\u00e4\u00e4st\u00f6:<\/strong> AI analysoi tuhansia arvontoja sekunneissa.<\/td><td><strong>Tekninen oppimiskynnys:<\/strong> Joillekin pelaajille parametrien (kuten kylmien numeroiden painotuksen) s\u00e4\u00e4t\u00e4minen voi tuntua monimutkaiselta aluksi.<\/td><\/tr><tr><td><strong>Rakenteellinen paremmuus:<\/strong> Rivit ovat matemaattisesti tasapainoisempia (parilliset vs. parittomat, pienet vs. suuret numerot).<\/td><td><\/td><\/tr><tr><td><strong>Uudet n\u00e4k\u00f6kulmat:<\/strong> L\u00f6yd\u00e4t &#8221;kylmi\u00e4&#8221; numeroita, joita et itse osaisi poimia.<\/td><td><\/td><\/tr><\/tbody><\/table><\/figure>\n\n\n\n<h2 class=\"wp-block-heading\">Suomalaisen online-loton erityispiirteet<\/h2>\n\n\n\n<p>Kun pelaat netiss\u00e4, sinulla on p\u00e4\u00e4sy tietoihin, joita kuponkia t\u00e4ytt\u00e4v\u00e4 ei n\u00e4e:<\/p>\n\n\n\n<ul class=\"wp-block-list\">\n<li><strong>Reaaliaikaiset tilastot:<\/strong> N\u00e4et heti, mitk\u00e4 numerot ovat &#8221;er\u00e4\u00e4ntyneet&#8221; (Cold Numbers).<\/li>\n\n\n\n<li><strong>Kimppapelit:<\/strong> Online-alustoilla voit osallistua suuriin j\u00e4rjestelmiin pienell\u00e4 panoksella, mik\u00e4 on matemaattisesti j\u00e4rkevin tapa nostaa voittotodenn\u00e4k\u00f6isyytt\u00e4.<\/li>\n\n\n\n<li><strong>Automaatio:<\/strong> Voit asettaa AI-generaattorin luomaan uuden, optimoidun rivin jokaiselle viikolle automaattisesti.<\/li>\n<\/ul>\n\n\n\n<h2 class=\"wp-block-heading\">Usein kysytyt kysymykset (FAQ)<\/h2>\n\n\n\n<p class=\"has-palette-color-5-color has-text-color has-link-color wp-elements-534451a083bd987b15896bb0edbe74b3\"><strong>Voiko teko\u00e4ly parantaa voittomahdollisuuksiani?<\/strong><\/p>\n\n\n\n<p>Teko\u00e4ly ei muuta lottokoneen fysiikkaa, mutta se parantaa <strong>strategista valintaasi<\/strong>. Se varmistaa, ett\u00e4 pelaat rivej\u00e4, jotka ovat matemaattisesti &#8221;terveit\u00e4&#8221; ja joilla on korkeampi odotusarvo voitonjaon suhteen.<\/p>\n\n\n\n<p class=\"has-palette-color-5-color has-text-color has-link-color wp-elements-46cf4272e43e49273f7eeed64147d410\"><strong>Onko ulkomaisissa lotoissa paremmat palautusprosentit?<\/strong><\/p>\n\n\n\n<p>Yleisesti ottaen lottopelien palautusprosentit ovat matalampia kuin esimerkiksi kolikkopelien. Kuitenkin pelien v\u00e4lill\u00e4 on eroja. Esimerkiksi Eurojackpot tarjoaa usein paremman &#8221;vastineen rahalle&#8221; silloin, kun potti on maksimissaan.<\/p>\n\n\n\n<p class=\"has-palette-color-5-color has-text-color has-link-color wp-elements-d69139fcf7b623186233296d90b77d88\"><strong>Miten JackpotGenius eroaa ilmaisista generaattoreista?<\/strong><\/p>\n\n\n\n<p>Ilmaiset generaattorit k\u00e4ytt\u00e4v\u00e4t usein vain Math.random () -koodia, joka vastaa kolikonheittoa. JackpotGenius v2 k\u00e4ytt\u00e4\u00e4 <strong>neuroverkkoja ja historiallista dataa<\/strong> suodattaakseen pois ep\u00e4todenn\u00e4k\u00f6iset ja huonon odotusarvon rivit.<\/p>\n\n\n\n<p class=\"has-palette-color-5-color has-text-color has-link-color wp-elements-44377337df2cce787d7b3dd14f83aeb6\"><strong>Onko online-lotto turvallista?<\/strong><\/p>\n\n\n\n<p>Kyll\u00e4, kunhan k\u00e4yt\u00e4t lisensoituja ja tunnettuja v\u00e4litt\u00e4ji\u00e4. Suomessa pelatessa on t\u00e4rke\u00e4\u00e4 huomioida verotus: EU-alueen (kuten Veikkaus tai Maltan lisenssi) voitot ovat suomalaisille verovapaita, mutta esimerkiksi USA:n Powerball-voitoista joutuu maksamaan veroa.<\/p>\n\n\n\n<h2 class=\"wp-block-heading\">Yhteenveto: Kohti fiksumpaa lottoamista<\/h2>\n\n\n\n<p>Lotto on viihteen muoto, mutta se on my\u00f6s numeropeli\u00e4. Jos haluat siirty\u00e4 satunnaisesta arvaajasta tietoiseksi pelaajaksi, datan hy\u00f6dynt\u00e4minen on ainoa tie.<\/p>\n\n\n\n<p><strong>JackpotGenius AI<\/strong> on kehitetty niille, jotka haluavat ymm\u00e4rt\u00e4\u00e4 pelin rakenteen. Olipa suosikkisi sitten kotoinen Lotto tai kansainv\u00e4linen Eurojackpot, teko\u00e4ly auttaa sinua tekem\u00e4\u00e4n valintoja, jotka perustuvat kylm\u00e4\u00e4n faktaan \u2013 ei pelkk\u00e4\u00e4n toivoon.<\/p>\n\n\n\n<h3 class=\"wp-block-heading\">Kiinnostuitko datalla pelaamisesta?<\/h3>\n\n\n\n<p>Testaa JackpotGenius v2 -generaattoria ja katso, mitk\u00e4 numerot AI valitsee seuraavaan arvontaan historiallisen datan perusteella.<\/p>\n\n\n<div class=\"cta-wrapper\"><span><h2 class=\"text-gradient mb-0 cta-heading\">Aloita 14 p\u00e4iv\u00e4n ilmainen kokeilujakso<\/h2><span class=\"heading sm-text-center \">Tilaa 9.99 \u20ac kuukaudessa saadaksesi teko\u00e4ly\u00e4 ja analyyttist\u00e4 dataa.<\/span><\/span><div class=\"wp-block-stackable-button stk-block-button button-gradient-orange stk-block sm-mt-1 z-index-9\"><a href=\"?subscribe-now=1&redirect=https%3A%2F%2Fjackpotgenius.ai%2Ffi%2Fkotimaiset-lotot%2F&redirect-id=18683\" class=\"stk-link stk-button stk--hover-effect-darken btn-lg\">Tilaa nyt<\/a><\/div><\/div>\n\n\n\n<p><em>Muista pelata vastuullisesti. Lotto on onnenpeli, ja se on tarkoitettu viihteeksi. Jos pelaaminen haittaa, apua on saatavilla <a href=\"https:\/\/www.peluuri.fi\/\" target=\"_blank\" rel=\"noopener\">Peluuri.fi<\/a>-palvelusta.<\/em><\/p>\n\n\n\n<p><\/p>\n","protected":false},"excerpt":{"rendered":"<p>Lottokansan uusi aikakausi: Data, AI ja matemaattinen l\u00e4hestymistapa suomalaiseen lottoon Suomi on lottokansaa. Meille lauantai-illan arvonta ei ole vain peli\u00e4, se on perinne. Mutta perinteiden rinnalla on syntynyt uusi pelaajasukupolvi: datalla pelaajat. N\u00e4m\u00e4 pelaajat eiv\u00e4t valitse numeroitaan lapsen syntym\u00e4p\u00e4iv\u00e4n tai onnenluvun perusteella. He haluavat ymm\u00e4rt\u00e4\u00e4 todenn\u00e4k\u00f6isyyksi\u00e4, seurata trendej\u00e4 ja hy\u00f6dynt\u00e4\u00e4 uusinta teknologiaa, kuten teko\u00e4ly\u00e4. T\u00e4ss\u00e4 [&hellip;]<\/p>\n","protected":false},"author":3775,"featured_media":18700,"parent":0,"menu_order":0,"comment_status":"closed","ping_status":"closed","template":"","meta":{"footnotes":""},"class_list":["post-18683","page","type-page","status-publish","has-post-thumbnail","hentry"],"blocksy_meta":[],"_links":{"self":[{"href":"https:\/\/jackpotgenius.ai\/fi\/wp-json\/wp\/v2\/pages\/18683","targetHints":{"allow":["GET"]}}],"collection":[{"href":"https:\/\/jackpotgenius.ai\/fi\/wp-json\/wp\/v2\/pages"}],"about":[{"href":"https:\/\/jackpotgenius.ai\/fi\/wp-json\/wp\/v2\/types\/page"}],"author":[{"embeddable":true,"href":"https:\/\/jackpotgenius.ai\/fi\/wp-json\/wp\/v2\/users\/3775"}],"replies":[{"embeddable":true,"href":"https:\/\/jackpotgenius.ai\/fi\/wp-json\/wp\/v2\/comments?post=18683"}],"version-history":[{"count":11,"href":"https:\/\/jackpotgenius.ai\/fi\/wp-json\/wp\/v2\/pages\/18683\/revisions"}],"predecessor-version":[{"id":18731,"href":"https:\/\/jackpotgenius.ai\/fi\/wp-json\/wp\/v2\/pages\/18683\/revisions\/18731"}],"wp:featuredmedia":[{"embeddable":true,"href":"https:\/\/jackpotgenius.ai\/fi\/wp-json\/wp\/v2\/media\/18700"}],"wp:attachment":[{"href":"https:\/\/jackpotgenius.ai\/fi\/wp-json\/wp\/v2\/media?parent=18683"}],"curies":[{"name":"wp","href":"https:\/\/api.w.org\/{rel}","templated":true}]}}