{"id":12059,"date":"2025-06-23T10:03:27","date_gmt":"2025-06-23T10:03:27","guid":{"rendered":"https:\/\/jackpotgenius.ai\/ai-lottery-random-number-generator-custom-range-step-no-duplicates\/"},"modified":"2025-09-07T10:41:37","modified_gmt":"2025-09-07T10:41:37","slug":"ai-lottery-random-number-generator-custom-range-step-no-duplicates","status":"publish","type":"page","link":"https:\/\/jackpotgenius.ai\/fi\/ai-lottery-random-number-generator-custom-range-step-no-duplicates\/","title":{"rendered":"AI Lotto &amp; satunnaislukugeneraattori"},"content":{"rendered":"\n<p>Tervetuloa JackpotGeniuksen <strong>AI Lottery &amp; Random Number Generatoriin<\/strong>, joka on paras ty\u00f6kalusi todella satunnaisten tai AI-analysoitujen numeroiden tuottamiseen lottoa, pelaamista ja muuta varten! Etsitp\u00e4 sitten nopeaa lottonumeronvalitsinta, satunnaislukugeneraattoria, jossa on mukautettu alue ja askel, tai haluat analysoida kuumia ja kylmi\u00e4 lottonumeroita teko\u00e4lyn avulla, olet oikeassa paikassa.<\/p>\n\n\n\n<h2 class=\"wp-block-heading\">Miksi k\u00e4ytt\u00e4\u00e4 satunnaislukugeneraattoriamme?<\/h2>\n\n\n\n<p>Kehittynyt satunnaislukugeneraattorimme on suunniteltu mahdollisimman joustavaksi ja tarkaksi. Toisin kuin perusgeneraattorit, JackpotGeniuksen avulla voit:<\/p>\n\n\n\n<ul class=\"wp-block-list\">\n<li><strong>Asettaa mink\u00e4 tahansa numeroalueen<\/strong> (esim. 1-49, 100-1000 tai jopa desimaaliluvut, kuten 0,1-5,0)<\/li>\n\n\n\n<li><strong>Valitse askelarvo<\/strong> (esim. 1, 5, 10, 0,1 jne.)<\/li>\n\n\n\n<li><strong>Tuottaa mink\u00e4 tahansa lukum\u00e4\u00e4r\u00e4n kerralla<\/strong><\/li>\n\n\n\n<li><strong>Salli tai kiell\u00e4 p\u00e4\u00e4llekk\u00e4iset numerot<\/strong><\/li>\n\n\n\n<li><strong>Poimi numerot mihin tahansa lottopeliin<\/strong> (Powerball, Mega Millions, EuroMillions ja muut)<\/li>\n\n\n\n<li><strong>Yhdist\u00e4\u00e4 teko\u00e4lyanalyysin kuumille, kylmille ja ennustetuille numeroille<\/strong><\/li>\n<\/ul>\n\n\n\n<p>Halusitpa sitten puhdasta satunnaisuutta tai teko\u00e4lypohjaisia ennusteita, ty\u00f6kalumme on t\u00e4ydellinen lottopelaajille, pelaajille ja kaikille, jotka tarvitsevat mukautettuja satunnaisnumeroita.<\/p>\n\n\n\n<div class=\"wp-block-columns is-layout-flex wp-container-core-columns-is-layout-28f84493 wp-block-columns-is-layout-flex\">\n<div class=\"wp-block-column is-layout-flow wp-block-column-is-layout-flow\"><div class=\"message-box outline\">\n    <label for=\"min_number\">\n        Pienin numero    <\/label>\n        <input type=\"number\" step=\"0.1\" class=\"input-text\" name=\"min_number\" id=\"min_number\" value=\"0\" \/>\n\n    <label for=\"max_number\" class=\"pt-1\">\n        Suurin numero    <\/label>\n        <input type=\"number\" step=\"0.1\" class=\"input-text\" name=\"max_number\" id=\"max_number\" value=\"100\" \/>\n\n    <label for=\"step_value\" class=\"pt-1\">\n        Askel        <a href=\"#\" id=\"set-step-05\" class=\"badge\">0.5<\/a>\n        <a href=\"#\" id=\"set-step-1\" class=\"badge\">1<\/a>\n        <a href=\"#\" id=\"set-step-5\" class=\"badge\">5<\/a>\n    <\/label>\n        <input type=\"number\" step=\"0.1\" class=\"input-text\" name=\"step_value\" id=\"step_value\" value=\"1\" \/>\n\n    <label for=\"numbers_to_generate\" class=\"pt-1\">\n        Luotavien numeroiden m\u00e4\u00e4r\u00e4    <\/label>\n        <input type=\"number\" step=\"1\" class=\"input-text\" name=\"numbers_to_generate\" id=\"numbers_to_generate\" value=\"1\" \/>\n\n    <label for=\"allow_duplicates\" class=\"pt-1\">\n        <input type=\"checkbox\" name=\"allow_duplicates\" id=\"allow_duplicates\" value=\"1\" \/>\n        Salli toistuvat numerot    <\/label>\n    <button id=\"generate-random-numbers\" class=\"woocommerce-button button-gradient-orange button wp-block-column\">Luo numeroita<\/button>\n    <div id=\"random-numbers-error\" class=\"d-none message-box error mt-1\"><\/div>\n    <div id=\"random-numbers-container\" class=\"random-numbers-container container mt-1 d-none\">\n        <span>Luodut numerot:<\/span>\n        <h4 id=\"generated-numbers\" class=\"text-bold\">5<\/h4>\n    <\/div>\n<\/div>\n<\/div>\n\n\n\n<div class=\"wp-block-column is-layout-flow wp-block-column-is-layout-flow\">\n<h2 class=\"wp-block-heading\">Miten satunnaislukugeneraattoria k\u00e4ytet\u00e4\u00e4n<\/h2>\n\n\n\n<ol class=\"wp-block-list\">\n<li><strong>Aseta alueesi:<\/strong><br>Sy\u00f6t\u00e4 haluamasi minimi- ja maksimiarvot. Voit k\u00e4ytt\u00e4\u00e4 kokonaislukuja tai desimaaleja t\u00e4ydellisen joustavuuden vuoksi.<\/li>\n\n\n\n<li><strong>Valitse askelarvo:<\/strong><br>Valitse generoitujen numeroiden v\u00e4linen askelarvo (esim. 1, 5, 0,5, 10).<\/li>\n\n\n\n<li><strong>Valitse Number Count:<\/strong><br>P\u00e4\u00e4t\u00e4, kuinka monta numeroa haluat luoda kerralla.<\/li>\n\n\n\n<li><strong>Salli tai kiell\u00e4 kaksoiskappaleet:<\/strong><br>Valitse, haluatko ainutlaatuisia numeroita vai sallitaanko kaksoiskappaleet.<\/li>\n\n\n\n<li><strong>Generoi numerot:<\/strong><br>Napsauta &#8221;Generate&#8221;-painiketta ja n\u00e4et heti satunnaisnumerosi &#8211; t\u00e4ydellisi\u00e4 arpajaisiin, arvontoihin, peleihin tai mihin tahansa satunnaistamista tarvitsevaan skenaarioon.<\/li>\n\n\n\n<li><strong>Valinnainen &#8211; teko\u00e4lyanalyysi:<\/strong><br>Lottoharrastajille, kokeile <a href=\"https:\/\/jackpotgenius.ai\/fi\/lottery\/\">teko\u00e4lyavusteisia vaihtoehtoja luoda kuumia, kylmi\u00e4 tai t\u00e4ysin teko\u00e4lyanalysoituja numeroita suosikkilottopelej\u00e4si varten!<\/a><\/li>\n<\/ol>\n<\/div>\n<\/div>\n\n\n\n<h2 class=\"wp-block-heading\" id=\"why-jackpotgenius-is-the-best-choice\">Miksi JackpotGenius on paras valinta<\/h2>\n\n\n\n<ul class=\"wp-block-list\">\n<li><strong>AI Lottery Number Generator:<\/strong> Hy\u00f6dynn\u00e4 teko\u00e4lyn voima analysoidaksesi aiempia arvontoja ja luodaksesi \u00e4lykk\u00e4it\u00e4 lottovalintoja.<\/li>\n\n\n\n<li><strong>Satunnainen lottonumerogeneraattori:<\/strong> Saat todella satunnaisia numeroita mihin tahansa lottoon, peliin tai sovellukseen.<\/li>\n\n\n\n<li><strong>Mukautettu alue &amp; askel:<\/strong> Ei rajoituksia &#8211; generoi numeroita mihin tahansa skenaarioon, yksinkertaisista arvonnoista monimutkaisiin peleihin.<\/li>\n\n\n\n<li><strong>Ei kaksoiskappaleita -vaihtoehto:<\/strong> Varmista, ett\u00e4 numerosi ovat aina ainutlaatuisia, jos tarvitset sit\u00e4.<\/li>\n\n\n\n<li><strong>Ilmainen ja helppok\u00e4ytt\u00f6inen:<\/strong> Aseta vain asetukset ja generoi!<\/li>\n<\/ul>\n\n\n\n<h2 class=\"wp-block-heading\">Usein kysytyt kysymykset<\/h2>\n\n\n<div id=\"rank-math-faq\" class=\"rank-math-block\">\n<div class=\"rank-math-list \">\n<div id=\"faq-question-68ac3b02bb3c2\" class=\"rank-math-list-item\">\n<h3 class=\"rank-math-question \"><strong>Voinko k\u00e4ytt\u00e4\u00e4 t\u00e4t\u00e4 mihin tahansa arpajaisiin?<\/strong><\/h3>\n<div class=\"rank-math-answer \">\n\n<p>Totta kai! Generaattorimme toimii <a href=\"https:\/\/jackpotgenius.ai\/fi\/lottery\/luo-euromillions-lottorivi\/\">EuroMillions<\/a>-, <a href=\"https:\/\/jackpotgenius.ai\/fi\/lottery\/generoi-veikkaus-lottorivi\/\">Veikkaus<\/a>-, <a href=\"https:\/\/jackpotgenius.ai\/fi\/lottery\/luo-vikinglotto-lottorivi\/\">Vikinglotto<\/a>&#8211; ja muihin arpajaisiin tai peleihin.<\/p>\n\n<\/div>\n<\/div>\n<div id=\"faq-question-68ac3b02bb3c6\" class=\"rank-math-list-item\">\n<h3 class=\"rank-math-question \"><strong>Onko t\u00e4m\u00e4 todellinen satunnaislukugeneraattori?<\/strong><\/h3>\n<div class=\"rank-math-answer \">\n\n<p>Kyll\u00e4, ty\u00f6kalumme k\u00e4ytt\u00e4\u00e4 edistyneit\u00e4 algoritmeja satunnaisuuden varmistamiseksi. Arpajaisissa voit my\u00f6s k\u00e4ytt\u00e4\u00e4 teko\u00e4lypohjaista arpajaisten ennustajaamme \u00e4lykk\u00e4\u00e4mpien valintojen tekemiseen.<\/p>\n\n<\/div>\n<\/div>\n<div id=\"faq-question-68ac3b02bb3c7\" class=\"rank-math-list-item\">\n<h3 class=\"rank-math-question \"><strong>Voinko luoda desimaalilukuja?<\/strong><\/h3>\n<div class=\"rank-math-answer \">\n\n<p>Kyll\u00e4, aseta vain askelarvo desimaaliluvuksi (esim. 0,1) ja nauti joustavasta lukujen luomisesta.<\/p>\n\n<\/div>\n<\/div>\n<\/div>\n<\/div>\n\n\n<h2 class=\"wp-block-heading\">Kokeile JackpotGeniuksen teko\u00e4lylottoa ja satunnaislukugeneraattoria nyt!<\/h2>\n\n\n\n<p>Tarvitsetpa sitten nopean lottonumeroiden poimijan, satunnaislukugeneraattorin, jossa on mukautettu vaihteluv\u00e4li ja askel, tai haluat hy\u00f6dynt\u00e4\u00e4 teko\u00e4ly\u00e4 lottoennusteisiin, JackpotGenius tarjoaa sinulle kaiken mahdollisen. Generoi onnennumerosi t\u00e4n\u00e4\u00e4n ja lis\u00e4\u00e4 mahdollisuuksiasi \u00e4lykk\u00e4imm\u00e4ll\u00e4 ja joustavimmalla ty\u00f6kalulla verkossa!<br><\/p>\n","protected":false},"excerpt":{"rendered":"<p>Tervetuloa JackpotGeniuksen AI Lottery &amp; Random Number Generatoriin, joka on paras ty\u00f6kalusi todella satunnaisten tai AI-analysoitujen numeroiden tuottamiseen lottoa, pelaamista ja muuta varten! Etsitp\u00e4 sitten nopeaa lottonumeronvalitsinta, satunnaislukugeneraattoria, jossa on mukautettu alue ja askel, tai haluat analysoida kuumia ja kylmi\u00e4 lottonumeroita teko\u00e4lyn avulla, olet oikeassa paikassa. Miksi k\u00e4ytt\u00e4\u00e4 satunnaislukugeneraattoriamme? Kehittynyt satunnaislukugeneraattorimme on suunniteltu mahdollisimman joustavaksi [&hellip;]<\/p>\n","protected":false},"author":1,"featured_media":0,"parent":0,"menu_order":0,"comment_status":"closed","ping_status":"closed","template":"","meta":{"footnotes":""},"class_list":["post-12059","page","type-page","status-publish","hentry"],"blocksy_meta":[],"_links":{"self":[{"href":"https:\/\/jackpotgenius.ai\/fi\/wp-json\/wp\/v2\/pages\/12059","targetHints":{"allow":["GET"]}}],"collection":[{"href":"https:\/\/jackpotgenius.ai\/fi\/wp-json\/wp\/v2\/pages"}],"about":[{"href":"https:\/\/jackpotgenius.ai\/fi\/wp-json\/wp\/v2\/types\/page"}],"author":[{"embeddable":true,"href":"https:\/\/jackpotgenius.ai\/fi\/wp-json\/wp\/v2\/users\/1"}],"replies":[{"embeddable":true,"href":"https:\/\/jackpotgenius.ai\/fi\/wp-json\/wp\/v2\/comments?post=12059"}],"version-history":[{"count":3,"href":"https:\/\/jackpotgenius.ai\/fi\/wp-json\/wp\/v2\/pages\/12059\/revisions"}],"predecessor-version":[{"id":12093,"href":"https:\/\/jackpotgenius.ai\/fi\/wp-json\/wp\/v2\/pages\/12059\/revisions\/12093"}],"wp:attachment":[{"href":"https:\/\/jackpotgenius.ai\/fi\/wp-json\/wp\/v2\/media?parent=12059"}],"curies":[{"name":"wp","href":"https:\/\/api.w.org\/{rel}","templated":true}]}}