{"id":1437,"date":"2024-06-28T21:19:47","date_gmt":"2024-06-28T21:19:47","guid":{"rendered":"https:\/\/jackpotgenius.ai\/jackpotgenius-io-best-online-casino-bonuses\/"},"modified":"2024-06-28T21:33:50","modified_gmt":"2024-06-28T21:33:50","slug":"jackpotgenius-io-mejores-bonos-de-casino-en-linea","status":"publish","type":"page","link":"https:\/\/jackpotgenius.ai\/es\/jackpotgenius-io-mejores-bonos-de-casino-en-linea\/","title":{"rendered":"JackpotGenius.io mejores bonos de casino en l\u00ednea"},"content":{"rendered":"\n<p>Esta es una secci\u00f3n sobre <strong>bonos de casinos<\/strong> en l\u00ednea seleccionados con la ayuda de la IA. Esta lista incluye una gran variedad de ofertas, como bonos sin dep\u00f3sito, bonos de bienvenida (tambi\u00e9n conocidos como bonos de registro o SUB), bonos exclusivos, bonos de recarga, bonos de giros gratis y programas de fidelidad. Es crucial leer y entender completamente los t\u00e9rminos y condiciones asociados a cada bono antes de aceptarlo.<\/p>\n\n\n\n<h2 class=\"wp-block-heading\">Bonificaciones de casinos en l\u00ednea: Una gu\u00eda completa<\/h2>\n\n\n\n<p>Las bonificaciones de los casinos en l\u00ednea est\u00e1n dise\u00f1adas para atraer a nuevos jugadores y permitirles probar los juegos con un riesgo m\u00ednimo. En los inicios de la industria de los casinos en l\u00ednea, las bonificaciones eran m\u00e1s generosas que en la actualidad.<\/p>\n\n\n\n<p>Al principio, los jugadores pod\u00edan depositar dinero y recibir una bonificaci\u00f3n igual o superior. Sin embargo, a medida que la industria crec\u00eda, tambi\u00e9n lo hac\u00eda el n\u00famero de jugadores y casinos. Esto hizo que los jugadores saltaran a menudo de un casino a otro, aprovechando las bonificaciones y llev\u00e1ndose beneficios. Como consecuencia, se endurecieron las normas sobre las bonificaciones.<\/p>\n\n\n\n<p>Hoy en d\u00eda, los jugadores tienen que cumplir ciertos requisitos de apuesta antes de poder retirar las ganancias de sus bonificaciones. Por ejemplo, un jugador que deposita 100 euros y recibe una bonificaci\u00f3n de 100 euros con un requisito de apuesta de 5 veces debe apostar un total de 1.000 euros antes de cobrar.<\/p>\n\n\n\n<h2 class=\"wp-block-heading\">Tipos de bonificaci\u00f3n<\/h2>\n\n\n\n<h3 class=\"wp-block-heading\">Bonificaci\u00f3n de tiradas gratuitas<\/h3>\n\n\n\n<p>Las tiradas gratuitas son populares en las tragaperras de v\u00eddeo, ya que permiten a los jugadores girar un determinado n\u00famero de veces de forma gratuita. Suelen formar parte de una bonificaci\u00f3n por primer dep\u00f3sito o de promociones especiales. Por ejemplo, 10 tiradas gratuitas por valor de 1 euro cada una dar\u00e1n al jugador 10 euros en tiradas, y las ganancias se a\u00f1adir\u00e1n a su cuenta del casino. Compruebe siempre los t\u00e9rminos y condiciones para conocer los requisitos de apuesta y las ganancias m\u00e1ximas.<\/p>\n\n\n\n<h3 class=\"wp-block-heading\">Bonificaci\u00f3n sin dep\u00f3sito<\/h3>\n\n\n\n<p>Las bonificaciones sin dep\u00f3sito permiten a los jugadores empezar a jugar sin arriesgar nada de su propio dinero. Aunque son menos comunes que en el pasado, siguen estando disponibles. Estas bonificaciones suelen tener un l\u00edmite en las ganancias. Por ejemplo, una bonificaci\u00f3n sin dep\u00f3sito de 10 euros puede tener un l\u00edmite m\u00e1ximo de premio de 100 euros. Tambi\u00e9n pueden aplicarse otros t\u00e9rminos y condiciones.<\/p>\n\n\n\n<h3 class=\"wp-block-heading\">Bonificaci\u00f3n por dep\u00f3sito<\/h3>\n\n\n\n<p>El tipo m\u00e1s com\u00fan de bonificaci\u00f3n, la bonificaci\u00f3n por dep\u00f3sito, iguala un porcentaje del primer dep\u00f3sito del jugador. Puede oscilar entre el 50% y el 300%. Por ejemplo, una bonificaci\u00f3n del 100% sobre un dep\u00f3sito de 100 euros dar\u00e1 al jugador 100 euros extra.<\/p>\n\n\n\n<h3 class=\"wp-block-heading\">Bonificaci\u00f3n de bienvenida<\/h3>\n\n\n\n<p>Tambi\u00e9n conocidas como bonificaciones por inscripci\u00f3n o por nuevo jugador, las bonificaciones de bienvenida suelen ser bonificaciones de igualaci\u00f3n porcentual. Pueden variar del 10% al 500%. Por ejemplo, una bonificaci\u00f3n de bienvenida del 50% sobre un dep\u00f3sito de 20 euros le dar\u00e1 10 euros extra, mientras que una bonificaci\u00f3n del 300% sobre el mismo dep\u00f3sito le dar\u00e1 60 euros.<\/p>\n\n\n\n<h3 class=\"wp-block-heading\">Bonificaci\u00f3n por partido<\/h3>\n\n\n\n<p>Las bonificaciones de igualaci\u00f3n son un porcentaje de la cantidad depositada. Por ejemplo, una bonificaci\u00f3n del 100% hasta 200 euros significa que un dep\u00f3sito de 200 euros te dar\u00e1 200 euros extra. Estas bonificaciones suelen ser para nuevos jugadores, pero tambi\u00e9n pueden estar disponibles para jugadores habituales.<\/p>\n\n\n\n<h3 class=\"wp-block-heading\">Devoluci\u00f3n de dinero<\/h3>\n\n\n\n<p>Las bonificaciones de devoluci\u00f3n de dinero suelen formar parte de un programa de fidelidad o VIP y ofrecen un porcentaje de las p\u00e9rdidas al jugador. Por ejemplo, un casino puede ofrecer una devoluci\u00f3n del 10% de las p\u00e9rdidas a final de mes.<\/p>\n\n\n\n<h3 class=\"wp-block-heading\">Bonos de recarga<\/h3>\n\n\n\n<p>Las bonificaciones de recarga son para jugadores existentes y ofrecen un porcentaje de igualaci\u00f3n en dep\u00f3sitos posteriores. Suelen ser inferiores a las bonificaciones por primer dep\u00f3sito y a menudo tienen requisitos de apuesta m\u00e1s bajos. Por ejemplo, una bonificaci\u00f3n de recarga del 50% sobre un dep\u00f3sito de 50 euros le proporcionar\u00e1 25 euros extra.<\/p>\n\n\n\n<h3 class=\"wp-block-heading\">Bonificaci\u00f3n para grandes apostadores<\/h3>\n\n\n\n<p>Las bonificaciones High Roller est\u00e1n dise\u00f1adas para jugadores que realizan grandes dep\u00f3sitos. Estas bonificaciones son m\u00e1s generosas y suelen tener requisitos de apuesta m\u00e1s bajos. Por ejemplo, una bonificaci\u00f3n High Roller del 100% hasta 2.000 euros puede requerir un dep\u00f3sito m\u00ednimo de 500 euros.<\/p>\n\n\n\n<h3 class=\"wp-block-heading\">Bonificaciones diarias<\/h3>\n\n\n\n<p>Las bonificaciones diarias son peque\u00f1as promociones para jugadores habituales, a menudo con un requisito de dep\u00f3sito o apuesta. Por ejemplo, un dep\u00f3sito de 10 euros puede dar lugar a 20 tiradas gratuitas por valor de 10 c\u00e9ntimos cada una.<\/p>\n\n\n\n<h3 class=\"wp-block-heading\">Bonificaciones por recomendaci\u00f3n<\/h3>\n\n\n\n<p>Las bonificaciones por recomendaci\u00f3n recompensan a los jugadores por traer nuevos miembros al casino. La recompensa puede ser una cantidad fija o un porcentaje del primer dep\u00f3sito del jugador recomendado. Por ejemplo, por recomendar a un amigo que deposite 100 euros, el recomendante puede ganar 25 euros.<\/p>\n\n\n\n<h3 class=\"wp-block-heading\">Bonificaciones VIP<\/h3>\n\n\n\n<p>Los jugadores VIP disfrutan de bonificaciones exclusivas, como tiradas gratis y bonificaciones por dep\u00f3sito igualado con requisitos de apuesta m\u00e1s bajos. Las ventajas VIP pueden incluir gestores de cuenta dedicados, retiradas m\u00e1s r\u00e1pidas, l\u00edmites m\u00e1s altos e incluso recompensas f\u00edsicas como relojes de lujo o vacaciones.<\/p>\n\n\n\n<h3 class=\"wp-block-heading\">Bonificaciones para m\u00f3viles<\/h3>\n\n\n\n<p>Las bonificaciones para m\u00f3viles est\u00e1n disponibles para los jugadores que se registran a trav\u00e9s de dispositivos m\u00f3viles. Estos bonos son similares a los bonos normales, pero requieren que el jugador se descargue la aplicaci\u00f3n m\u00f3vil del casino. Por ejemplo, un jugador puede recibir una bonificaci\u00f3n por registrarse a trav\u00e9s del ordenador y una bonificaci\u00f3n adicional por descargar la aplicaci\u00f3n m\u00f3vil.<\/p>\n\n\n\n<p>Comprender estas bonificaciones y sus t\u00e9rminos y condiciones es crucial para maximizar los beneficios y gestionar los riesgos del juego en los casinos online.<\/p>\n","protected":false},"excerpt":{"rendered":"<p>Esta es una secci\u00f3n sobre bonos de casinos en l\u00ednea seleccionados con la ayuda de la IA. Esta lista incluye una gran variedad de ofertas, como bonos sin dep\u00f3sito, bonos de bienvenida (tambi\u00e9n conocidos como bonos de registro o SUB), bonos exclusivos, bonos de recarga, bonos de giros gratis y programas de fidelidad. Es crucial [&hellip;]<\/p>\n","protected":false},"author":1,"featured_media":0,"parent":0,"menu_order":0,"comment_status":"closed","ping_status":"closed","template":"","meta":{"footnotes":""},"class_list":["post-1437","page","type-page","status-publish","hentry"],"blocksy_meta":[],"_links":{"self":[{"href":"https:\/\/jackpotgenius.ai\/es\/wp-json\/wp\/v2\/pages\/1437","targetHints":{"allow":["GET"]}}],"collection":[{"href":"https:\/\/jackpotgenius.ai\/es\/wp-json\/wp\/v2\/pages"}],"about":[{"href":"https:\/\/jackpotgenius.ai\/es\/wp-json\/wp\/v2\/types\/page"}],"author":[{"embeddable":true,"href":"https:\/\/jackpotgenius.ai\/es\/wp-json\/wp\/v2\/users\/1"}],"replies":[{"embeddable":true,"href":"https:\/\/jackpotgenius.ai\/es\/wp-json\/wp\/v2\/comments?post=1437"}],"version-history":[{"count":0,"href":"https:\/\/jackpotgenius.ai\/es\/wp-json\/wp\/v2\/pages\/1437\/revisions"}],"wp:attachment":[{"href":"https:\/\/jackpotgenius.ai\/es\/wp-json\/wp\/v2\/media?parent=1437"}],"curies":[{"name":"wp","href":"https:\/\/api.w.org\/{rel}","templated":true}]}}