{"id":12064,"date":"2025-06-23T10:03:27","date_gmt":"2025-06-23T10:03:27","guid":{"rendered":"https:\/\/jackpotgenius.ai\/ai-lottery-random-number-generator-custom-range-step-no-duplicates\/"},"modified":"2025-09-07T14:28:42","modified_gmt":"2025-09-07T14:28:42","slug":"loteria-ai-y-generador-de-numeros-aleatorios","status":"publish","type":"page","link":"https:\/\/jackpotgenius.ai\/es\/loteria-ai-y-generador-de-numeros-aleatorios\/","title":{"rendered":"Loter\u00eda AI y generador de n\u00fameros aleatorios"},"content":{"rendered":"\n<p>Bienvenido al <strong>Generador de N\u00fameros Aleatorios y Loter\u00eda AI<\/strong> de JackpotGenius, su herramienta definitiva para generar n\u00fameros verdaderamente aleatorios o analizados por AI para loter\u00eda, juegos y mucho m\u00e1s Si usted est\u00e1 buscando un r\u00e1pido selector de n\u00fameros de loter\u00eda, un generador de n\u00fameros aleatorios con rango y paso personalizados, o desea analizar n\u00fameros de loter\u00eda calientes y fr\u00edos con inteligencia artificial, usted est\u00e1 en el lugar correcto.<\/p>\n\n\n\n<h2 class=\"wp-block-heading\">\u00bfPor qu\u00e9 utilizar nuestro generador de n\u00fameros aleatorios?<\/h2>\n\n\n\n<p>Nuestro avanzado generador de n\u00fameros aleatorios est\u00e1 dise\u00f1ado para ofrecer la m\u00e1xima flexibilidad y precisi\u00f3n. A diferencia de los generadores b\u00e1sicos, JackpotGenius le permite:<\/p>\n\n\n\n<ul class=\"wp-block-list\">\n<li><strong>Establecer cualquier rango de n\u00fameros<\/strong> (por ejemplo, 1-49, 100-1000, o incluso decimales como 0.1-5.0)<\/li>\n\n\n\n<li><strong>Elegir el valor del paso<\/strong> (por ejemplo, 1, 5, 10, 0,1, etc.)<\/li>\n\n\n\n<li><strong>Genere cualquier cantidad de n\u00fameros a la vez<\/strong><\/li>\n\n\n\n<li><strong>Permitir o denegar n\u00fameros duplicados<\/strong><\/li>\n\n\n\n<li><strong>Elija n\u00fameros para cualquier juego de loter\u00eda<\/strong> (Powerball, Mega Millions, Euromillones, etc.)<\/li>\n\n\n\n<li><strong>Combine an\u00e1lisis de inteligencia artificial para n\u00fameros calientes, fr\u00edos y pronosticados<\/strong><\/li>\n<\/ul>\n\n\n\n<p>Nuestra herramienta es perfecta para jugadores de loter\u00eda, jugadores y cualquiera que necesite n\u00fameros aleatorios personalizados.<\/p>\n\n\n\n<div class=\"wp-block-columns is-layout-flex wp-container-core-columns-is-layout-28f84493 wp-block-columns-is-layout-flex\">\n<div class=\"wp-block-column is-layout-flow wp-block-column-is-layout-flow\"><div class=\"message-box outline\">\n    <label for=\"min_number\">\n        N\u00famero m\u00ednimo    <\/label>\n        <input type=\"number\" step=\"0.1\" class=\"input-text\" name=\"min_number\" id=\"min_number\" value=\"0\" \/>\n\n    <label for=\"max_number\" class=\"pt-1\">\n        N\u00famero m\u00e1ximo    <\/label>\n        <input type=\"number\" step=\"0.1\" class=\"input-text\" name=\"max_number\" id=\"max_number\" value=\"100\" \/>\n\n    <label for=\"step_value\" class=\"pt-1\">\n        Paso        <a href=\"#\" id=\"set-step-05\" class=\"badge\">0.5<\/a>\n        <a href=\"#\" id=\"set-step-1\" class=\"badge\">1<\/a>\n        <a href=\"#\" id=\"set-step-5\" class=\"badge\">5<\/a>\n    <\/label>\n        <input type=\"number\" step=\"0.1\" class=\"input-text\" name=\"step_value\" id=\"step_value\" value=\"1\" \/>\n\n    <label for=\"numbers_to_generate\" class=\"pt-1\">\n        N\u00fameros a generar    <\/label>\n        <input type=\"number\" step=\"1\" class=\"input-text\" name=\"numbers_to_generate\" id=\"numbers_to_generate\" value=\"1\" \/>\n\n    <label for=\"allow_duplicates\" class=\"pt-1\">\n        <input type=\"checkbox\" name=\"allow_duplicates\" id=\"allow_duplicates\" value=\"1\" \/>\n        Permitir n\u00fameros duplicados    <\/label>\n    <button id=\"generate-random-numbers\" class=\"woocommerce-button button-gradient-orange button wp-block-column\">Generar n\u00fameros<\/button>\n    <div id=\"random-numbers-error\" class=\"d-none message-box error mt-1\"><\/div>\n    <div id=\"random-numbers-container\" class=\"random-numbers-container container mt-1 d-none\">\n        <span>N\u00fameros generados:<\/span>\n        <h4 id=\"generated-numbers\" class=\"text-bold\">5<\/h4>\n    <\/div>\n<\/div>\n<\/div>\n\n\n\n<div class=\"wp-block-column is-layout-flow wp-block-column-is-layout-flow\">\n<h2 class=\"wp-block-heading\">C\u00f3mo utilizar el generador de n\u00fameros aleatorios<\/h2>\n\n\n\n<ol class=\"wp-block-list\">\n<li><strong>Establezca su rango:<\/strong><br>Introduzca los valores m\u00ednimo y m\u00e1ximo que desee. Puede utilizar n\u00fameros enteros o decimales para una flexibilidad completa.<\/li>\n\n\n\n<li><strong>Elija el valor del paso:<\/strong><br>Seleccione el incremento entre los n\u00fameros generados (por ejemplo, 1, 5, 0,5, 10).<\/li>\n\n\n\n<li><strong>Seleccione Recuento de n\u00fameros:<\/strong><br>Decida cu\u00e1ntos n\u00fameros quiere generar de una vez.<\/li>\n\n\n\n<li><strong>Permitir o Denegar Duplicados:<\/strong><br>Elija si desea n\u00fameros \u00fanicos o si se permiten duplicados.<\/li>\n\n\n\n<li><strong>Generar n\u00fameros:<\/strong><br>Haga clic en el bot\u00f3n \u00abGenerar\u00bb y vea instant\u00e1neamente sus n\u00fameros aleatorios &#8211; perfecto para sorteos de loter\u00eda, rifas, juegos, o cualquier escenario que necesite aleatoriedad.<\/li>\n\n\n\n<li><strong>Opcional &#8211; An\u00e1lisis AI:<\/strong><br>Para los entusiastas de la loter\u00eda, pruebe nuestras <a href=\"\/\">opciones potenciadas por IA para generar n\u00fameros calientes, fr\u00edos o totalmente analizados por IA para sus juegos de loter\u00eda favoritos<\/a><\/li>\n<\/ol>\n<\/div>\n<\/div>\n\n\n\n<h2 class=\"wp-block-heading\" id=\"why-jackpotgenius-is-the-best-choice\">Por qu\u00e9 JackpotGenius es la mejor opci\u00f3n<\/h2>\n\n\n\n<ul class=\"wp-block-list\">\n<li><strong>Generador de N\u00fameros de Loter\u00eda IA:<\/strong> Aproveche el poder de la inteligencia artificial para analizar sorteos pasados y generar selecciones de loter\u00eda inteligentes.<\/li>\n\n\n\n<li><strong>Generador de N\u00fameros Aleatorios de Loter\u00eda:<\/strong> Obtenga n\u00fameros verdaderamente aleatorios para cualquier loter\u00eda, juego o aplicaci\u00f3n.<\/li>\n\n\n\n<li><strong>Rango y paso personalizados:<\/strong> Sin l\u00edmites: genere n\u00fameros para cualquier escenario, desde sorteos sencillos hasta juegos complejos.<\/li>\n\n\n\n<li><strong>Opci\u00f3n Sin Duplicados:<\/strong> Aseg\u00farese de que sus n\u00fameros son siempre \u00fanicos si lo necesita.<\/li>\n\n\n\n<li><strong>Gratis y F\u00e1cil de Usar:<\/strong> No es necesario registrarse, \u00a1s\u00f3lo tiene que establecer sus preferencias y generar!<\/li>\n<\/ul>\n\n\n\n<h2 class=\"wp-block-heading\">Preguntas Frecuentes<\/h2>\n\n\n<div id=\"rank-math-faq\" class=\"rank-math-block\">\n<div class=\"rank-math-list \">\n<div id=\"faq-question-68ac3b02bb3c2\" class=\"rank-math-list-item\">\n<h3 class=\"rank-math-question \"><strong>\u00bfPuedo usar esto para cualquier loter\u00eda?<\/strong><\/h3>\n<div class=\"rank-math-answer \">\n\n<p>\u00a1Por supuesto! Nuestro generador funciona para <a href=\"https:\/\/jackpotgenius.ai\/es\/loter%C3%ADa\/generar-numeros-de-loteria-de-la-primitiva\/\">La Primitiva<\/a>, <a href=\"https:\/\/jackpotgenius.ai\/es\/loter%C3%ADa\/generar-numeros-de-loteria-euromillones\/\">EuroMilliones<\/a> y cualquier otra loter\u00eda o juego.<\/p>\n\n<\/div>\n<\/div>\n<div id=\"faq-question-68ac3b02bb3c6\" class=\"rank-math-list-item\">\n<h3 class=\"rank-math-question \"><strong>\u00bfEs este un generador de n\u00fameros aleatorios verdadero?<\/strong><\/h3>\n<div class=\"rank-math-answer \">\n\n<p>S\u00ed, nuestra herramienta utiliza algoritmos avanzados para garantizar la aleatoriedad. Para la loter\u00eda, tambi\u00e9n puede utilizar nuestro predictor de loter\u00eda con IA para realizar selecciones m\u00e1s inteligentes.<\/p>\n\n<\/div>\n<\/div>\n<div id=\"faq-question-68ac3b02bb3c7\" class=\"rank-math-list-item\">\n<h3 class=\"rank-math-question \"><strong>\u00bfPuedo generar n\u00fameros con decimales?<\/strong><\/h3>\n<div class=\"rank-math-answer \">\n\n<p>S\u00ed, solo tienes que establecer el valor del paso en un decimal (por ejemplo, 0,1) y disfrutar\u00e1s de una generaci\u00f3n de n\u00fameros flexible.<\/p>\n\n<\/div>\n<\/div>\n<\/div>\n<\/div>\n\n\n<h2 class=\"wp-block-heading\">\u00a1Pruebe el Generador de N\u00fameros Aleatorios y Loter\u00eda de JackpotGenius ahora!<\/h2>\n\n\n\n<p>Si necesita un selector r\u00e1pido de n\u00fameros de loter\u00eda, un generador de n\u00fameros aleatorios con rango y paso personalizados, o quiere aprovechar la IA para predicciones de loter\u00eda, JackpotGenius le tiene cubierto. Genere sus n\u00fameros de la suerte hoy mismo y aumente sus posibilidades con la herramienta m\u00e1s inteligente y flexible en l\u00ednea<br><\/p>\n","protected":false},"excerpt":{"rendered":"<p>Bienvenido al Generador de N\u00fameros Aleatorios y Loter\u00eda AI de JackpotGenius, su herramienta definitiva para generar n\u00fameros verdaderamente aleatorios o analizados por AI para loter\u00eda, juegos y mucho m\u00e1s Si usted est\u00e1 buscando un r\u00e1pido selector de n\u00fameros de loter\u00eda, un generador de n\u00fameros aleatorios con rango y paso personalizados, o desea analizar n\u00fameros de [&hellip;]<\/p>\n","protected":false},"author":1,"featured_media":0,"parent":0,"menu_order":0,"comment_status":"closed","ping_status":"closed","template":"","meta":{"footnotes":""},"class_list":["post-12064","page","type-page","status-publish","hentry"],"blocksy_meta":[],"_links":{"self":[{"href":"https:\/\/jackpotgenius.ai\/es\/wp-json\/wp\/v2\/pages\/12064","targetHints":{"allow":["GET"]}}],"collection":[{"href":"https:\/\/jackpotgenius.ai\/es\/wp-json\/wp\/v2\/pages"}],"about":[{"href":"https:\/\/jackpotgenius.ai\/es\/wp-json\/wp\/v2\/types\/page"}],"author":[{"embeddable":true,"href":"https:\/\/jackpotgenius.ai\/es\/wp-json\/wp\/v2\/users\/1"}],"replies":[{"embeddable":true,"href":"https:\/\/jackpotgenius.ai\/es\/wp-json\/wp\/v2\/comments?post=12064"}],"version-history":[{"count":4,"href":"https:\/\/jackpotgenius.ai\/es\/wp-json\/wp\/v2\/pages\/12064\/revisions"}],"predecessor-version":[{"id":12156,"href":"https:\/\/jackpotgenius.ai\/es\/wp-json\/wp\/v2\/pages\/12064\/revisions\/12156"}],"wp:attachment":[{"href":"https:\/\/jackpotgenius.ai\/es\/wp-json\/wp\/v2\/media?parent=12064"}],"curies":[{"name":"wp","href":"https:\/\/api.w.org\/{rel}","templated":true}]}}