{"id":1434,"date":"2024-06-28T21:19:47","date_gmt":"2024-06-28T21:19:47","guid":{"rendered":"https:\/\/jackpotgenius.ai\/jackpotgenius-io-best-online-casino-bonuses\/"},"modified":"2024-06-28T21:30:39","modified_gmt":"2024-06-28T21:30:39","slug":"jackpotgenius-io-beste-online-kasino-bonusse","status":"publish","type":"page","link":"https:\/\/jackpotgenius.ai\/de\/jackpotgenius-io-beste-online-kasino-bonusse\/","title":{"rendered":"JackpotGenius.io beste Online-Kasino-Bonusse"},"content":{"rendered":"\n<p>Hier finden Sie einen Abschnitt \u00fcber <strong>Online-Casino-Boni,<\/strong> die mit Hilfe von AI handverlesen wurden. Diese Liste enth\u00e4lt eine Vielzahl von Angeboten, darunter Bonusse ohne Einzahlung, Willkommensbonusse (auch bekannt als Anmeldebonusse oder SUBs), exklusive Bonusse, Reload-Bonusse, Freispielbonusse und Treueprogramme. Bevor Sie einen Bonus annehmen, sollten Sie unbedingt die damit verbundenen Bedingungen und Konditionen lesen und verstehen.<\/p>\n\n\n\n<h2 class=\"wp-block-heading\">Online-Kasino-Boni: Ein umfassender Leitfaden<\/h2>\n\n\n\n<p>Online-Casino-Boni sollen neue Spieler anlocken und ihnen die M\u00f6glichkeit geben, die Spiele mit minimalem Risiko auszuprobieren. In den Anf\u00e4ngen der Online-Casino-Branche waren die Boni noch gro\u00dfz\u00fcgiger als heute.<\/p>\n\n\n\n<p>Anfangs konnten die Spieler Geld einzahlen und erhielten einen gleich hohen oder h\u00f6heren Bonusbetrag. Als die Branche jedoch wuchs, stieg auch die Zahl der Spieler und Casinos. Dies f\u00fchrte dazu, dass die Spieler oft von Casino zu Casino wechselten, um die Vorteile der Boni zu nutzen und mit Gewinnen davonzukommen. Infolgedessen wurden die Regeln f\u00fcr Boni versch\u00e4rft.<\/p>\n\n\n\n<p>Heute m\u00fcssen die Spieler bestimmte Umsatzbedingungen erf\u00fcllen, bevor sie ihre Bonusgewinne abheben k\u00f6nnen. Ein Spieler, der zum Beispiel 100 \u20ac einzahlt und einen 100 \u20ac-Bonus mit einer 5-fachen Einsatzanforderung erh\u00e4lt, muss insgesamt 1.000 \u20ac umsetzen, bevor er sich seinen Gewinn auszahlen lassen kann.<\/p>\n\n\n\n<h2 class=\"wp-block-heading\">Bonusarten<\/h2>\n\n\n\n<h3 class=\"wp-block-heading\">Freispiel-Bonus<\/h3>\n\n\n\n<p>Freispiele sind bei Video-Spielautomaten sehr beliebt und erm\u00f6glichen es den Spielern, eine bestimmte Anzahl von Spielen kostenlos zu drehen. Sie sind oft Teil eines Ersteinzahlungsbonus oder spezieller Werbeaktionen. Bei 10 Freispielen im Wert von je 1 \u20ac erh\u00e4lt der Spieler beispielsweise Freispiele im Wert von 10 \u20ac, wobei die Gewinne seinem Casino-Konto gutgeschrieben werden. \u00dcberpr\u00fcfen Sie immer die Allgemeinen Gesch\u00e4ftsbedingungen hinsichtlich der Einsatzbedingungen und maximalen Gewinne.<\/p>\n\n\n\n<h3 class=\"wp-block-heading\">Bonus ohne Einzahlung<\/h3>\n\n\n\n<p>Bonusse ohne Einzahlung erm\u00f6glichen es den Spielern, mit dem Spielen zu beginnen, ohne ihr eigenes Geld zu riskieren. Sie sind zwar weniger verbreitet als fr\u00fcher, werden aber immer noch angeboten. Diese Boni sind oft mit einer Obergrenze f\u00fcr die Gewinne verbunden. Bei einem Bonus von 10 \u20ac ohne Einzahlung liegt die Gewinnobergrenze beispielsweise bei 100 \u20ac. Es k\u00f6nnen auch noch andere Bedingungen und Konditionen gelten.<\/p>\n\n\n\n<h3 class=\"wp-block-heading\">Einzahlungsbonus<\/h3>\n\n\n\n<p>Der h\u00e4ufigste Bonustyp, der Einzahlungsbonus, entspricht einem Prozentsatz der ersten Einzahlung eines Spielers. Er kann zwischen 50 % und 300 % liegen. Bei einem 100%igen Bonus auf eine Einzahlung von 100 \u20ac erh\u00e4lt der Spieler zum Beispiel 100 \u20ac zus\u00e4tzlich.<\/p>\n\n\n\n<h3 class=\"wp-block-heading\">Willkommensbonus<\/h3>\n\n\n\n<p>Willkommensbonusse werden auch als Anmelde- oder Neukundenbonus bezeichnet und sind in der Regel prozentuale Bonusse. Sie k\u00f6nnen zwischen 10 % und 500 % variieren. Bei einem Willkommensbonus von 50 % auf eine Einzahlung von 20 \u20ac erhalten Sie beispielsweise 10 \u20ac zus\u00e4tzlich, w\u00e4hrend Sie bei einem Bonus von 300 % auf dieselbe Einzahlung 60 \u20ac erhalten.<\/p>\n\n\n\n<h3 class=\"wp-block-heading\">Gleicher Bonus<\/h3>\n\n\n\n<p>Match-Bonusse sind ein Prozentsatz des eingezahlten Betrags. Ein 100%iger Match-Bonus bis zu 200 \u20ac bedeutet zum Beispiel, dass Sie bei einer Einzahlung von 200 \u20ac zus\u00e4tzliche 200 \u20ac erhalten. Diese Boni sind oft f\u00fcr neue Spieler gedacht, k\u00f6nnen aber auch f\u00fcr wiederkehrende Spieler verf\u00fcgbar sein.<\/p>\n\n\n\n<h3 class=\"wp-block-heading\">Cashback<\/h3>\n\n\n\n<p>Cashback-Bonusse sind in der Regel Teil eines Treue- oder VIP-Programms und bieten dem Spieler einen bestimmten Prozentsatz seiner Verluste zur\u00fcck. So kann ein Casino zum Beispiel 10 % Cashback auf Verluste am Ende des Monats anbieten.<\/p>\n\n\n\n<h3 class=\"wp-block-heading\">Reload-Bonus<\/h3>\n\n\n\n<p>Reload-Bonusse sind f\u00fcr bestehende Spieler gedacht und bieten einen prozentualen Ausgleich auf nachfolgende Einzahlungen. Sie sind in der Regel niedriger als Ersteinzahlungsboni und haben oft geringere Wettanforderungen. Bei einem 50%igen Reload-Bonus auf eine Einzahlung von 50 \u20ac erhalten Sie zum Beispiel 25 \u20ac zus\u00e4tzlich.<\/p>\n\n\n\n<h3 class=\"wp-block-heading\">High Roller-Bonus<\/h3>\n\n\n\n<p>High Roller-Bonusse sind f\u00fcr Spieler gedacht, die hohe Einzahlungen t\u00e4tigen. Diese Boni sind gro\u00dfz\u00fcgiger und haben oft niedrigere Wettanforderungen. F\u00fcr einen High Roller-Bonus von 100 % bis zu 2.000 \u20ac ist zum Beispiel eine Mindesteinzahlung von 500 \u20ac erforderlich.<\/p>\n\n\n\n<h3 class=\"wp-block-heading\">T\u00e4gliche Boni<\/h3>\n\n\n\n<p>T\u00e4gliche Boni sind kleine Aktionen f\u00fcr regelm\u00e4\u00dfige Spieler, oft mit einer Einzahlungs- oder Wettanforderung. Eine Einzahlung von 10 \u20ac kann beispielsweise zu 20 Freispielen im Wert von je 10p f\u00fchren.<\/p>\n\n\n\n<h3 class=\"wp-block-heading\">Empfehlungsboni<\/h3>\n\n\n\n<p>Empfehlungsboni belohnen Spieler, die neue Mitglieder f\u00fcr das Casino werben. Die Belohnung kann ein fester Betrag oder ein Prozentsatz der ersten Einzahlung des geworbenen Spielers sein. Wenn Sie zum Beispiel einen Freund werben, der 100 \u20ac einzahlt, kann der Werber 25 \u20ac erhalten.<\/p>\n\n\n\n<h3 class=\"wp-block-heading\">VIP-Boni<\/h3>\n\n\n\n<p>VIP-Spieler kommen in den Genuss von exklusiven Boni wie Freispielen und Einzahlungsboni mit niedrigeren Einsatzanforderungen. Zu den VIP-Verg\u00fcnstigungen k\u00f6nnen spezielle Kontoverwalter, schnellere Auszahlungen, h\u00f6here Limits und sogar materielle Belohnungen wie Luxusuhren oder Urlaubsreisen geh\u00f6ren.<\/p>\n\n\n\n<h3 class=\"wp-block-heading\">Mobile Boni<\/h3>\n\n\n\n<p>Mobile Boni sind f\u00fcr Spieler verf\u00fcgbar, die sich \u00fcber mobile Ger\u00e4te anmelden. Diese Boni sind den regul\u00e4ren Boni \u00e4hnlich, erfordern aber, dass der Spieler die mobile App des Casinos herunterl\u00e4dt. So kann ein Spieler beispielsweise einen Bonus f\u00fcr die Registrierung \u00fcber den Desktop und einen zus\u00e4tzlichen Bonus f\u00fcr das Herunterladen der mobilen App erhalten.<\/p>\n\n\n\n<p>Die Kenntnis dieser Boni und ihrer Bedingungen ist entscheidend, um die Vorteile zu maximieren und die Risiken des Online-Casinospiels zu beherrschen.<\/p>\n","protected":false},"excerpt":{"rendered":"<p>Hier finden Sie einen Abschnitt \u00fcber Online-Casino-Boni, die mit Hilfe von AI handverlesen wurden. Diese Liste enth\u00e4lt eine Vielzahl von Angeboten, darunter Bonusse ohne Einzahlung, Willkommensbonusse (auch bekannt als Anmeldebonusse oder SUBs), exklusive Bonusse, Reload-Bonusse, Freispielbonusse und Treueprogramme. Bevor Sie einen Bonus annehmen, sollten Sie unbedingt die damit verbundenen Bedingungen und Konditionen lesen und verstehen. [&hellip;]<\/p>\n","protected":false},"author":1,"featured_media":0,"parent":0,"menu_order":0,"comment_status":"closed","ping_status":"closed","template":"","meta":{"footnotes":""},"class_list":["post-1434","page","type-page","status-publish","hentry"],"blocksy_meta":[],"_links":{"self":[{"href":"https:\/\/jackpotgenius.ai\/de\/wp-json\/wp\/v2\/pages\/1434","targetHints":{"allow":["GET"]}}],"collection":[{"href":"https:\/\/jackpotgenius.ai\/de\/wp-json\/wp\/v2\/pages"}],"about":[{"href":"https:\/\/jackpotgenius.ai\/de\/wp-json\/wp\/v2\/types\/page"}],"author":[{"embeddable":true,"href":"https:\/\/jackpotgenius.ai\/de\/wp-json\/wp\/v2\/users\/1"}],"replies":[{"embeddable":true,"href":"https:\/\/jackpotgenius.ai\/de\/wp-json\/wp\/v2\/comments?post=1434"}],"version-history":[{"count":0,"href":"https:\/\/jackpotgenius.ai\/de\/wp-json\/wp\/v2\/pages\/1434\/revisions"}],"wp:attachment":[{"href":"https:\/\/jackpotgenius.ai\/de\/wp-json\/wp\/v2\/media?parent=1434"}],"curies":[{"name":"wp","href":"https:\/\/api.w.org\/{rel}","templated":true}]}}