{"id":12060,"date":"2025-06-23T10:03:27","date_gmt":"2025-06-23T10:03:27","guid":{"rendered":"https:\/\/jackpotgenius.ai\/ai-lottery-random-number-generator-custom-range-step-no-duplicates\/"},"modified":"2025-09-07T13:57:34","modified_gmt":"2025-09-07T13:57:34","slug":"ai-lotterie-zufallszahlengenerator","status":"publish","type":"page","link":"https:\/\/jackpotgenius.ai\/de\/ai-lotterie-zufallszahlengenerator\/","title":{"rendered":"AI Lotterie &amp; Zufallszahlengenerator"},"content":{"rendered":"\n<p>Willkommen beim <strong>KI-Lotterie- und Zufallszahlengenerator<\/strong> von JackpotGenius, Ihrem ultimativen Werkzeug zur Generierung von echten Zufallszahlen oder KI-analysierten Zahlen f\u00fcr Lotterie, Gl\u00fccksspiel und mehr! Egal, ob Sie einen schnellen Lottozahlengenerator suchen, einen Zufallszahlengenerator mit benutzerdefiniertem Bereich und Schritt, oder ob Sie hei\u00dfe und kalte Lottozahlen mit k\u00fcnstlicher Intelligenz analysieren m\u00f6chten, Sie sind hier richtig.<\/p>\n\n\n\n<h2 class=\"wp-block-heading\">Warum unseren Zufallszahlengenerator verwenden?<\/h2>\n\n\n\n<p>Unser fortschrittlicher Zufallszahlengenerator ist auf maximale Flexibilit\u00e4t und Genauigkeit ausgelegt. Im Gegensatz zu einfachen Generatoren k\u00f6nnen Sie mit JackpotGenius:<\/p>\n\n\n\n<ul class=\"wp-block-list\">\n<li><strong>Einen beliebigen Zahlenbereich einstellen<\/strong> (z.B. 1-49, 100-1000, oder sogar Dezimalzahlen wie 0,1-5,0)<\/li>\n\n\n\n<li><strong>W\u00e4hlen Sie Ihren Schrittwert<\/strong> (z.B. 1, 5, 10, 0,1, etc.)<\/li>\n\n\n\n<li><strong>Erzeugen Sie eine beliebige Anzahl von Zahlen auf einmal<\/strong><\/li>\n\n\n\n<li><strong>Erlauben oder verweigern Sie doppelte Zahlen<\/strong><\/li>\n\n\n\n<li><strong>W\u00e4hlen Sie Zahlen f\u00fcr jedes Lotteriespiel<\/strong> (Powerball, Mega Millions, EuroMillions und mehr)<\/li>\n\n\n\n<li><strong>Kombinieren Sie AI-Analysen f\u00fcr hei\u00dfe, kalte und vorhergesagte Zahlen<\/strong><\/li>\n<\/ul>\n\n\n\n<p>Ganz gleich, ob Sie reine Zufallszahlen oder KI-gest\u00fctzte Vorhersagen w\u00fcnschen, unser Tool ist perfekt f\u00fcr Lottospieler, Gamer und alle, die individuelle Zufallszahlen ben\u00f6tigen.<\/p>\n\n\n\n<div class=\"wp-block-columns is-layout-flex wp-container-core-columns-is-layout-28f84493 wp-block-columns-is-layout-flex\">\n<div class=\"wp-block-column is-layout-flow wp-block-column-is-layout-flow\"><div class=\"message-box outline\">\n    <label for=\"min_number\">\n        Mindestzahl    <\/label>\n        <input type=\"number\" step=\"0.1\" class=\"input-text\" name=\"min_number\" id=\"min_number\" value=\"0\" \/>\n\n    <label for=\"max_number\" class=\"pt-1\">\n        H\u00f6chstzahl    <\/label>\n        <input type=\"number\" step=\"0.1\" class=\"input-text\" name=\"max_number\" id=\"max_number\" value=\"100\" \/>\n\n    <label for=\"step_value\" class=\"pt-1\">\n        Schritt        <a href=\"#\" id=\"set-step-05\" class=\"badge\">0.5<\/a>\n        <a href=\"#\" id=\"set-step-1\" class=\"badge\">1<\/a>\n        <a href=\"#\" id=\"set-step-5\" class=\"badge\">5<\/a>\n    <\/label>\n        <input type=\"number\" step=\"0.1\" class=\"input-text\" name=\"step_value\" id=\"step_value\" value=\"1\" \/>\n\n    <label for=\"numbers_to_generate\" class=\"pt-1\">\n        Anzahl der zu generierenden Zahlen    <\/label>\n        <input type=\"number\" step=\"1\" class=\"input-text\" name=\"numbers_to_generate\" id=\"numbers_to_generate\" value=\"1\" \/>\n\n    <label for=\"allow_duplicates\" class=\"pt-1\">\n        <input type=\"checkbox\" name=\"allow_duplicates\" id=\"allow_duplicates\" value=\"1\" \/>\n        Doppelte Zahlen erlauben    <\/label>\n    <button id=\"generate-random-numbers\" class=\"woocommerce-button button-gradient-orange button wp-block-column\">Zahlen generieren<\/button>\n    <div id=\"random-numbers-error\" class=\"d-none message-box error mt-1\"><\/div>\n    <div id=\"random-numbers-container\" class=\"random-numbers-container container mt-1 d-none\">\n        <span>Generierte Zahlen:<\/span>\n        <h4 id=\"generated-numbers\" class=\"text-bold\">5<\/h4>\n    <\/div>\n<\/div>\n<\/div>\n\n\n\n<div class=\"wp-block-column is-layout-flow wp-block-column-is-layout-flow\">\n<h2 class=\"wp-block-heading\">So verwenden Sie den Zufallszahlengenerator<\/h2>\n\n\n\n<ol class=\"wp-block-list\">\n<li><strong>Legen Sie Ihren Bereich fest:<\/strong><br>Geben Sie die gew\u00fcnschten Mindest- und H\u00f6chstwerte ein. Sie k\u00f6nnen ganze Zahlen oder Dezimalzahlen verwenden, um v\u00f6llig flexibel zu sein.<\/li>\n\n\n\n<li><strong>W\u00e4hlen Sie den Schrittwert:<\/strong><br>W\u00e4hlen Sie die Schrittweite zwischen den generierten Zahlen (z. B. 1, 5, 0,5, 10).<\/li>\n\n\n\n<li><strong>W\u00e4hlen Sie die Anzahl der Zahlen:<\/strong><br>Entscheiden Sie, wie viele Zahlen Sie in einem Durchgang generieren m\u00f6chten.<\/li>\n\n\n\n<li><strong>Duplikate zulassen oder verweigern:<\/strong><br>W\u00e4hlen Sie, ob Sie eindeutige Nummern w\u00fcnschen oder ob Duplikate erlaubt sind.<\/li>\n\n\n\n<li><strong>Zahlen generieren:<\/strong><br>Klicken Sie auf die Schaltfl\u00e4che &#8222;Generieren&#8220; und sehen Sie sofort Ihre Zufallszahlen &#8211; perfekt f\u00fcr Lotterien, Verlosungen, Spiele oder andere Szenarien, die eine Zufallsgenerierung erfordern.<\/li>\n\n\n\n<li><strong>Optional &#8211; KI-Analyse:<\/strong><br>F\u00fcr Lotterie-Enthusiasten: Probieren Sie unsere <a href=\"https:\/\/jackpotgenius.ai\/de\/lotterie\/\">KI-gesteuerten Optionen aus, um hei\u00dfe, kalte oder vollst\u00e4ndig KI-analysierte Zahlen f\u00fcr Ihre Lieblingslotteriespiele zu generieren!<\/a><\/li>\n<\/ol>\n<\/div>\n<\/div>\n\n\n\n<h2 class=\"wp-block-heading\" id=\"why-jackpotgenius-is-the-best-choice\">Warum JackpotGenius die beste Wahl ist<\/h2>\n\n\n\n<ul class=\"wp-block-list\">\n<li><strong>AI Lottozahlen-Generator:<\/strong> Nutzen Sie die Kraft der k\u00fcnstlichen Intelligenz, um vergangene Ziehungen zu analysieren und intelligente Lottozahlen zu generieren.<\/li>\n\n\n\n<li><strong>Zufallsgenerator f\u00fcr Lottozahlen:<\/strong> Erhalten Sie echte Zufallszahlen f\u00fcr jede Lotterie, jedes Spiel oder jede Anwendung.<\/li>\n\n\n\n<li><strong>Benutzerdefinierter Bereich und Schritt:<\/strong> Keine Grenzen &#8211; generieren Sie Zahlen f\u00fcr jedes Szenario, von einfachen Ziehungen bis hin zu komplexen Spielen.<\/li>\n\n\n\n<li><strong>Keine Duplikate Option:<\/strong> Stellen Sie sicher, dass Ihre Zahlen immer einzigartig sind, wenn Sie es brauchen.<\/li>\n\n\n\n<li><strong>Kostenlos und einfach zu benutzen:<\/strong> Keine Registrierung erforderlich &#8211; legen Sie einfach Ihre Einstellungen fest und generieren Sie!<\/li>\n<\/ul>\n\n\n\n<h2 class=\"wp-block-heading\">H\u00e4ufig gestellte Fragen<\/h2>\n\n\n<div id=\"rank-math-faq\" class=\"rank-math-block\">\n<div class=\"rank-math-list \">\n<div id=\"faq-question-68ac3b02bb3c2\" class=\"rank-math-list-item\">\n<h3 class=\"rank-math-question \"><strong>Kann ich das f\u00fcr jede Lotterie verwenden?<\/strong><\/h3>\n<div class=\"rank-math-answer \">\n\n<p>Selbstverst\u00e4ndlich! Unser Generator funktioniert f\u00fcr <a href=\"https:\/\/jackpotgenius.ai\/de\/lotterie\/generate-powerball-lottery-numbers\/\">Powerball<\/a>, <a href=\"https:\/\/jackpotgenius.ai\/de\/lotterie\/generate-mega-millions-numbers\/\">Mega Millions<\/a>, <a href=\"https:\/\/jackpotgenius.ai\/de\/lotterie\/generieren-sie-euromillions-lottozahlen\/\">EuroMillions<\/a> und jede andere Lotterie oder jedes andere Spiel.<\/p>\n\n<\/div>\n<\/div>\n<div id=\"faq-question-68ac3b02bb3c6\" class=\"rank-math-list-item\">\n<h3 class=\"rank-math-question \"><strong>Ist dies ein echter Zufallszahlengenerator?<\/strong><\/h3>\n<div class=\"rank-math-answer \">\n\n<p>Ja, unser Tool verwendet fortschrittliche Algorithmen, um Zuf\u00e4lligkeit zu gew\u00e4hrleisten. F\u00fcr Lotterien k\u00f6nnen Sie auch unseren KI-Lotterie-Vorhersageger\u00e4t f\u00fcr intelligentere Tipps verwenden.<\/p>\n\n<\/div>\n<\/div>\n<div id=\"faq-question-68ac3b02bb3c7\" class=\"rank-math-list-item\">\n<h3 class=\"rank-math-question \"><strong>Kann ich Zahlen mit Dezimalstellen generieren?<\/strong><\/h3>\n<div class=\"rank-math-answer \">\n\n<p>Ja, setzen Sie einfach Ihren Schrittwert auf eine Dezimalstelle (z. B. 0,1) und genie\u00dfen Sie die flexible Zahlengenerierung.<\/p>\n\n<\/div>\n<\/div>\n<\/div>\n<\/div>\n\n\n<h2 class=\"wp-block-heading\">Testen Sie jetzt den KI-Lotterie- und Zufallszahlengenerator von JackpotGenius!<\/h2>\n\n\n\n<p>Ganz gleich, ob Sie einen schnellen Lottozahlen-Picker ben\u00f6tigen, einen Zufallszahlengenerator mit benutzerdefiniertem Bereich und Schrittweite, oder ob Sie KI f\u00fcr Lotterievorhersagen nutzen m\u00f6chten, JackpotGenius hat alles f\u00fcr Sie. Generieren Sie noch heute Ihre Gl\u00fcckszahlen und erh\u00f6hen Sie Ihre Chancen mit dem intelligentesten und flexibelsten Tool im Internet!<br><\/p>\n","protected":false},"excerpt":{"rendered":"<p>Willkommen beim KI-Lotterie- und Zufallszahlengenerator von JackpotGenius, Ihrem ultimativen Werkzeug zur Generierung von echten Zufallszahlen oder KI-analysierten Zahlen f\u00fcr Lotterie, Gl\u00fccksspiel und mehr! Egal, ob Sie einen schnellen Lottozahlengenerator suchen, einen Zufallszahlengenerator mit benutzerdefiniertem Bereich und Schritt, oder ob Sie hei\u00dfe und kalte Lottozahlen mit k\u00fcnstlicher Intelligenz analysieren m\u00f6chten, Sie sind hier richtig. Warum unseren [&hellip;]<\/p>\n","protected":false},"author":1,"featured_media":0,"parent":0,"menu_order":0,"comment_status":"closed","ping_status":"closed","template":"","meta":{"footnotes":""},"class_list":["post-12060","page","type-page","status-publish","hentry"],"blocksy_meta":[],"_links":{"self":[{"href":"https:\/\/jackpotgenius.ai\/de\/wp-json\/wp\/v2\/pages\/12060","targetHints":{"allow":["GET"]}}],"collection":[{"href":"https:\/\/jackpotgenius.ai\/de\/wp-json\/wp\/v2\/pages"}],"about":[{"href":"https:\/\/jackpotgenius.ai\/de\/wp-json\/wp\/v2\/types\/page"}],"author":[{"embeddable":true,"href":"https:\/\/jackpotgenius.ai\/de\/wp-json\/wp\/v2\/users\/1"}],"replies":[{"embeddable":true,"href":"https:\/\/jackpotgenius.ai\/de\/wp-json\/wp\/v2\/comments?post=12060"}],"version-history":[{"count":2,"href":"https:\/\/jackpotgenius.ai\/de\/wp-json\/wp\/v2\/pages\/12060\/revisions"}],"predecessor-version":[{"id":12083,"href":"https:\/\/jackpotgenius.ai\/de\/wp-json\/wp\/v2\/pages\/12060\/revisions\/12083"}],"wp:attachment":[{"href":"https:\/\/jackpotgenius.ai\/de\/wp-json\/wp\/v2\/media?parent=12060"}],"curies":[{"name":"wp","href":"https:\/\/api.w.org\/{rel}","templated":true}]}}